{"id":2586,"date":"2025-10-10T11:55:06","date_gmt":"2025-10-10T11:55:06","guid":{"rendered":"https:\/\/www.vivi-litalia.it\/?page_id=2586"},"modified":"2025-12-11T11:44:33","modified_gmt":"2025-12-11T11:44:33","slug":"unbekanntes-mittelitalien-marken-und-abruzzen","status":"publish","type":"page","link":"https:\/\/www.vivi-litalia.it\/en\/unbekanntes-mittelitalien-marken-und-abruzzen\/","title":{"rendered":"Unknown Central Italy: Marche and Abruzzo"},"content":{"rendered":"<div data-elementor-type=\"wp-page\" data-elementor-id=\"2586\" class=\"elementor elementor-2586\" data-elementor-post-type=\"page\">\n\t\t\t\t<div class=\"elementor-element elementor-element-dd12931 e-con-full e-flex e-con e-parent\" data-id=\"dd12931\" data-element_type=\"container\" data-e-type=\"container\" data-settings=\"{&quot;background_background&quot;:&quot;classic&quot;}\">\n\t\t<div class=\"elementor-element elementor-element-1ca71e9 e-con-full e-flex e-con e-child\" data-id=\"1ca71e9\" data-element_type=\"container\" data-e-type=\"container\" data-settings=\"{&quot;background_background&quot;:&quot;classic&quot;}\">\n\t\t\t\t<\/div>\n\t\t\t\t<\/div>\n\t\t<div class=\"elementor-element elementor-element-fa5da61 e-flex e-con-boxed e-con e-parent\" data-id=\"fa5da61\" data-element_type=\"container\" data-e-type=\"container\">\n\t\t\t\t\t<div class=\"e-con-inner\">\n\t\t<div class=\"elementor-element elementor-element-4e73926 e-con-full e-flex e-con e-child\" data-id=\"4e73926\" data-element_type=\"container\" data-e-type=\"container\">\n\t\t\t\t<div class=\"elementor-element elementor-element-e3d28f5 elementor-widget elementor-widget-heading\" data-id=\"e3d28f5\" data-element_type=\"widget\" data-e-type=\"widget\" data-widget_type=\"heading.default\">\n\t\t\t\t<div class=\"elementor-widget-container\">\n\t\t\t\t\t<h1 class=\"elementor-heading-title elementor-size-default\">Unknown Central Italy: Marche and Abruzzo<\/h1>\t\t\t\t<\/div>\n\t\t\t\t<\/div>\n\t\t\t\t<div class=\"elementor-element elementor-element-5fe12d4 elementor-widget__width-initial elementor-widget elementor-widget-text-editor\" data-id=\"5fe12d4\" data-element_type=\"widget\" data-e-type=\"widget\" data-widget_type=\"text-editor.default\">\n\t\t\t\t<div class=\"elementor-widget-container\">\n\t\t\t\t\t\t\t\t\t<p class=\"p1\">Bus trip 7 days \/ 6 nights<\/p>\t\t\t\t\t\t\t\t<\/div>\n\t\t\t\t<\/div>\n\t\t<div class=\"elementor-element elementor-element-547931d e-con-full e-flex e-con e-child\" data-id=\"547931d\" data-element_type=\"container\" data-e-type=\"container\">\n\t\t\t\t<div class=\"elementor-element elementor-element-82eec2f elementor-widget elementor-widget-timeline-widget-addon\" data-id=\"82eec2f\" data-element_type=\"widget\" data-e-type=\"widget\" data-widget_type=\"timeline-widget-addon.default\">\n\t\t\t\t<div class=\"elementor-widget-container\">\n\t\t\t\t\t<!-- ========= Timeline Widget Addon For Elementor 1.6.24 ========= -->\n<div id=\"twae-wrapper-82eec2f\" class=\"twae-vertical twae-wrapper  twae-both-sided\">   \n    <div class=\"twae-start\"><\/div>    \n    <div id=\"twea-timeline-82eec2f\" class=\"twae-timeline\" ><!-- Start of Story Repeater Content --><div id=\"story-3834dd2\" class=\"twae-story twae-repeater-item twae-story-right twae-story-no-icon\"><!-- Story Icon --><div class=\"twae-icon\"><i aria-hidden=\"true\" class=\"far fa-calendar-alt\"><\/i><\/div><!-- Story Arrow --><div class=\"twae-arrow\"><\/div><!-- Start of Story Content --><div class=\"twae-content\"><!-- Story Title --><div class=\"twae-title\">Day 1: Arrival<\/div><!-- Story Description --><div class=\"twae-description\"><p class=\"p1\">Arrival in or around Ancona. Check-in, welcome cocktail, dinner, and overnight stay.<\/p><\/div><\/div><\/div><!-- Start of Story Repeater Content --><div id=\"story-a71e017\" class=\"twae-story twae-repeater-item twae-story-left twae-story-no-icon\"><!-- Story Icon --><div class=\"twae-icon\"><i aria-hidden=\"true\" class=\"far fa-calendar-alt\"><\/i><\/div><!-- Story Arrow --><div class=\"twae-arrow\"><\/div><!-- Start of Story Content --><div class=\"twae-content\"><!-- Story Title --><div class=\"twae-title\">Day 2: Pesaro \u2013 Urbino<\/div><!-- Story Description --><div class=\"twae-description\"><p data-start=\"121\" data-end=\"547\">Drive to Pesaro, the birthplace of composer Gioacchino Rossini, with highlights such as the Cathedral, Villa Ruggeri and Rossini\u2019s house. Continue to Urbino, a UNESCO World Heritage Site and Renaissance gem. Under Duke Federico da Montefeltro, Urbino became a centre of art and culture. Don\u2019t miss the Ducal Palace, the Cathedral and Raphael\u2019s birthplace.<\/p><\/div><\/div><\/div><!-- Start of Story Repeater Content --><div id=\"story-ed9235f\" class=\"twae-story twae-repeater-item twae-story-right twae-story-no-icon\"><!-- Story Icon --><div class=\"twae-icon\"><i aria-hidden=\"true\" class=\"far fa-calendar-alt\"><\/i><\/div><!-- Story Arrow --><div class=\"twae-arrow\"><\/div><!-- Start of Story Content --><div class=\"twae-content\"><!-- Story Title --><div class=\"twae-title\">Day 3: Ancona \u2013 Jesi<\/div><!-- Story Description --><div class=\"twae-description\"><p data-start=\"124\" data-end=\"585\">Short visit to Ancona, whose harbour has been a vital trade centre since ancient times. Stroll through the old town to see San Ciriaco Cathedral and the remains of a Roman amphitheatre. Continue to Jesi, the wine capital of the Marche and birthplace of Emperor Frederick II. The walled historic centre features the elegant Palazzo della Signoria and the Pergolesi Theatre.<\/p><\/div><\/div><\/div><!-- Start of Story Repeater Content --><div id=\"story-2484598\" class=\"twae-story twae-repeater-item twae-story-left twae-story-no-icon\"><!-- Story Icon --><div class=\"twae-icon\"><i aria-hidden=\"true\" class=\"far fa-calendar-alt\"><\/i><\/div><!-- Story Arrow --><div class=\"twae-arrow\"><\/div><!-- Start of Story Content --><div class=\"twae-content\"><!-- Story Title --><div class=\"twae-title\">Day 4: Loreto \u2013 Macerata \u2013 Ascoli Piceno<\/div><!-- Story Description --><div class=\"twae-description\"><p data-start=\"124\" data-end=\"561\">Visit the pilgrimage town of Loreto with its \u201cSanta Casa,\u201d encased in marble in the 16th century by order of Pope Julius II. Continue to Macerata for a walk through the old town and the Piazza della Libert\u00e0 with the Palazzo dei Diamanti. Then on to Ascoli Piceno, a charming town surrounded by rivers and medieval walls. Enjoy the lively Piazza del Popolo and a coffee at the historic \u201cCaff\u00e8 Meletti.\u201d Visit San Emidio Cathedral and Palazzo Comunale before continuing to Pescara for dinner and overnight stay.<\/p><\/div><\/div><\/div><!-- Start of Story Repeater Content --><div id=\"story-050af11\" class=\"twae-story twae-repeater-item twae-story-right twae-story-no-icon\"><!-- Story Icon --><div class=\"twae-icon\"><i aria-hidden=\"true\" class=\"far fa-calendar-alt\"><\/i><\/div><!-- Story Arrow --><div class=\"twae-arrow\"><\/div><!-- Start of Story Content --><div class=\"twae-content\"><!-- Story Title --><div class=\"twae-title\">Day 5: Gran Sasso massif - L\u2019Aquila<\/div><!-- Story Description --><div class=\"twae-description\"><p data-start=\"112\" data-end=\"558\">Scenic drive through the Gran Sasso massif via Prati di Tivo and Teramo. Visit L\u2019Aquila, the capital of Abruzzo, and admire the famous \u201cFontana delle 99 Cannelle,\u201d the 16th-century fortress housing the National Museum, and the Romanesque-Gothic church of Santa Maria di Collemaggio. Return to the hotel for dinner and overnight stay.<\/p><\/div><\/div><\/div><!-- Start of Story Repeater Content --><div id=\"story-c7501a3\" class=\"twae-story twae-repeater-item twae-story-left twae-story-no-icon\"><!-- Story Icon --><div class=\"twae-icon\"><i aria-hidden=\"true\" class=\"far fa-calendar-alt\"><\/i><\/div><!-- Story Arrow --><div class=\"twae-arrow\"><\/div><!-- Start of Story Content --><div class=\"twae-content\"><!-- Story Title --><div class=\"twae-title\">Day 6: Chieti \u2013 San Clemente a Casaunia \u2013 Sulmona<\/div><!-- Story Description --><div class=\"twae-description\"><p data-start=\"121\" data-end=\"607\">Drive to Chieti with an optional visit to the National Archaeological Museum, home to the famous statue of the Warrior of Capestrano. Continue to the Cistercian church of San Clemente a Casauria and enjoy a picnic at the Pescara spring, a WWF nature reserve. Proceed to Sulmona, birthplace of the poet Ovid and now famous for its colourful sugared almonds, the \u201cConfetti.\u201d Return to the hotel for dinner and overnight stay.<\/p><\/div><\/div><\/div><!-- Start of Story Repeater Content --><div id=\"story-a124032\" class=\"twae-story twae-repeater-item twae-story-right twae-story-no-icon\"><!-- Story Icon --><div class=\"twae-icon\"><i aria-hidden=\"true\" class=\"far fa-calendar-alt\"><\/i><\/div><!-- Story Arrow --><div class=\"twae-arrow\"><\/div><!-- Start of Story Content --><div class=\"twae-content\"><!-- Story Title --><div class=\"twae-title\">Day 7: Return home<\/div><!-- Story Description --><div class=\"twae-description\"><p class=\"p1\">Breakfast at the hotel and journey home.<\/p><\/div><\/div><\/div><\/div>\n    <div class=\"twae-end\"><\/div>\n    <\/div><style type=\"text\/css\">@media (max-width: 1024px){ .twae-wrapper{--tw-ybx-size: 80px !important;}}@media (max-width: 767px){ .twae-wrapper{--tw-ybx-size: 80px !important}}<\/style>\t\t\t\t<\/div>\n\t\t\t\t<\/div>\n\t\t\t\t<\/div>\n\t\t\t\t<\/div>\n\t\t\t\t\t<\/div>\n\t\t\t\t<\/div>\n\t\t\t\t<\/div>","protected":false},"excerpt":{"rendered":"<p>Unbekanntes Mittelitalien: Marken und Abruzzen Busreise 7 Tage \/ 6 \u00dcbernachtungen 1.Tag: Ankunft Ankunft in oder im Raum Ancona. Check-In, Begr\u00fc\u00dfungscocktail, Abendessen und \u00dcbernachtung. 2. Tag: Pesaro \u2013 Urbino Fahrt nach Pesaro, Stadt des Komponisten Gioacchino Rossini, mit Sehensw\u00fcrdigkeiten wie der Kathedrale, der Villa Ruggeri und Rossinis Geburtshaus. Weiter nach Urbino, UNESCO-Welterbe und Juwel der [&hellip;]<\/p>\n","protected":false},"author":1,"featured_media":0,"parent":0,"menu_order":0,"comment_status":"closed","ping_status":"closed","template":"","meta":{"footnotes":""},"class_list":["post-2586","page","type-page","status-publish","hentry"],"yoast_head":"<!-- This site is optimized with the Yoast SEO plugin v27.4 - https:\/\/yoast.com\/product\/yoast-seo-wordpress\/ -->\n<title>Rundreise Marken &amp; Abruzzen \u2013 Kultur &amp; Natur | Vivitalia<\/title>\n<meta name=\"description\" content=\"Rundreise Marken &amp; Abruzzen \u2013 entdecken Sie Mittelitalien mit Kultur, Geschichte &amp; Natur. Authentisch reisen mit Vivitalia.\" \/>\n<meta name=\"robots\" content=\"index, follow, max-snippet:-1, max-image-preview:large, max-video-preview:-1\" \/>\n<link rel=\"canonical\" href=\"https:\/\/www.vivi-litalia.it\/en\/unbekanntes-mittelitalien-marken-und-abruzzen\/\" \/>\n<meta property=\"og:locale\" content=\"en_GB\" \/>\n<meta property=\"og:type\" content=\"article\" \/>\n<meta property=\"og:title\" content=\"Rundreise Marken &amp; Abruzzen \u2013 Kultur &amp; Natur | Vivitalia\" \/>\n<meta property=\"og:description\" content=\"Rundreise Marken &amp; Abruzzen \u2013 entdecken Sie Mittelitalien mit Kultur, Geschichte &amp; Natur. Authentisch reisen mit Vivitalia.\" \/>\n<meta property=\"og:url\" content=\"https:\/\/www.vivi-litalia.it\/en\/unbekanntes-mittelitalien-marken-und-abruzzen\/\" \/>\n<meta property=\"og:site_name\" content=\"Vivi l&#039;Italia\" \/>\n<meta property=\"article:modified_time\" content=\"2025-12-11T11:44:33+00:00\" \/>\n<meta name=\"twitter:card\" content=\"summary_large_image\" \/>\n<meta name=\"twitter:label1\" content=\"Estimated reading time\" \/>\n\t<meta name=\"twitter:data1\" content=\"2 minutes\" \/>\n<script type=\"application\/ld+json\" class=\"yoast-schema-graph\">{\"@context\":\"https:\\\/\\\/schema.org\",\"@graph\":[{\"@type\":\"WebPage\",\"@id\":\"https:\\\/\\\/www.vivi-litalia.it\\\/unbekanntes-mittelitalien-marken-und-abruzzen\\\/\",\"url\":\"https:\\\/\\\/www.vivi-litalia.it\\\/unbekanntes-mittelitalien-marken-und-abruzzen\\\/\",\"name\":\"Rundreise Marken & Abruzzen \u2013 Kultur & Natur | Vivitalia\",\"isPartOf\":{\"@id\":\"https:\\\/\\\/www.vivi-litalia.it\\\/#website\"},\"datePublished\":\"2025-10-10T11:55:06+00:00\",\"dateModified\":\"2025-12-11T11:44:33+00:00\",\"description\":\"Rundreise Marken & Abruzzen \u2013 entdecken Sie Mittelitalien mit Kultur, Geschichte & Natur. Authentisch reisen mit Vivitalia.\",\"breadcrumb\":{\"@id\":\"https:\\\/\\\/www.vivi-litalia.it\\\/unbekanntes-mittelitalien-marken-und-abruzzen\\\/#breadcrumb\"},\"inLanguage\":\"en-GB\",\"potentialAction\":[{\"@type\":\"ReadAction\",\"target\":[\"https:\\\/\\\/www.vivi-litalia.it\\\/unbekanntes-mittelitalien-marken-und-abruzzen\\\/\"]}]},{\"@type\":\"BreadcrumbList\",\"@id\":\"https:\\\/\\\/www.vivi-litalia.it\\\/unbekanntes-mittelitalien-marken-und-abruzzen\\\/#breadcrumb\",\"itemListElement\":[{\"@type\":\"ListItem\",\"position\":1,\"name\":\"Startseite\",\"item\":\"https:\\\/\\\/www.vivi-litalia.it\\\/\"},{\"@type\":\"ListItem\",\"position\":2,\"name\":\"Unbekanntes Mittelitalien: Marken und Abruzzen\"}]},{\"@type\":\"WebSite\",\"@id\":\"https:\\\/\\\/www.vivi-litalia.it\\\/#website\",\"url\":\"https:\\\/\\\/www.vivi-litalia.it\\\/\",\"name\":\"Vivi l'Italia\",\"description\":\"Italien Erleben\",\"publisher\":{\"@id\":\"https:\\\/\\\/www.vivi-litalia.it\\\/#organization\"},\"potentialAction\":[{\"@type\":\"SearchAction\",\"target\":{\"@type\":\"EntryPoint\",\"urlTemplate\":\"https:\\\/\\\/www.vivi-litalia.it\\\/?s={search_term_string}\"},\"query-input\":{\"@type\":\"PropertyValueSpecification\",\"valueRequired\":true,\"valueName\":\"search_term_string\"}}],\"inLanguage\":\"en-GB\"},{\"@type\":\"Organization\",\"@id\":\"https:\\\/\\\/www.vivi-litalia.it\\\/#organization\",\"name\":\"Vivi l'Italia\",\"url\":\"https:\\\/\\\/www.vivi-litalia.it\\\/\",\"logo\":{\"@type\":\"ImageObject\",\"inLanguage\":\"en-GB\",\"@id\":\"https:\\\/\\\/www.vivi-litalia.it\\\/#\\\/schema\\\/logo\\\/image\\\/\",\"url\":\"https:\\\/\\\/www.vivi-litalia.it\\\/wp-content\\\/uploads\\\/2025\\\/08\\\/Color-logo_no-background-1-scaled.png\",\"contentUrl\":\"https:\\\/\\\/www.vivi-litalia.it\\\/wp-content\\\/uploads\\\/2025\\\/08\\\/Color-logo_no-background-1-scaled.png\",\"width\":2560,\"height\":1186,\"caption\":\"Vivi l'Italia\"},\"image\":{\"@id\":\"https:\\\/\\\/www.vivi-litalia.it\\\/#\\\/schema\\\/logo\\\/image\\\/\"}}]}<\/script>\n<!-- \/ Yoast SEO plugin. -->","yoast_head_json":{"title":"Rundreise Marken & Abruzzen \u2013 Kultur & Natur | Vivitalia","description":"Rundreise Marken & Abruzzen \u2013 entdecken Sie Mittelitalien mit Kultur, Geschichte & Natur. Authentisch reisen mit Vivitalia.","robots":{"index":"index","follow":"follow","max-snippet":"max-snippet:-1","max-image-preview":"max-image-preview:large","max-video-preview":"max-video-preview:-1"},"canonical":"https:\/\/www.vivi-litalia.it\/en\/unbekanntes-mittelitalien-marken-und-abruzzen\/","og_locale":"en_GB","og_type":"article","og_title":"Rundreise Marken & Abruzzen \u2013 Kultur & Natur | Vivitalia","og_description":"Rundreise Marken & Abruzzen \u2013 entdecken Sie Mittelitalien mit Kultur, Geschichte & Natur. Authentisch reisen mit Vivitalia.","og_url":"https:\/\/www.vivi-litalia.it\/en\/unbekanntes-mittelitalien-marken-und-abruzzen\/","og_site_name":"Vivi l&#039;Italia","article_modified_time":"2025-12-11T11:44:33+00:00","twitter_card":"summary_large_image","twitter_misc":{"Estimated reading time":"2 minutes"},"schema":{"@context":"https:\/\/schema.org","@graph":[{"@type":"WebPage","@id":"https:\/\/www.vivi-litalia.it\/unbekanntes-mittelitalien-marken-und-abruzzen\/","url":"https:\/\/www.vivi-litalia.it\/unbekanntes-mittelitalien-marken-und-abruzzen\/","name":"Rundreise Marken & Abruzzen \u2013 Kultur & Natur | Vivitalia","isPartOf":{"@id":"https:\/\/www.vivi-litalia.it\/#website"},"datePublished":"2025-10-10T11:55:06+00:00","dateModified":"2025-12-11T11:44:33+00:00","description":"Rundreise Marken & Abruzzen \u2013 entdecken Sie Mittelitalien mit Kultur, Geschichte & Natur. Authentisch reisen mit Vivitalia.","breadcrumb":{"@id":"https:\/\/www.vivi-litalia.it\/unbekanntes-mittelitalien-marken-und-abruzzen\/#breadcrumb"},"inLanguage":"en-GB","potentialAction":[{"@type":"ReadAction","target":["https:\/\/www.vivi-litalia.it\/unbekanntes-mittelitalien-marken-und-abruzzen\/"]}]},{"@type":"BreadcrumbList","@id":"https:\/\/www.vivi-litalia.it\/unbekanntes-mittelitalien-marken-und-abruzzen\/#breadcrumb","itemListElement":[{"@type":"ListItem","position":1,"name":"Startseite","item":"https:\/\/www.vivi-litalia.it\/"},{"@type":"ListItem","position":2,"name":"Unbekanntes Mittelitalien: Marken und Abruzzen"}]},{"@type":"WebSite","@id":"https:\/\/www.vivi-litalia.it\/#website","url":"https:\/\/www.vivi-litalia.it\/","name":"Vivi l'Italia","description":"Italien Erleben","publisher":{"@id":"https:\/\/www.vivi-litalia.it\/#organization"},"potentialAction":[{"@type":"SearchAction","target":{"@type":"EntryPoint","urlTemplate":"https:\/\/www.vivi-litalia.it\/?s={search_term_string}"},"query-input":{"@type":"PropertyValueSpecification","valueRequired":true,"valueName":"search_term_string"}}],"inLanguage":"en-GB"},{"@type":"Organization","@id":"https:\/\/www.vivi-litalia.it\/#organization","name":"Vivi l'Italia","url":"https:\/\/www.vivi-litalia.it\/","logo":{"@type":"ImageObject","inLanguage":"en-GB","@id":"https:\/\/www.vivi-litalia.it\/#\/schema\/logo\/image\/","url":"https:\/\/www.vivi-litalia.it\/wp-content\/uploads\/2025\/08\/Color-logo_no-background-1-scaled.png","contentUrl":"https:\/\/www.vivi-litalia.it\/wp-content\/uploads\/2025\/08\/Color-logo_no-background-1-scaled.png","width":2560,"height":1186,"caption":"Vivi l'Italia"},"image":{"@id":"https:\/\/www.vivi-litalia.it\/#\/schema\/logo\/image\/"}}]}},"_links":{"self":[{"href":"https:\/\/www.vivi-litalia.it\/en\/wp-json\/wp\/v2\/pages\/2586","targetHints":{"allow":["GET"]}}],"collection":[{"href":"https:\/\/www.vivi-litalia.it\/en\/wp-json\/wp\/v2\/pages"}],"about":[{"href":"https:\/\/www.vivi-litalia.it\/en\/wp-json\/wp\/v2\/types\/page"}],"author":[{"embeddable":true,"href":"https:\/\/www.vivi-litalia.it\/en\/wp-json\/wp\/v2\/users\/1"}],"replies":[{"embeddable":true,"href":"https:\/\/www.vivi-litalia.it\/en\/wp-json\/wp\/v2\/comments?post=2586"}],"version-history":[{"count":55,"href":"https:\/\/www.vivi-litalia.it\/en\/wp-json\/wp\/v2\/pages\/2586\/revisions"}],"predecessor-version":[{"id":4247,"href":"https:\/\/www.vivi-litalia.it\/en\/wp-json\/wp\/v2\/pages\/2586\/revisions\/4247"}],"wp:attachment":[{"href":"https:\/\/www.vivi-litalia.it\/en\/wp-json\/wp\/v2\/media?parent=2586"}],"curies":[{"name":"wp","href":"https:\/\/api.w.org\/{rel}","templated":true}]}}