{"id":2636,"date":"2025-10-10T12:32:12","date_gmt":"2025-10-10T12:32:12","guid":{"rendered":"https:\/\/www.vivi-litalia.it\/?page_id=2636"},"modified":"2025-12-11T11:45:17","modified_gmt":"2025-12-11T11:45:17","slug":"golf-von-neapel-o-sole-mio","status":"publish","type":"page","link":"https:\/\/www.vivi-litalia.it\/en\/golf-von-neapel-o-sole-mio\/","title":{"rendered":"Golf von Neapel &#8211; O Sole mio"},"content":{"rendered":"<div data-elementor-type=\"wp-page\" data-elementor-id=\"2636\" class=\"elementor elementor-2636\" data-elementor-post-type=\"page\">\n\t\t\t\t<div class=\"elementor-element elementor-element-dd12931 e-con-full e-flex e-con e-parent\" data-id=\"dd12931\" data-element_type=\"container\" data-e-type=\"container\" data-settings=\"{&quot;background_background&quot;:&quot;classic&quot;}\">\n\t\t<div class=\"elementor-element elementor-element-1ca71e9 e-con-full e-flex e-con e-child\" data-id=\"1ca71e9\" data-element_type=\"container\" data-e-type=\"container\" data-settings=\"{&quot;background_background&quot;:&quot;classic&quot;}\">\n\t\t\t\t<\/div>\n\t\t\t\t<\/div>\n\t\t<div class=\"elementor-element elementor-element-fa5da61 e-flex e-con-boxed e-con e-parent\" data-id=\"fa5da61\" data-element_type=\"container\" data-e-type=\"container\">\n\t\t\t\t\t<div class=\"e-con-inner\">\n\t\t<div class=\"elementor-element elementor-element-4e73926 e-con-full e-flex e-con e-child\" data-id=\"4e73926\" data-element_type=\"container\" data-e-type=\"container\">\n\t\t\t\t<div class=\"elementor-element elementor-element-e3d28f5 elementor-widget elementor-widget-heading\" data-id=\"e3d28f5\" data-element_type=\"widget\" data-e-type=\"widget\" data-widget_type=\"heading.default\">\n\t\t\t\t<div class=\"elementor-widget-container\">\n\t\t\t\t\t<h1 class=\"elementor-heading-title elementor-size-default\">Gulf of Naples... O Sole mio...<\/h1>\t\t\t\t<\/div>\n\t\t\t\t<\/div>\n\t\t\t\t<div class=\"elementor-element elementor-element-5fe12d4 elementor-widget__width-initial elementor-widget elementor-widget-text-editor\" data-id=\"5fe12d4\" data-element_type=\"widget\" data-e-type=\"widget\" data-widget_type=\"text-editor.default\">\n\t\t\t\t<div class=\"elementor-widget-container\">\n\t\t\t\t\t\t\t\t\t<p class=\"p1\">Bus trip 7 days \/ 6 nights<\/p>\t\t\t\t\t\t\t\t<\/div>\n\t\t\t\t<\/div>\n\t\t<div class=\"elementor-element elementor-element-547931d e-con-full e-flex e-con e-child\" data-id=\"547931d\" data-element_type=\"container\" data-e-type=\"container\">\n\t\t\t\t<div class=\"elementor-element elementor-element-c84f064 elementor-widget elementor-widget-timeline-widget-addon\" data-id=\"c84f064\" data-element_type=\"widget\" data-e-type=\"widget\" data-widget_type=\"timeline-widget-addon.default\">\n\t\t\t\t<div class=\"elementor-widget-container\">\n\t\t\t\t\t<!-- ========= Timeline Widget Addon For Elementor 1.6.24 ========= -->\n<div id=\"twae-wrapper-c84f064\" class=\"twae-vertical twae-wrapper  twae-both-sided\">   \n    <div class=\"twae-start\"><\/div>    \n    <div id=\"twea-timeline-c84f064\" class=\"twae-timeline\" ><!-- Start of Story Repeater Content --><div id=\"story-3834dd2\" class=\"twae-story twae-repeater-item twae-story-right twae-story-no-icon\"><!-- Story Icon --><div class=\"twae-icon\"><i aria-hidden=\"true\" class=\"far fa-calendar-alt\"><\/i><\/div><!-- Story Arrow --><div class=\"twae-arrow\"><\/div><!-- Start of Story Content --><div class=\"twae-content\"><!-- Story Title --><div class=\"twae-title\">Day 1: Arrival in Naples<\/div><!-- Story Description --><div class=\"twae-description\"><p data-start=\"172\" data-end=\"404\">Arrival at Naples Airport, meet your tour guide and transfer to your hotel in the Naples area or along the Amalfi Coast. Check-in, welcome cocktail, dinner and overnight stay.<\/p><\/div><\/div><\/div><!-- Start of Story Repeater Content --><div id=\"story-a71e017\" class=\"twae-story twae-repeater-item twae-story-left twae-story-no-icon\"><!-- Story Icon --><div class=\"twae-icon\"><i aria-hidden=\"true\" class=\"far fa-calendar-alt\"><\/i><\/div><!-- Story Arrow --><div class=\"twae-arrow\"><\/div><!-- Start of Story Content --><div class=\"twae-content\"><!-- Story Title --><div class=\"twae-title\">Day 2: Naples<\/div><!-- Story Description --><div class=\"twae-description\"><p data-start=\"121\" data-end=\"547\">Explore the lively port city of Naples, rich in history and monuments such as the Royal Palace, San Carlo Theatre and Castel dell\u2019Ovo. Stroll through the historic centre to visit Santa Chiara and San Domenico Maggiore churches. Optional lunch in a traditional Neapolitan pizzeria. Return to the hotel for dinner and overnight stay.<\/p><\/div><\/div><\/div><!-- Start of Story Repeater Content --><div id=\"story-ed9235f\" class=\"twae-story twae-repeater-item twae-story-right twae-story-no-icon\"><!-- Story Icon --><div class=\"twae-icon\"><i aria-hidden=\"true\" class=\"far fa-calendar-alt\"><\/i><\/div><!-- Story Arrow --><div class=\"twae-arrow\"><\/div><!-- Start of Story Content --><div class=\"twae-content\"><!-- Story Title --><div class=\"twae-title\">3. Tag: Neapel<\/div><!-- Story Description --><div class=\"twae-description\"><p data-start=\"181\" data-end=\"721\">Continue exploring Naples with a visit to the unique Fontanelle Cemetery, located in a vast cave in the Sanit\u00e0 district since 1656. Then visit the Capodimonte Gallery, home to masterpieces by Masaccio, Botticelli, Raphael, Titian and Caravaggio. The palace itself, once the Bourbon summer residence, now houses the National Museum. Return to the hotel for dinner and overnight stay.\nTip: Enjoy a traditional Neapolitan dinner in a local trattoria or in scenic Posillipo.<br data-start=\"635\" data-end=\"638\" \/><em data-start=\"638\" data-end=\"645\">Tipp:<\/em> Spezialit\u00e4tenessen in einer typischen Trattoria in Neapel oder Posillipo.<\/p><\/div><\/div><\/div><!-- Start of Story Repeater Content --><div id=\"story-2484598\" class=\"twae-story twae-repeater-item twae-story-left twae-story-no-icon\"><!-- Story Icon --><div class=\"twae-icon\"><i aria-hidden=\"true\" class=\"far fa-calendar-alt\"><\/i><\/div><!-- Story Arrow --><div class=\"twae-arrow\"><\/div><!-- Start of Story Content --><div class=\"twae-content\"><!-- Story Title --><div class=\"twae-title\">Day 4: Pompeii \u2013 Herculaneum<\/div><!-- Story Description --><div class=\"twae-description\"><p data-start=\"183\" data-end=\"711\" class=\"translation-block\">Excursion to the impressive ruins of Pompeii, the Roman city buried under ash during the eruption of Mount Vesuvius in 79 AD. Continue to Herculaneum, similarly preserved beneath volcanic material, revealing magnificent villas, mosaics and bronze artefacts that bring ancient life back to light. Return to the hotel for dinner and overnight stay.\nTip: Optional visit to a local winery with tasting and rustic lunch.<\/p><\/div><\/div><\/div><!-- Start of Story Repeater Content --><div id=\"story-050af11\" class=\"twae-story twae-repeater-item twae-story-right twae-story-no-icon\"><!-- Story Icon --><div class=\"twae-icon\"><i aria-hidden=\"true\" class=\"far fa-calendar-alt\"><\/i><\/div><!-- Story Arrow --><div class=\"twae-arrow\"><\/div><!-- Start of Story Content --><div class=\"twae-content\"><!-- Story Title --><div class=\"twae-title\">Day 5: Capri<\/div><!-- Story Description --><div class=\"twae-description\"><p data-start=\"200\" data-end=\"592\">Ferry to the world-famous island of Capri, celebrated for its breathtaking scenery, lush vegetation and dramatic cliffs plunging into turquoise waters. Island tour by minibus including Capri, Anacapri and Villa San Michele. Free time or optional visit to the Gardens of Augustus with panoramic views of Via Krupp and the iconic Faraglioni rocks. Weather permitting, optional boat trip to the Blue Grotto. Return to the hotel for dinner and overnight stay.<\/p><\/div><\/div><\/div><!-- Start of Story Repeater Content --><div id=\"story-c7501a3\" class=\"twae-story twae-repeater-item twae-story-left twae-story-no-icon\"><!-- Story Icon --><div class=\"twae-icon\"><i aria-hidden=\"true\" class=\"far fa-calendar-alt\"><\/i><\/div><!-- Story Arrow --><div class=\"twae-arrow\"><\/div><!-- Start of Story Content --><div class=\"twae-content\"><!-- Story Title --><div class=\"twae-title\">Day 6: Paestum \u2013 Salerno<\/div><!-- Story Description --><div class=\"twae-description\"><p data-start=\"205\" data-end=\"769\" class=\"translation-block\">Drive to Paestum to visit the impressive Doric temples and the Archaeological Museum, home to the famous \u201cTomb of the Diver.\u201d Continue to Salerno to see the Cathedral, its crypt, the Church of San Pietro a Corte and the Minerva Gardens. Enjoy a walk through the old town and up to the medieval Torre Maggiore, with free time to explore this vibrant coastal university city. Tip: Mozzarella tasting near Paestum \u2013 discover the authentic flavour of real buffalo mozzarella, unlike anything found on supermarket shelves!<\/p><\/div><\/div><\/div><!-- Start of Story Repeater Content --><div id=\"story-a124032\" class=\"twae-story twae-repeater-item twae-story-right twae-story-no-icon\"><!-- Story Icon --><div class=\"twae-icon\"><i aria-hidden=\"true\" class=\"far fa-calendar-alt\"><\/i><\/div><!-- Story Arrow --><div class=\"twae-arrow\"><\/div><!-- Start of Story Content --><div class=\"twae-content\"><!-- Story Title --><div class=\"twae-title\">Day 7: Sorrento \u2013 Amalfi Coast<\/div><!-- Story Description --><div class=\"twae-description\"><p class=\"p1\">Walking tour of Sorrento, picturesquely perched on a tuff cliff overlooking the Bay of Naples and surrounded by lemon and orange groves. An ideal place to relax or start your excursions. Then enjoy a panoramic drive along the Amalfi Coast \u2013 one of Italy\u2019s most stunning coastal roads \u2013 with breathtaking views of Positano, Amalfi, Maiori, Minori and Vietri sul Mare.<\/p><\/div><\/div><\/div><!-- Start of Story Repeater Content --><div id=\"story-e116705\" class=\"twae-story twae-repeater-item twae-story-left twae-story-no-icon\"><!-- Story Icon --><div class=\"twae-icon\"><i aria-hidden=\"true\" class=\"far fa-calendar-alt\"><\/i><\/div><!-- Story Arrow --><div class=\"twae-arrow\"><\/div><!-- Start of Story Content --><div class=\"twae-content\"><!-- Story Title --><div class=\"twae-title\">Day 8: Return home<\/div><!-- Story Description --><div class=\"twae-description\"><p class=\"p1\">Breakfast at the hotel. Transfer to Naples airport and flight home.<\/p><\/div><\/div><\/div><\/div>\n    <div class=\"twae-end\"><\/div>\n    <\/div><style type=\"text\/css\">@media (max-width: 1024px){ .twae-wrapper{--tw-ybx-size: 80px !important;}}@media (max-width: 767px){ .twae-wrapper{--tw-ybx-size: 80px !important}}<\/style>\t\t\t\t<\/div>\n\t\t\t\t<\/div>\n\t\t\t\t<\/div>\n\t\t\t\t<\/div>\n\t\t\t\t\t<\/div>\n\t\t\t\t<\/div>\n\t\t\t\t<\/div>","protected":false},"excerpt":{"rendered":"<p>Golf von Neapel&#8230; O Sole mio&#8230; Busreise 7 Tage \/ 6 \u00dcbernachtungen 1. Tag: Ankunft Neapel Ankunft am Flughafen Neapel, Empfang durch die Reiseleitung und Transfer zum Hotel im Raum Neapel oder an der Amalfik\u00fcste. Check-In, Begr\u00fc\u00dfungscocktail, Abendessen und \u00dcbernachtung. 2. Tag: Neapel Besuch der lebhaften Hafenstadt Neapel mit ihren historischen Monumenten wie dem K\u00f6niglichen [&hellip;]<\/p>\n","protected":false},"author":1,"featured_media":2632,"parent":0,"menu_order":0,"comment_status":"closed","ping_status":"closed","template":"","meta":{"footnotes":""},"class_list":["post-2636","page","type-page","status-publish","has-post-thumbnail","hentry"],"yoast_head":"<!-- This site is optimized with the Yoast SEO plugin v27.4 - https:\/\/yoast.com\/product\/yoast-seo-wordpress\/ -->\n<title>Rundreise Golf von Neapel \u2013 Kultur &amp; Genuss | Vivitalia<\/title>\n<meta name=\"description\" content=\"Rundreise Golf von Neapel \u2013 entdecken Sie Capri, Pompeji &amp; Amalfik\u00fcste. Kultur, Geschichte &amp; Genuss mit Vivitalia erleben.\" \/>\n<meta name=\"robots\" content=\"index, follow, max-snippet:-1, max-image-preview:large, max-video-preview:-1\" \/>\n<link rel=\"canonical\" href=\"https:\/\/www.vivi-litalia.it\/en\/golf-von-neapel-o-sole-mio\/\" \/>\n<meta property=\"og:locale\" content=\"en_GB\" \/>\n<meta property=\"og:type\" content=\"article\" \/>\n<meta property=\"og:title\" content=\"Rundreise Golf von Neapel \u2013 Kultur &amp; Genuss | Vivitalia\" \/>\n<meta property=\"og:description\" content=\"Rundreise Golf von Neapel \u2013 entdecken Sie Capri, Pompeji &amp; Amalfik\u00fcste. Kultur, Geschichte &amp; Genuss mit Vivitalia erleben.\" \/>\n<meta property=\"og:url\" content=\"https:\/\/www.vivi-litalia.it\/en\/golf-von-neapel-o-sole-mio\/\" \/>\n<meta property=\"og:site_name\" content=\"Vivi l&#039;Italia\" \/>\n<meta property=\"article:modified_time\" content=\"2025-12-11T11:45:17+00:00\" \/>\n<meta property=\"og:image\" content=\"https:\/\/www.vivi-litalia.it\/wp-content\/uploads\/2025\/10\/20518.jpg\" \/>\n\t<meta property=\"og:image:width\" content=\"1500\" \/>\n\t<meta property=\"og:image:height\" content=\"998\" \/>\n\t<meta property=\"og:image:type\" content=\"image\/jpeg\" \/>\n<meta name=\"twitter:card\" content=\"summary_large_image\" \/>\n<meta name=\"twitter:label1\" content=\"Estimated reading time\" \/>\n\t<meta name=\"twitter:data1\" content=\"3 minutes\" \/>\n<script type=\"application\/ld+json\" class=\"yoast-schema-graph\">{\"@context\":\"https:\\\/\\\/schema.org\",\"@graph\":[{\"@type\":\"WebPage\",\"@id\":\"https:\\\/\\\/www.vivi-litalia.it\\\/golf-von-neapel-o-sole-mio\\\/\",\"url\":\"https:\\\/\\\/www.vivi-litalia.it\\\/golf-von-neapel-o-sole-mio\\\/\",\"name\":\"Rundreise Golf von Neapel \u2013 Kultur & Genuss | Vivitalia\",\"isPartOf\":{\"@id\":\"https:\\\/\\\/www.vivi-litalia.it\\\/#website\"},\"primaryImageOfPage\":{\"@id\":\"https:\\\/\\\/www.vivi-litalia.it\\\/golf-von-neapel-o-sole-mio\\\/#primaryimage\"},\"image\":{\"@id\":\"https:\\\/\\\/www.vivi-litalia.it\\\/golf-von-neapel-o-sole-mio\\\/#primaryimage\"},\"thumbnailUrl\":\"https:\\\/\\\/www.vivi-litalia.it\\\/wp-content\\\/uploads\\\/2025\\\/10\\\/20518.jpg\",\"datePublished\":\"2025-10-10T12:32:12+00:00\",\"dateModified\":\"2025-12-11T11:45:17+00:00\",\"description\":\"Rundreise Golf von Neapel \u2013 entdecken Sie Capri, Pompeji & Amalfik\u00fcste. Kultur, Geschichte & Genuss mit Vivitalia erleben.\",\"breadcrumb\":{\"@id\":\"https:\\\/\\\/www.vivi-litalia.it\\\/golf-von-neapel-o-sole-mio\\\/#breadcrumb\"},\"inLanguage\":\"en-GB\",\"potentialAction\":[{\"@type\":\"ReadAction\",\"target\":[\"https:\\\/\\\/www.vivi-litalia.it\\\/golf-von-neapel-o-sole-mio\\\/\"]}]},{\"@type\":\"ImageObject\",\"inLanguage\":\"en-GB\",\"@id\":\"https:\\\/\\\/www.vivi-litalia.it\\\/golf-von-neapel-o-sole-mio\\\/#primaryimage\",\"url\":\"https:\\\/\\\/www.vivi-litalia.it\\\/wp-content\\\/uploads\\\/2025\\\/10\\\/20518.jpg\",\"contentUrl\":\"https:\\\/\\\/www.vivi-litalia.it\\\/wp-content\\\/uploads\\\/2025\\\/10\\\/20518.jpg\",\"width\":1500,\"height\":998},{\"@type\":\"BreadcrumbList\",\"@id\":\"https:\\\/\\\/www.vivi-litalia.it\\\/golf-von-neapel-o-sole-mio\\\/#breadcrumb\",\"itemListElement\":[{\"@type\":\"ListItem\",\"position\":1,\"name\":\"Startseite\",\"item\":\"https:\\\/\\\/www.vivi-litalia.it\\\/\"},{\"@type\":\"ListItem\",\"position\":2,\"name\":\"Golf von Neapel &#8211; O Sole mio\"}]},{\"@type\":\"WebSite\",\"@id\":\"https:\\\/\\\/www.vivi-litalia.it\\\/#website\",\"url\":\"https:\\\/\\\/www.vivi-litalia.it\\\/\",\"name\":\"Vivi l'Italia\",\"description\":\"Italien Erleben\",\"publisher\":{\"@id\":\"https:\\\/\\\/www.vivi-litalia.it\\\/#organization\"},\"potentialAction\":[{\"@type\":\"SearchAction\",\"target\":{\"@type\":\"EntryPoint\",\"urlTemplate\":\"https:\\\/\\\/www.vivi-litalia.it\\\/?s={search_term_string}\"},\"query-input\":{\"@type\":\"PropertyValueSpecification\",\"valueRequired\":true,\"valueName\":\"search_term_string\"}}],\"inLanguage\":\"en-GB\"},{\"@type\":\"Organization\",\"@id\":\"https:\\\/\\\/www.vivi-litalia.it\\\/#organization\",\"name\":\"Vivi l'Italia\",\"url\":\"https:\\\/\\\/www.vivi-litalia.it\\\/\",\"logo\":{\"@type\":\"ImageObject\",\"inLanguage\":\"en-GB\",\"@id\":\"https:\\\/\\\/www.vivi-litalia.it\\\/#\\\/schema\\\/logo\\\/image\\\/\",\"url\":\"https:\\\/\\\/www.vivi-litalia.it\\\/wp-content\\\/uploads\\\/2025\\\/08\\\/Color-logo_no-background-1-scaled.png\",\"contentUrl\":\"https:\\\/\\\/www.vivi-litalia.it\\\/wp-content\\\/uploads\\\/2025\\\/08\\\/Color-logo_no-background-1-scaled.png\",\"width\":2560,\"height\":1186,\"caption\":\"Vivi l'Italia\"},\"image\":{\"@id\":\"https:\\\/\\\/www.vivi-litalia.it\\\/#\\\/schema\\\/logo\\\/image\\\/\"}}]}<\/script>\n<!-- \/ Yoast SEO plugin. -->","yoast_head_json":{"title":"Rundreise Golf von Neapel \u2013 Kultur & Genuss | Vivitalia","description":"Rundreise Golf von Neapel \u2013 entdecken Sie Capri, Pompeji & Amalfik\u00fcste. Kultur, Geschichte & Genuss mit Vivitalia erleben.","robots":{"index":"index","follow":"follow","max-snippet":"max-snippet:-1","max-image-preview":"max-image-preview:large","max-video-preview":"max-video-preview:-1"},"canonical":"https:\/\/www.vivi-litalia.it\/en\/golf-von-neapel-o-sole-mio\/","og_locale":"en_GB","og_type":"article","og_title":"Rundreise Golf von Neapel \u2013 Kultur & Genuss | Vivitalia","og_description":"Rundreise Golf von Neapel \u2013 entdecken Sie Capri, Pompeji & Amalfik\u00fcste. Kultur, Geschichte & Genuss mit Vivitalia erleben.","og_url":"https:\/\/www.vivi-litalia.it\/en\/golf-von-neapel-o-sole-mio\/","og_site_name":"Vivi l&#039;Italia","article_modified_time":"2025-12-11T11:45:17+00:00","og_image":[{"width":1500,"height":998,"url":"https:\/\/www.vivi-litalia.it\/wp-content\/uploads\/2025\/10\/20518.jpg","type":"image\/jpeg"}],"twitter_card":"summary_large_image","twitter_misc":{"Estimated reading time":"3 minutes"},"schema":{"@context":"https:\/\/schema.org","@graph":[{"@type":"WebPage","@id":"https:\/\/www.vivi-litalia.it\/golf-von-neapel-o-sole-mio\/","url":"https:\/\/www.vivi-litalia.it\/golf-von-neapel-o-sole-mio\/","name":"Rundreise Golf von Neapel \u2013 Kultur & Genuss | Vivitalia","isPartOf":{"@id":"https:\/\/www.vivi-litalia.it\/#website"},"primaryImageOfPage":{"@id":"https:\/\/www.vivi-litalia.it\/golf-von-neapel-o-sole-mio\/#primaryimage"},"image":{"@id":"https:\/\/www.vivi-litalia.it\/golf-von-neapel-o-sole-mio\/#primaryimage"},"thumbnailUrl":"https:\/\/www.vivi-litalia.it\/wp-content\/uploads\/2025\/10\/20518.jpg","datePublished":"2025-10-10T12:32:12+00:00","dateModified":"2025-12-11T11:45:17+00:00","description":"Rundreise Golf von Neapel \u2013 entdecken Sie Capri, Pompeji & Amalfik\u00fcste. Kultur, Geschichte & Genuss mit Vivitalia erleben.","breadcrumb":{"@id":"https:\/\/www.vivi-litalia.it\/golf-von-neapel-o-sole-mio\/#breadcrumb"},"inLanguage":"en-GB","potentialAction":[{"@type":"ReadAction","target":["https:\/\/www.vivi-litalia.it\/golf-von-neapel-o-sole-mio\/"]}]},{"@type":"ImageObject","inLanguage":"en-GB","@id":"https:\/\/www.vivi-litalia.it\/golf-von-neapel-o-sole-mio\/#primaryimage","url":"https:\/\/www.vivi-litalia.it\/wp-content\/uploads\/2025\/10\/20518.jpg","contentUrl":"https:\/\/www.vivi-litalia.it\/wp-content\/uploads\/2025\/10\/20518.jpg","width":1500,"height":998},{"@type":"BreadcrumbList","@id":"https:\/\/www.vivi-litalia.it\/golf-von-neapel-o-sole-mio\/#breadcrumb","itemListElement":[{"@type":"ListItem","position":1,"name":"Startseite","item":"https:\/\/www.vivi-litalia.it\/"},{"@type":"ListItem","position":2,"name":"Golf von Neapel &#8211; O Sole mio"}]},{"@type":"WebSite","@id":"https:\/\/www.vivi-litalia.it\/#website","url":"https:\/\/www.vivi-litalia.it\/","name":"Vivi l'Italia","description":"Italien Erleben","publisher":{"@id":"https:\/\/www.vivi-litalia.it\/#organization"},"potentialAction":[{"@type":"SearchAction","target":{"@type":"EntryPoint","urlTemplate":"https:\/\/www.vivi-litalia.it\/?s={search_term_string}"},"query-input":{"@type":"PropertyValueSpecification","valueRequired":true,"valueName":"search_term_string"}}],"inLanguage":"en-GB"},{"@type":"Organization","@id":"https:\/\/www.vivi-litalia.it\/#organization","name":"Vivi l'Italia","url":"https:\/\/www.vivi-litalia.it\/","logo":{"@type":"ImageObject","inLanguage":"en-GB","@id":"https:\/\/www.vivi-litalia.it\/#\/schema\/logo\/image\/","url":"https:\/\/www.vivi-litalia.it\/wp-content\/uploads\/2025\/08\/Color-logo_no-background-1-scaled.png","contentUrl":"https:\/\/www.vivi-litalia.it\/wp-content\/uploads\/2025\/08\/Color-logo_no-background-1-scaled.png","width":2560,"height":1186,"caption":"Vivi l'Italia"},"image":{"@id":"https:\/\/www.vivi-litalia.it\/#\/schema\/logo\/image\/"}}]}},"_links":{"self":[{"href":"https:\/\/www.vivi-litalia.it\/en\/wp-json\/wp\/v2\/pages\/2636","targetHints":{"allow":["GET"]}}],"collection":[{"href":"https:\/\/www.vivi-litalia.it\/en\/wp-json\/wp\/v2\/pages"}],"about":[{"href":"https:\/\/www.vivi-litalia.it\/en\/wp-json\/wp\/v2\/types\/page"}],"author":[{"embeddable":true,"href":"https:\/\/www.vivi-litalia.it\/en\/wp-json\/wp\/v2\/users\/1"}],"replies":[{"embeddable":true,"href":"https:\/\/www.vivi-litalia.it\/en\/wp-json\/wp\/v2\/comments?post=2636"}],"version-history":[{"count":74,"href":"https:\/\/www.vivi-litalia.it\/en\/wp-json\/wp\/v2\/pages\/2636\/revisions"}],"predecessor-version":[{"id":4250,"href":"https:\/\/www.vivi-litalia.it\/en\/wp-json\/wp\/v2\/pages\/2636\/revisions\/4250"}],"wp:featuredmedia":[{"embeddable":true,"href":"https:\/\/www.vivi-litalia.it\/en\/wp-json\/wp\/v2\/media\/2632"}],"wp:attachment":[{"href":"https:\/\/www.vivi-litalia.it\/en\/wp-json\/wp\/v2\/media?parent=2636"}],"curies":[{"name":"wp","href":"https:\/\/api.w.org\/{rel}","templated":true}]}}