{"id":2706,"date":"2025-10-10T13:51:07","date_gmt":"2025-10-10T13:51:07","guid":{"rendered":"https:\/\/www.vivi-litalia.it\/?page_id=2706"},"modified":"2025-12-11T11:41:11","modified_gmt":"2025-12-11T11:41:11","slug":"klassisches-piemont","status":"publish","type":"page","link":"https:\/\/www.vivi-litalia.it\/en\/klassisches-piemont\/","title":{"rendered":"Classic Piedmont"},"content":{"rendered":"<div data-elementor-type=\"wp-page\" data-elementor-id=\"2706\" class=\"elementor elementor-2706\" data-elementor-post-type=\"page\">\n\t\t\t\t<div class=\"elementor-element elementor-element-dd12931 e-con-full e-flex e-con e-parent\" data-id=\"dd12931\" data-element_type=\"container\" data-e-type=\"container\" data-settings=\"{&quot;background_background&quot;:&quot;classic&quot;}\">\n\t\t<div class=\"elementor-element elementor-element-1ca71e9 e-con-full e-flex e-con e-child\" data-id=\"1ca71e9\" data-element_type=\"container\" data-e-type=\"container\" data-settings=\"{&quot;background_background&quot;:&quot;classic&quot;}\">\n\t\t\t\t<\/div>\n\t\t\t\t<\/div>\n\t\t<div class=\"elementor-element elementor-element-fa5da61 e-flex e-con-boxed e-con e-parent\" data-id=\"fa5da61\" data-element_type=\"container\" data-e-type=\"container\">\n\t\t\t\t\t<div class=\"e-con-inner\">\n\t\t<div class=\"elementor-element elementor-element-4e73926 e-con-full e-flex e-con e-child\" data-id=\"4e73926\" data-element_type=\"container\" data-e-type=\"container\">\n\t\t\t\t<div class=\"elementor-element elementor-element-e3d28f5 elementor-widget elementor-widget-heading\" data-id=\"e3d28f5\" data-element_type=\"widget\" data-e-type=\"widget\" data-widget_type=\"heading.default\">\n\t\t\t\t<div class=\"elementor-widget-container\">\n\t\t\t\t\t<h1 class=\"elementor-heading-title elementor-size-default\">Classic Piedmont<\/h1>\t\t\t\t<\/div>\n\t\t\t\t<\/div>\n\t\t\t\t<div class=\"elementor-element elementor-element-5fe12d4 elementor-widget__width-initial elementor-widget elementor-widget-text-editor\" data-id=\"5fe12d4\" data-element_type=\"widget\" data-e-type=\"widget\" data-widget_type=\"text-editor.default\">\n\t\t\t\t<div class=\"elementor-widget-container\">\n\t\t\t\t\t\t\t\t\t<p class=\"p1\">Site stay 7 days \/ 6 nights<\/p>\t\t\t\t\t\t\t\t<\/div>\n\t\t\t\t<\/div>\n\t\t<div class=\"elementor-element elementor-element-547931d e-con-full e-flex e-con e-child\" data-id=\"547931d\" data-element_type=\"container\" data-e-type=\"container\">\n\t\t\t\t<div class=\"elementor-element elementor-element-812e0bb elementor-widget elementor-widget-timeline-widget-addon\" data-id=\"812e0bb\" data-element_type=\"widget\" data-e-type=\"widget\" data-widget_type=\"timeline-widget-addon.default\">\n\t\t\t\t<div class=\"elementor-widget-container\">\n\t\t\t\t\t<!-- ========= Timeline Widget Addon For Elementor 1.6.24 ========= -->\n<div id=\"twae-wrapper-812e0bb\" class=\"twae-vertical twae-wrapper  twae-both-sided\">   \n    <div class=\"twae-start\"><\/div>    \n    <div id=\"twea-timeline-812e0bb\" class=\"twae-timeline\" ><!-- Start of Story Repeater Content --><div id=\"story-3834dd2\" class=\"twae-story twae-repeater-item twae-story-right twae-story-no-icon\"><!-- Story Icon --><div class=\"twae-icon\"><i aria-hidden=\"true\" class=\"far fa-calendar-alt\"><\/i><\/div><!-- Story Arrow --><div class=\"twae-arrow\"><\/div><!-- Start of Story Content --><div class=\"twae-content\"><!-- Story Title --><div class=\"twae-title\">Day 1: Arrival<\/div><!-- Story Description --><div class=\"twae-description\"><p class=\"p1\">Journey to Piedmont and check-in at the hotel in the Bra area. Welcome cocktail, dinner and overnight stay.<\/p><\/div><\/div><\/div><!-- Start of Story Repeater Content --><div id=\"story-a71e017\" class=\"twae-story twae-repeater-item twae-story-left twae-story-no-icon\"><!-- Story Icon --><div class=\"twae-icon\"><i aria-hidden=\"true\" class=\"far fa-calendar-alt\"><\/i><\/div><!-- Story Arrow --><div class=\"twae-arrow\"><\/div><!-- Start of Story Content --><div class=\"twae-content\"><!-- Story Title --><div class=\"twae-title\">Day 2: Langhe Tour: Bra - Barolo<\/div><!-- Story Description --><div class=\"twae-description\"><p data-start=\"119\" data-end=\"424\">Scenic drive through the picturesque wine region of the Langhe with stops in Bra and Barolo. Visit Serralunga Castle, surrounded by a typical winegrowing village. Wine tasting with rustic snacks at a local estate, then return through the vineyards to the hotel.<\/p><\/div><\/div><\/div><!-- Start of Story Repeater Content --><div id=\"story-ed9235f\" class=\"twae-story twae-repeater-item twae-story-right twae-story-no-icon\"><!-- Story Icon --><div class=\"twae-icon\"><i aria-hidden=\"true\" class=\"far fa-calendar-alt\"><\/i><\/div><!-- Story Arrow --><div class=\"twae-arrow\"><\/div><!-- Start of Story Content --><div class=\"twae-content\"><!-- Story Title --><div class=\"twae-title\">Day 3: Truffle Farm \u2013 Asti<\/div><!-- Story Description --><div class=\"twae-description\"><p data-start=\"115\" data-end=\"596\">Morning visit to a truffle workshop with a demonstration of truffle processing and a simulated truffle hunt with a Trifolao and his dog. After a rustic snack, continue to Asti, a former medieval republic and the birthplace of Asti Spumante. Guided walk along Corso Alfieri with visits to historic churches, towers and the Gothic cathedral. End the day with a wine tasting at a local estate. <em data-start=\"429\" data-end=\"444\">Asti Spumante<\/em>. Stadtrundgang \u00fcber den Corso Alfieri mit Besichtigung historischer Kirchen, T\u00fcrme und des gotischen Doms. Zum Abschluss Weinprobe auf einem Landgut.<\/p><\/div><\/div><\/div><!-- Start of Story Repeater Content --><div id=\"story-2484598\" class=\"twae-story twae-repeater-item twae-story-left twae-story-no-icon\"><!-- Story Icon --><div class=\"twae-icon\"><i aria-hidden=\"true\" class=\"far fa-calendar-alt\"><\/i><\/div><!-- Story Arrow --><div class=\"twae-arrow\"><\/div><!-- Start of Story Content --><div class=\"twae-content\"><!-- Story Title --><div class=\"twae-title\">Day 4: Turin<\/div><!-- Story Description --><div class=\"twae-description\"><p data-start=\"141\" data-end=\"657\">Guided tour of Turin, the elegant capital of Piedmont and residence of the Savoy royal family. Visit the Royal Palace and its gardens, then stroll from Piazza Castello to Piazza San Carlo. In the city\u2019s Belle \u00c9poque caf\u00e9s, enjoy Turin\u2019s famous chocolate. Optional visit to the Egyptian Museum or panoramic excursion to Superga.<\/p><\/div><\/div><\/div><!-- Start of Story Repeater Content --><div id=\"story-050af11\" class=\"twae-story twae-repeater-item twae-story-right twae-story-no-icon\"><!-- Story Icon --><div class=\"twae-icon\"><i aria-hidden=\"true\" class=\"far fa-calendar-alt\"><\/i><\/div><!-- Story Arrow --><div class=\"twae-arrow\"><\/div><!-- Start of Story Content --><div class=\"twae-content\"><!-- Story Title --><div class=\"twae-title\">Day 5: Saluzzo \u2013 Cuneo<\/div><!-- Story Description --><div class=\"twae-description\"><p data-start=\"112\" data-end=\"558\">The former marquisate town of Saluzzo lies beautifully beneath the Monviso mountains. The castle dominates the old town, while narrow streets host skilled cabinetmakers. Visit the Gothic Cathedral of Santa Maria Assunta, then continue to Cuneo with its wide boulevards and Savoy Baroque architecture. Discover elegant churches, palaces and taste the region\u2019s renowned cheese specialities.<\/p><\/div><\/div><\/div><!-- Start of Story Repeater Content --><div id=\"story-c7501a3\" class=\"twae-story twae-repeater-item twae-story-left twae-story-no-icon\"><!-- Story Icon --><div class=\"twae-icon\"><i aria-hidden=\"true\" class=\"far fa-calendar-alt\"><\/i><\/div><!-- Story Arrow --><div class=\"twae-arrow\"><\/div><!-- Start of Story Content --><div class=\"twae-content\"><!-- Story Title --><div class=\"twae-title\">Day 6: Castello di Pralormo \u2013 Alba<\/div><!-- Story Description --><div class=\"twae-description\"><p data-start=\"94\" data-end=\"443\">Visit Pralormo Castle with its romantic English-style park, designed by the famous landscape architect Xavier Kurten. The garden features about 300 varieties of tulips that bloom in splendour each spring. Afterwards, continue to Alba, the city of truffles and a hundred towers, for a walk through its historic old town.<\/p><\/div><\/div><\/div><!-- Start of Story Repeater Content --><div id=\"story-a124032\" class=\"twae-story twae-repeater-item twae-story-right twae-story-no-icon\"><!-- Story Icon --><div class=\"twae-icon\"><i aria-hidden=\"true\" class=\"far fa-calendar-alt\"><\/i><\/div><!-- Story Arrow --><div class=\"twae-arrow\"><\/div><!-- Start of Story Content --><div class=\"twae-content\"><!-- Story Title --><div class=\"twae-title\">Day 7: Return home<\/div><!-- Story Description --><div class=\"twae-description\"><p class=\"p1\">Breakfast at the hotel and journey home.<\/p><\/div><\/div><\/div><\/div>\n    <div class=\"twae-end\"><\/div>\n    <\/div><style type=\"text\/css\">@media (max-width: 1024px){ .twae-wrapper{--tw-ybx-size: 80px !important;}}@media (max-width: 767px){ .twae-wrapper{--tw-ybx-size: 80px !important}}<\/style>\t\t\t\t<\/div>\n\t\t\t\t<\/div>\n\t\t\t\t<\/div>\n\t\t\t\t<\/div>\n\t\t\t\t\t<\/div>\n\t\t\t\t<\/div>\n\t\t\t\t<\/div>","protected":false},"excerpt":{"rendered":"<p>Klassisches Piemont Standortaufenthalt 7 Tage \/ 6 \u00dcbernachtungen 1.Tag: Ankunft Fahrt ins Piemont. Ankunft im Hotel im Raum Bra. Check-In, Begr\u00fc\u00dfungs-cocktail, Abendessen und \u00dcbernachtung. 2. Tag: Langhe-Rundfahrt: Bra &#8211; Barolo Panoramafahrt durch die malerische Weinregion der Langhe mit Stopps in Bra und Barolo. Besuch des Schlosses Serralunga, umgeben von einem typischen Winzerdorf. Weinprobe mit rustikalem [&hellip;]<\/p>\n","protected":false},"author":1,"featured_media":0,"parent":0,"menu_order":0,"comment_status":"closed","ping_status":"closed","template":"","meta":{"footnotes":""},"class_list":["post-2706","page","type-page","status-publish","hentry"],"yoast_head":"<!-- This site is optimized with the Yoast SEO plugin v27.4 - https:\/\/yoast.com\/product\/yoast-seo-wordpress\/ -->\n<title>Rundreise Piemont \u2013 Wein, Tr\u00fcffel &amp; Kultur | Vivitalia<\/title>\n<meta name=\"description\" content=\"Rundreise Piemont \u2013 entdecken Sie Wein, Tr\u00fcffel &amp; Kultur in Alba, Asti &amp; Turin. Genussvoll reisen mit Vivitalia.\" \/>\n<meta name=\"robots\" content=\"index, follow, max-snippet:-1, max-image-preview:large, max-video-preview:-1\" \/>\n<link rel=\"canonical\" href=\"https:\/\/www.vivi-litalia.it\/en\/klassisches-piemont\/\" \/>\n<meta property=\"og:locale\" content=\"en_GB\" \/>\n<meta property=\"og:type\" content=\"article\" \/>\n<meta property=\"og:title\" content=\"Rundreise Piemont \u2013 Wein, Tr\u00fcffel &amp; Kultur | Vivitalia\" \/>\n<meta property=\"og:description\" content=\"Rundreise Piemont \u2013 entdecken Sie Wein, Tr\u00fcffel &amp; Kultur in Alba, Asti &amp; Turin. Genussvoll reisen mit Vivitalia.\" \/>\n<meta property=\"og:url\" content=\"https:\/\/www.vivi-litalia.it\/en\/klassisches-piemont\/\" \/>\n<meta property=\"og:site_name\" content=\"Vivi l&#039;Italia\" \/>\n<meta property=\"article:modified_time\" content=\"2025-12-11T11:41:11+00:00\" \/>\n<meta name=\"twitter:card\" content=\"summary_large_image\" \/>\n<meta name=\"twitter:label1\" content=\"Estimated reading time\" \/>\n\t<meta name=\"twitter:data1\" content=\"2 minutes\" \/>\n<script type=\"application\/ld+json\" class=\"yoast-schema-graph\">{\"@context\":\"https:\\\/\\\/schema.org\",\"@graph\":[{\"@type\":\"WebPage\",\"@id\":\"https:\\\/\\\/www.vivi-litalia.it\\\/klassisches-piemont\\\/\",\"url\":\"https:\\\/\\\/www.vivi-litalia.it\\\/klassisches-piemont\\\/\",\"name\":\"Rundreise Piemont \u2013 Wein, Tr\u00fcffel & Kultur | Vivitalia\",\"isPartOf\":{\"@id\":\"https:\\\/\\\/www.vivi-litalia.it\\\/#website\"},\"datePublished\":\"2025-10-10T13:51:07+00:00\",\"dateModified\":\"2025-12-11T11:41:11+00:00\",\"description\":\"Rundreise Piemont \u2013 entdecken Sie Wein, Tr\u00fcffel & Kultur in Alba, Asti & Turin. Genussvoll reisen mit Vivitalia.\",\"breadcrumb\":{\"@id\":\"https:\\\/\\\/www.vivi-litalia.it\\\/klassisches-piemont\\\/#breadcrumb\"},\"inLanguage\":\"en-GB\",\"potentialAction\":[{\"@type\":\"ReadAction\",\"target\":[\"https:\\\/\\\/www.vivi-litalia.it\\\/klassisches-piemont\\\/\"]}]},{\"@type\":\"BreadcrumbList\",\"@id\":\"https:\\\/\\\/www.vivi-litalia.it\\\/klassisches-piemont\\\/#breadcrumb\",\"itemListElement\":[{\"@type\":\"ListItem\",\"position\":1,\"name\":\"Startseite\",\"item\":\"https:\\\/\\\/www.vivi-litalia.it\\\/\"},{\"@type\":\"ListItem\",\"position\":2,\"name\":\"Klassisches Piemont\"}]},{\"@type\":\"WebSite\",\"@id\":\"https:\\\/\\\/www.vivi-litalia.it\\\/#website\",\"url\":\"https:\\\/\\\/www.vivi-litalia.it\\\/\",\"name\":\"Vivi l'Italia\",\"description\":\"Italien Erleben\",\"publisher\":{\"@id\":\"https:\\\/\\\/www.vivi-litalia.it\\\/#organization\"},\"potentialAction\":[{\"@type\":\"SearchAction\",\"target\":{\"@type\":\"EntryPoint\",\"urlTemplate\":\"https:\\\/\\\/www.vivi-litalia.it\\\/?s={search_term_string}\"},\"query-input\":{\"@type\":\"PropertyValueSpecification\",\"valueRequired\":true,\"valueName\":\"search_term_string\"}}],\"inLanguage\":\"en-GB\"},{\"@type\":\"Organization\",\"@id\":\"https:\\\/\\\/www.vivi-litalia.it\\\/#organization\",\"name\":\"Vivi l'Italia\",\"url\":\"https:\\\/\\\/www.vivi-litalia.it\\\/\",\"logo\":{\"@type\":\"ImageObject\",\"inLanguage\":\"en-GB\",\"@id\":\"https:\\\/\\\/www.vivi-litalia.it\\\/#\\\/schema\\\/logo\\\/image\\\/\",\"url\":\"https:\\\/\\\/www.vivi-litalia.it\\\/wp-content\\\/uploads\\\/2025\\\/08\\\/Color-logo_no-background-1-scaled.png\",\"contentUrl\":\"https:\\\/\\\/www.vivi-litalia.it\\\/wp-content\\\/uploads\\\/2025\\\/08\\\/Color-logo_no-background-1-scaled.png\",\"width\":2560,\"height\":1186,\"caption\":\"Vivi l'Italia\"},\"image\":{\"@id\":\"https:\\\/\\\/www.vivi-litalia.it\\\/#\\\/schema\\\/logo\\\/image\\\/\"}}]}<\/script>\n<!-- \/ Yoast SEO plugin. -->","yoast_head_json":{"title":"Rundreise Piemont \u2013 Wein, Tr\u00fcffel & Kultur | Vivitalia","description":"Rundreise Piemont \u2013 entdecken Sie Wein, Tr\u00fcffel & Kultur in Alba, Asti & Turin. Genussvoll reisen mit Vivitalia.","robots":{"index":"index","follow":"follow","max-snippet":"max-snippet:-1","max-image-preview":"max-image-preview:large","max-video-preview":"max-video-preview:-1"},"canonical":"https:\/\/www.vivi-litalia.it\/en\/klassisches-piemont\/","og_locale":"en_GB","og_type":"article","og_title":"Rundreise Piemont \u2013 Wein, Tr\u00fcffel & Kultur | Vivitalia","og_description":"Rundreise Piemont \u2013 entdecken Sie Wein, Tr\u00fcffel & Kultur in Alba, Asti & Turin. Genussvoll reisen mit Vivitalia.","og_url":"https:\/\/www.vivi-litalia.it\/en\/klassisches-piemont\/","og_site_name":"Vivi l&#039;Italia","article_modified_time":"2025-12-11T11:41:11+00:00","twitter_card":"summary_large_image","twitter_misc":{"Estimated reading time":"2 minutes"},"schema":{"@context":"https:\/\/schema.org","@graph":[{"@type":"WebPage","@id":"https:\/\/www.vivi-litalia.it\/klassisches-piemont\/","url":"https:\/\/www.vivi-litalia.it\/klassisches-piemont\/","name":"Rundreise Piemont \u2013 Wein, Tr\u00fcffel & Kultur | Vivitalia","isPartOf":{"@id":"https:\/\/www.vivi-litalia.it\/#website"},"datePublished":"2025-10-10T13:51:07+00:00","dateModified":"2025-12-11T11:41:11+00:00","description":"Rundreise Piemont \u2013 entdecken Sie Wein, Tr\u00fcffel & Kultur in Alba, Asti & Turin. Genussvoll reisen mit Vivitalia.","breadcrumb":{"@id":"https:\/\/www.vivi-litalia.it\/klassisches-piemont\/#breadcrumb"},"inLanguage":"en-GB","potentialAction":[{"@type":"ReadAction","target":["https:\/\/www.vivi-litalia.it\/klassisches-piemont\/"]}]},{"@type":"BreadcrumbList","@id":"https:\/\/www.vivi-litalia.it\/klassisches-piemont\/#breadcrumb","itemListElement":[{"@type":"ListItem","position":1,"name":"Startseite","item":"https:\/\/www.vivi-litalia.it\/"},{"@type":"ListItem","position":2,"name":"Klassisches Piemont"}]},{"@type":"WebSite","@id":"https:\/\/www.vivi-litalia.it\/#website","url":"https:\/\/www.vivi-litalia.it\/","name":"Vivi l'Italia","description":"Italien Erleben","publisher":{"@id":"https:\/\/www.vivi-litalia.it\/#organization"},"potentialAction":[{"@type":"SearchAction","target":{"@type":"EntryPoint","urlTemplate":"https:\/\/www.vivi-litalia.it\/?s={search_term_string}"},"query-input":{"@type":"PropertyValueSpecification","valueRequired":true,"valueName":"search_term_string"}}],"inLanguage":"en-GB"},{"@type":"Organization","@id":"https:\/\/www.vivi-litalia.it\/#organization","name":"Vivi l'Italia","url":"https:\/\/www.vivi-litalia.it\/","logo":{"@type":"ImageObject","inLanguage":"en-GB","@id":"https:\/\/www.vivi-litalia.it\/#\/schema\/logo\/image\/","url":"https:\/\/www.vivi-litalia.it\/wp-content\/uploads\/2025\/08\/Color-logo_no-background-1-scaled.png","contentUrl":"https:\/\/www.vivi-litalia.it\/wp-content\/uploads\/2025\/08\/Color-logo_no-background-1-scaled.png","width":2560,"height":1186,"caption":"Vivi l'Italia"},"image":{"@id":"https:\/\/www.vivi-litalia.it\/#\/schema\/logo\/image\/"}}]}},"_links":{"self":[{"href":"https:\/\/www.vivi-litalia.it\/en\/wp-json\/wp\/v2\/pages\/2706","targetHints":{"allow":["GET"]}}],"collection":[{"href":"https:\/\/www.vivi-litalia.it\/en\/wp-json\/wp\/v2\/pages"}],"about":[{"href":"https:\/\/www.vivi-litalia.it\/en\/wp-json\/wp\/v2\/types\/page"}],"author":[{"embeddable":true,"href":"https:\/\/www.vivi-litalia.it\/en\/wp-json\/wp\/v2\/users\/1"}],"replies":[{"embeddable":true,"href":"https:\/\/www.vivi-litalia.it\/en\/wp-json\/wp\/v2\/comments?post=2706"}],"version-history":[{"count":122,"href":"https:\/\/www.vivi-litalia.it\/en\/wp-json\/wp\/v2\/pages\/2706\/revisions"}],"predecessor-version":[{"id":4235,"href":"https:\/\/www.vivi-litalia.it\/en\/wp-json\/wp\/v2\/pages\/2706\/revisions\/4235"}],"wp:attachment":[{"href":"https:\/\/www.vivi-litalia.it\/en\/wp-json\/wp\/v2\/media?parent=2706"}],"curies":[{"name":"wp","href":"https:\/\/api.w.org\/{rel}","templated":true}]}}