{"id":2919,"date":"2025-10-15T09:48:16","date_gmt":"2025-10-15T09:48:16","guid":{"rendered":"https:\/\/www.vivi-litalia.it\/?page_id=2919"},"modified":"2025-12-11T11:41:51","modified_gmt":"2025-12-11T11:41:51","slug":"kunst-und-kultur-in-der-toskana","status":"publish","type":"page","link":"https:\/\/www.vivi-litalia.it\/en\/kunst-und-kultur-in-der-toskana\/","title":{"rendered":"Art and culture in Tuscany"},"content":{"rendered":"<div data-elementor-type=\"wp-page\" data-elementor-id=\"2919\" class=\"elementor elementor-2919\" data-elementor-post-type=\"page\">\n\t\t\t\t<div class=\"elementor-element elementor-element-dd12931 e-con-full e-flex e-con e-parent\" data-id=\"dd12931\" data-element_type=\"container\" data-e-type=\"container\" data-settings=\"{&quot;background_background&quot;:&quot;classic&quot;}\">\n\t\t<div class=\"elementor-element elementor-element-1ca71e9 e-con-full e-flex e-con e-child\" data-id=\"1ca71e9\" data-element_type=\"container\" data-e-type=\"container\" data-settings=\"{&quot;background_background&quot;:&quot;classic&quot;}\">\n\t\t\t\t<\/div>\n\t\t\t\t<\/div>\n\t\t<div class=\"elementor-element elementor-element-fa5da61 e-flex e-con-boxed e-con e-parent\" data-id=\"fa5da61\" data-element_type=\"container\" data-e-type=\"container\">\n\t\t\t\t\t<div class=\"e-con-inner\">\n\t\t<div class=\"elementor-element elementor-element-4e73926 e-con-full e-flex e-con e-child\" data-id=\"4e73926\" data-element_type=\"container\" data-e-type=\"container\">\n\t\t\t\t<div class=\"elementor-element elementor-element-e3d28f5 elementor-widget elementor-widget-heading\" data-id=\"e3d28f5\" data-element_type=\"widget\" data-e-type=\"widget\" data-widget_type=\"heading.default\">\n\t\t\t\t<div class=\"elementor-widget-container\">\n\t\t\t\t\t<h1 class=\"elementor-heading-title elementor-size-default\">Art and culture in Tuscany<\/h1>\t\t\t\t<\/div>\n\t\t\t\t<\/div>\n\t\t\t\t<div class=\"elementor-element elementor-element-5fe12d4 elementor-widget__width-initial elementor-widget elementor-widget-text-editor\" data-id=\"5fe12d4\" data-element_type=\"widget\" data-e-type=\"widget\" data-widget_type=\"text-editor.default\">\n\t\t\t\t<div class=\"elementor-widget-container\">\n\t\t\t\t\t\t\t\t\t<p class=\"p1\">Site stay 7 days \/ 6 nights<\/p>\t\t\t\t\t\t\t\t<\/div>\n\t\t\t\t<\/div>\n\t\t<div class=\"elementor-element elementor-element-547931d e-con-full e-flex e-con e-child\" data-id=\"547931d\" data-element_type=\"container\" data-e-type=\"container\">\n\t\t\t\t<div class=\"elementor-element elementor-element-d8cbc56 elementor-widget elementor-widget-timeline-widget-addon\" data-id=\"d8cbc56\" data-element_type=\"widget\" data-e-type=\"widget\" data-widget_type=\"timeline-widget-addon.default\">\n\t\t\t\t<div class=\"elementor-widget-container\">\n\t\t\t\t\t<!-- ========= Timeline Widget Addon For Elementor 1.6.24 ========= -->\n<div id=\"twae-wrapper-d8cbc56\" class=\"twae-vertical twae-wrapper  twae-both-sided\">   \n    <div class=\"twae-start\"><\/div>    \n    <div id=\"twea-timeline-d8cbc56\" class=\"twae-timeline\" ><!-- Start of Story Repeater Content --><div id=\"story-3834dd2\" class=\"twae-story twae-repeater-item twae-story-right twae-story-no-icon\"><!-- Story Icon --><div class=\"twae-icon\"><i aria-hidden=\"true\" class=\"far fa-calendar-alt\"><\/i><\/div><!-- Story Arrow --><div class=\"twae-arrow\"><\/div><!-- Start of Story Content --><div class=\"twae-content\"><!-- Story Title --><div class=\"twae-title\">Day 1: Arrival<\/div><!-- Story Description --><div class=\"twae-description\"><p class=\"p1\">Arrival at the hotel in or around Montecatini, check-in, welcome cocktail, dinner and overnight stay.<\/p><\/div><\/div><\/div><!-- Start of Story Repeater Content --><div id=\"story-a71e017\" class=\"twae-story twae-repeater-item twae-story-left twae-story-no-icon\"><!-- Story Icon --><div class=\"twae-icon\"><i aria-hidden=\"true\" class=\"far fa-calendar-alt\"><\/i><\/div><!-- Story Arrow --><div class=\"twae-arrow\"><\/div><!-- Start of Story Content --><div class=\"twae-content\"><!-- Story Title --><div class=\"twae-title\">Day 2: Pisa - Lucca<\/div><!-- Story Description --><div class=\"twae-description\"><p data-start=\"121\" data-end=\"536\">In the Arno Valley, near the river\u2019s mouth, lies Pisa \u2013 birthplace of Galileo Galilei and once a powerful maritime republic. Its landmarks, the Cathedral, Baptistery and world-famous Leaning Tower on the Campo dei Miracoli, embody its rich past. Continue to Lucca, Puccini\u2019s hometown, known for its well-preserved city walls, Romanesque churches and enchanting old town filled with history and charm.<\/p><\/div><\/div><\/div><!-- Start of Story Repeater Content --><div id=\"story-ed9235f\" class=\"twae-story twae-repeater-item twae-story-right twae-story-no-icon\"><!-- Story Icon --><div class=\"twae-icon\"><i aria-hidden=\"true\" class=\"far fa-calendar-alt\"><\/i><\/div><!-- Story Arrow --><div class=\"twae-arrow\"><\/div><!-- Start of Story Content --><div class=\"twae-content\"><!-- Story Title --><div class=\"twae-title\">Day 3: San Gimignano \u2013 Volterra<\/div><!-- Story Description --><div class=\"twae-description\"><p data-start=\"112\" data-end=\"658\">Visit San Gimignano, the city of towers, whose historic centre is a UNESCO World Heritage Site. Stroll through its medieval lanes lined with palaces and stone houses. In the afternoon, continue to Volterra to see the Cathedral, Piazza and Palazzo dei Priori, the Etruscan Gate and Roman Theatre. Famous for its alabaster craftsmanship, the town offers stunning panoramic views over Tuscany\u2019s rolling hills.<\/p><\/div><\/div><\/div><!-- Start of Story Repeater Content --><div id=\"story-2484598\" class=\"twae-story twae-repeater-item twae-story-left twae-story-no-icon\"><!-- Story Icon --><div class=\"twae-icon\"><i aria-hidden=\"true\" class=\"far fa-calendar-alt\"><\/i><\/div><!-- Story Arrow --><div class=\"twae-arrow\"><\/div><!-- Start of Story Content --><div class=\"twae-content\"><!-- Story Title --><div class=\"twae-title\">Day 4: Florence<\/div><!-- Story Description --><div class=\"twae-description\"><p data-start=\"121\" data-end=\"582\">In Florence, birthplace of Dante, artists such as Giotto, Donatello and Michelangelo created timeless masterpieces under the patronage of the Medici family. Highlights include the Cathedral with its majestic dome, the Baptistery with the \u201cGates of Paradise\u201d, the Orsanmichele Church, Piazza della Signoria with Palazzo Vecchio, and the Uffizi Gallery. A stroll through Florence is a journey into the heart of the Renaissance.<\/p><\/div><\/div><\/div><!-- Start of Story Repeater Content --><div id=\"story-050af11\" class=\"twae-story twae-repeater-item twae-story-right twae-story-no-icon\"><!-- Story Icon --><div class=\"twae-icon\"><i aria-hidden=\"true\" class=\"far fa-calendar-alt\"><\/i><\/div><!-- Story Arrow --><div class=\"twae-arrow\"><\/div><!-- Start of Story Content --><div class=\"twae-content\"><!-- Story Title --><div class=\"twae-title\">Day 5: Siena \u2013 Daniel Spoerri Sculpture Park<\/div><!-- Story Description --><div class=\"twae-description\"><p data-start=\"112\" data-end=\"558\">Drive through the rolling Chianti hills to Siena, a Gothic city of timeless charm and a UNESCO World Heritage Site. Highlights include the Piazza del Campo, home to the famous Palio horse race, the magnificent Cathedral and the Torre del Mangia. Continue to Daniel Spoerri\u2019s sculpture park Il Giardino, where art and nature blend in captivating harmony.<\/p><\/div><\/div><\/div><!-- Start of Story Repeater Content --><div id=\"story-c7501a3\" class=\"twae-story twae-repeater-item twae-story-left twae-story-no-icon\"><!-- Story Icon --><div class=\"twae-icon\"><i aria-hidden=\"true\" class=\"far fa-calendar-alt\"><\/i><\/div><!-- Story Arrow --><div class=\"twae-arrow\"><\/div><!-- Start of Story Content --><div class=\"twae-content\"><!-- Story Title --><div class=\"twae-title\">Day 6: Tarot Garden \u2013 Montepulciano<\/div><!-- Story Description --><div class=\"twae-description\"><p data-start=\"94\" data-end=\"443\">The Giardino dei Tarocchi was created by artist Niki de Saint Phalle, inspired by Gaud\u00ed\u2019s Park G\u00fcell. Its 22 colourful sculptures, some rising up to 15 metres, form a dazzling mosaic world of imagination. Continue to Montepulciano to visit the Renaissance church of San Biagio, Piazza Grande and the Cathedral \u2014 with time to enjoy the town\u2019s renowned wines.<\/p><\/div><\/div><\/div><!-- Start of Story Repeater Content --><div id=\"story-a124032\" class=\"twae-story twae-repeater-item twae-story-right twae-story-no-icon\"><!-- Story Icon --><div class=\"twae-icon\"><i aria-hidden=\"true\" class=\"far fa-calendar-alt\"><\/i><\/div><!-- Story Arrow --><div class=\"twae-arrow\"><\/div><!-- Start of Story Content --><div class=\"twae-content\"><!-- Story Title --><div class=\"twae-title\">Day 7: Return home<\/div><!-- Story Description --><div class=\"twae-description\"><p class=\"p1\">After breakfast, return home.<\/p><\/div><\/div><\/div><\/div>\n    <div class=\"twae-end\"><\/div>\n    <\/div><style type=\"text\/css\">@media (max-width: 1024px){ .twae-wrapper{--tw-ybx-size: 80px !important;}}@media (max-width: 767px){ .twae-wrapper{--tw-ybx-size: 80px !important}}<\/style>\t\t\t\t<\/div>\n\t\t\t\t<\/div>\n\t\t\t\t<\/div>\n\t\t\t\t<\/div>\n\t\t\t\t\t<\/div>\n\t\t\t\t<\/div>\n\t\t\t\t<\/div>","protected":false},"excerpt":{"rendered":"<p>Kunst und Kultur in der Toskana Standortaufenthalt 7 Tage \/ 6 \u00dcbernachtungen 1.Tag: Ankunft Ankunft im Hotel in oder im Raum Montecatini, Check-In, Begr\u00fc\u00dfungscock- tail, Abendessen und \u00dcbernachtung. 2. Tag: Pisa &#8211; Lucca Im Arno-Tal, nahe der Flussm\u00fcndung, liegt Pisa \u2013 Geburtsstadt von Galileo Galilei und einst m\u00e4chtige Seerepublik. Der Dom, das Baptisterium und der [&hellip;]<\/p>\n","protected":false},"author":1,"featured_media":0,"parent":0,"menu_order":0,"comment_status":"closed","ping_status":"closed","template":"","meta":{"footnotes":""},"class_list":["post-2919","page","type-page","status-publish","hentry"],"yoast_head":"<!-- This site is optimized with the Yoast SEO plugin v27.4 - https:\/\/yoast.com\/product\/yoast-seo-wordpress\/ -->\n<title>Kunst &amp; Kultur in der Toskana \u2013 Erlebnisreise | Vivitalia<\/title>\n<meta name=\"description\" content=\"Kunst &amp; Kultur in der Toskana \u2013 entdecken Sie Florenz, Pisa &amp; Siena. Eine Reise voller Geschichte, Kunst und Genuss mit Vivitalia.\" \/>\n<meta name=\"robots\" content=\"index, follow, max-snippet:-1, max-image-preview:large, max-video-preview:-1\" \/>\n<link rel=\"canonical\" href=\"https:\/\/www.vivi-litalia.it\/en\/kunst-und-kultur-in-der-toskana\/\" \/>\n<meta property=\"og:locale\" content=\"en_GB\" \/>\n<meta property=\"og:type\" content=\"article\" \/>\n<meta property=\"og:title\" content=\"Kunst &amp; Kultur in der Toskana \u2013 Erlebnisreise | Vivitalia\" \/>\n<meta property=\"og:description\" content=\"Kunst &amp; Kultur in der Toskana \u2013 entdecken Sie Florenz, Pisa &amp; Siena. Eine Reise voller Geschichte, Kunst und Genuss mit Vivitalia.\" \/>\n<meta property=\"og:url\" content=\"https:\/\/www.vivi-litalia.it\/en\/kunst-und-kultur-in-der-toskana\/\" \/>\n<meta property=\"og:site_name\" content=\"Vivi l&#039;Italia\" \/>\n<meta property=\"article:modified_time\" content=\"2025-12-11T11:41:51+00:00\" \/>\n<meta name=\"twitter:card\" content=\"summary_large_image\" \/>\n<meta name=\"twitter:label1\" content=\"Estimated reading time\" \/>\n\t<meta name=\"twitter:data1\" content=\"2 minutes\" \/>\n<script type=\"application\/ld+json\" class=\"yoast-schema-graph\">{\"@context\":\"https:\\\/\\\/schema.org\",\"@graph\":[{\"@type\":\"WebPage\",\"@id\":\"https:\\\/\\\/www.vivi-litalia.it\\\/kunst-und-kultur-in-der-toskana\\\/\",\"url\":\"https:\\\/\\\/www.vivi-litalia.it\\\/kunst-und-kultur-in-der-toskana\\\/\",\"name\":\"Kunst & Kultur in der Toskana \u2013 Erlebnisreise | Vivitalia\",\"isPartOf\":{\"@id\":\"https:\\\/\\\/www.vivi-litalia.it\\\/#website\"},\"datePublished\":\"2025-10-15T09:48:16+00:00\",\"dateModified\":\"2025-12-11T11:41:51+00:00\",\"description\":\"Kunst & Kultur in der Toskana \u2013 entdecken Sie Florenz, Pisa & Siena. Eine Reise voller Geschichte, Kunst und Genuss mit Vivitalia.\",\"breadcrumb\":{\"@id\":\"https:\\\/\\\/www.vivi-litalia.it\\\/kunst-und-kultur-in-der-toskana\\\/#breadcrumb\"},\"inLanguage\":\"en-GB\",\"potentialAction\":[{\"@type\":\"ReadAction\",\"target\":[\"https:\\\/\\\/www.vivi-litalia.it\\\/kunst-und-kultur-in-der-toskana\\\/\"]}]},{\"@type\":\"BreadcrumbList\",\"@id\":\"https:\\\/\\\/www.vivi-litalia.it\\\/kunst-und-kultur-in-der-toskana\\\/#breadcrumb\",\"itemListElement\":[{\"@type\":\"ListItem\",\"position\":1,\"name\":\"Startseite\",\"item\":\"https:\\\/\\\/www.vivi-litalia.it\\\/\"},{\"@type\":\"ListItem\",\"position\":2,\"name\":\"Kunst und Kultur in der Toskana\"}]},{\"@type\":\"WebSite\",\"@id\":\"https:\\\/\\\/www.vivi-litalia.it\\\/#website\",\"url\":\"https:\\\/\\\/www.vivi-litalia.it\\\/\",\"name\":\"Vivi l'Italia\",\"description\":\"Italien Erleben\",\"publisher\":{\"@id\":\"https:\\\/\\\/www.vivi-litalia.it\\\/#organization\"},\"potentialAction\":[{\"@type\":\"SearchAction\",\"target\":{\"@type\":\"EntryPoint\",\"urlTemplate\":\"https:\\\/\\\/www.vivi-litalia.it\\\/?s={search_term_string}\"},\"query-input\":{\"@type\":\"PropertyValueSpecification\",\"valueRequired\":true,\"valueName\":\"search_term_string\"}}],\"inLanguage\":\"en-GB\"},{\"@type\":\"Organization\",\"@id\":\"https:\\\/\\\/www.vivi-litalia.it\\\/#organization\",\"name\":\"Vivi l'Italia\",\"url\":\"https:\\\/\\\/www.vivi-litalia.it\\\/\",\"logo\":{\"@type\":\"ImageObject\",\"inLanguage\":\"en-GB\",\"@id\":\"https:\\\/\\\/www.vivi-litalia.it\\\/#\\\/schema\\\/logo\\\/image\\\/\",\"url\":\"https:\\\/\\\/www.vivi-litalia.it\\\/wp-content\\\/uploads\\\/2025\\\/08\\\/Color-logo_no-background-1-scaled.png\",\"contentUrl\":\"https:\\\/\\\/www.vivi-litalia.it\\\/wp-content\\\/uploads\\\/2025\\\/08\\\/Color-logo_no-background-1-scaled.png\",\"width\":2560,\"height\":1186,\"caption\":\"Vivi l'Italia\"},\"image\":{\"@id\":\"https:\\\/\\\/www.vivi-litalia.it\\\/#\\\/schema\\\/logo\\\/image\\\/\"}}]}<\/script>\n<!-- \/ Yoast SEO plugin. -->","yoast_head_json":{"title":"Kunst & Kultur in der Toskana \u2013 Erlebnisreise | Vivitalia","description":"Kunst & Kultur in der Toskana \u2013 entdecken Sie Florenz, Pisa & Siena. Eine Reise voller Geschichte, Kunst und Genuss mit Vivitalia.","robots":{"index":"index","follow":"follow","max-snippet":"max-snippet:-1","max-image-preview":"max-image-preview:large","max-video-preview":"max-video-preview:-1"},"canonical":"https:\/\/www.vivi-litalia.it\/en\/kunst-und-kultur-in-der-toskana\/","og_locale":"en_GB","og_type":"article","og_title":"Kunst & Kultur in der Toskana \u2013 Erlebnisreise | Vivitalia","og_description":"Kunst & Kultur in der Toskana \u2013 entdecken Sie Florenz, Pisa & Siena. Eine Reise voller Geschichte, Kunst und Genuss mit Vivitalia.","og_url":"https:\/\/www.vivi-litalia.it\/en\/kunst-und-kultur-in-der-toskana\/","og_site_name":"Vivi l&#039;Italia","article_modified_time":"2025-12-11T11:41:51+00:00","twitter_card":"summary_large_image","twitter_misc":{"Estimated reading time":"2 minutes"},"schema":{"@context":"https:\/\/schema.org","@graph":[{"@type":"WebPage","@id":"https:\/\/www.vivi-litalia.it\/kunst-und-kultur-in-der-toskana\/","url":"https:\/\/www.vivi-litalia.it\/kunst-und-kultur-in-der-toskana\/","name":"Kunst & Kultur in der Toskana \u2013 Erlebnisreise | Vivitalia","isPartOf":{"@id":"https:\/\/www.vivi-litalia.it\/#website"},"datePublished":"2025-10-15T09:48:16+00:00","dateModified":"2025-12-11T11:41:51+00:00","description":"Kunst & Kultur in der Toskana \u2013 entdecken Sie Florenz, Pisa & Siena. Eine Reise voller Geschichte, Kunst und Genuss mit Vivitalia.","breadcrumb":{"@id":"https:\/\/www.vivi-litalia.it\/kunst-und-kultur-in-der-toskana\/#breadcrumb"},"inLanguage":"en-GB","potentialAction":[{"@type":"ReadAction","target":["https:\/\/www.vivi-litalia.it\/kunst-und-kultur-in-der-toskana\/"]}]},{"@type":"BreadcrumbList","@id":"https:\/\/www.vivi-litalia.it\/kunst-und-kultur-in-der-toskana\/#breadcrumb","itemListElement":[{"@type":"ListItem","position":1,"name":"Startseite","item":"https:\/\/www.vivi-litalia.it\/"},{"@type":"ListItem","position":2,"name":"Kunst und Kultur in der Toskana"}]},{"@type":"WebSite","@id":"https:\/\/www.vivi-litalia.it\/#website","url":"https:\/\/www.vivi-litalia.it\/","name":"Vivi l'Italia","description":"Italien Erleben","publisher":{"@id":"https:\/\/www.vivi-litalia.it\/#organization"},"potentialAction":[{"@type":"SearchAction","target":{"@type":"EntryPoint","urlTemplate":"https:\/\/www.vivi-litalia.it\/?s={search_term_string}"},"query-input":{"@type":"PropertyValueSpecification","valueRequired":true,"valueName":"search_term_string"}}],"inLanguage":"en-GB"},{"@type":"Organization","@id":"https:\/\/www.vivi-litalia.it\/#organization","name":"Vivi l'Italia","url":"https:\/\/www.vivi-litalia.it\/","logo":{"@type":"ImageObject","inLanguage":"en-GB","@id":"https:\/\/www.vivi-litalia.it\/#\/schema\/logo\/image\/","url":"https:\/\/www.vivi-litalia.it\/wp-content\/uploads\/2025\/08\/Color-logo_no-background-1-scaled.png","contentUrl":"https:\/\/www.vivi-litalia.it\/wp-content\/uploads\/2025\/08\/Color-logo_no-background-1-scaled.png","width":2560,"height":1186,"caption":"Vivi l'Italia"},"image":{"@id":"https:\/\/www.vivi-litalia.it\/#\/schema\/logo\/image\/"}}]}},"_links":{"self":[{"href":"https:\/\/www.vivi-litalia.it\/en\/wp-json\/wp\/v2\/pages\/2919","targetHints":{"allow":["GET"]}}],"collection":[{"href":"https:\/\/www.vivi-litalia.it\/en\/wp-json\/wp\/v2\/pages"}],"about":[{"href":"https:\/\/www.vivi-litalia.it\/en\/wp-json\/wp\/v2\/types\/page"}],"author":[{"embeddable":true,"href":"https:\/\/www.vivi-litalia.it\/en\/wp-json\/wp\/v2\/users\/1"}],"replies":[{"embeddable":true,"href":"https:\/\/www.vivi-litalia.it\/en\/wp-json\/wp\/v2\/comments?post=2919"}],"version-history":[{"count":46,"href":"https:\/\/www.vivi-litalia.it\/en\/wp-json\/wp\/v2\/pages\/2919\/revisions"}],"predecessor-version":[{"id":4238,"href":"https:\/\/www.vivi-litalia.it\/en\/wp-json\/wp\/v2\/pages\/2919\/revisions\/4238"}],"wp:attachment":[{"href":"https:\/\/www.vivi-litalia.it\/en\/wp-json\/wp\/v2\/media?parent=2919"}],"curies":[{"name":"wp","href":"https:\/\/api.w.org\/{rel}","templated":true}]}}