{"id":2940,"date":"2025-10-15T10:14:10","date_gmt":"2025-10-15T10:14:10","guid":{"rendered":"https:\/\/www.vivi-litalia.it\/?page_id=2940"},"modified":"2025-12-11T11:46:57","modified_gmt":"2025-12-11T11:46:57","slug":"sizilien-kultur-und-genussreise","status":"publish","type":"page","link":"https:\/\/www.vivi-litalia.it\/en\/sizilien-kultur-und-genussreise\/","title":{"rendered":"Sicily: Culture and Gourmet Tour"},"content":{"rendered":"<div data-elementor-type=\"wp-page\" data-elementor-id=\"2940\" class=\"elementor elementor-2940\" data-elementor-post-type=\"page\">\n\t\t\t\t<div class=\"elementor-element elementor-element-dd12931 e-con-full e-flex e-con e-parent\" data-id=\"dd12931\" data-element_type=\"container\" data-e-type=\"container\" data-settings=\"{&quot;background_background&quot;:&quot;classic&quot;}\">\n\t\t<div class=\"elementor-element elementor-element-1ca71e9 e-con-full e-flex e-con e-child\" data-id=\"1ca71e9\" data-element_type=\"container\" data-e-type=\"container\" data-settings=\"{&quot;background_background&quot;:&quot;classic&quot;}\">\n\t\t\t\t<\/div>\n\t\t\t\t<\/div>\n\t\t<div class=\"elementor-element elementor-element-fa5da61 e-flex e-con-boxed e-con e-parent\" data-id=\"fa5da61\" data-element_type=\"container\" data-e-type=\"container\">\n\t\t\t\t\t<div class=\"e-con-inner\">\n\t\t<div class=\"elementor-element elementor-element-4e73926 e-con-full e-flex e-con e-child\" data-id=\"4e73926\" data-element_type=\"container\" data-e-type=\"container\">\n\t\t\t\t<div class=\"elementor-element elementor-element-e3d28f5 elementor-widget elementor-widget-heading\" data-id=\"e3d28f5\" data-element_type=\"widget\" data-e-type=\"widget\" data-widget_type=\"heading.default\">\n\t\t\t\t<div class=\"elementor-widget-container\">\n\t\t\t\t\t<h1 class=\"elementor-heading-title elementor-size-default\">Sicily: Culture and Gourmet Tour<\/h1>\t\t\t\t<\/div>\n\t\t\t\t<\/div>\n\t\t\t\t<div class=\"elementor-element elementor-element-5fe12d4 elementor-widget__width-initial elementor-widget elementor-widget-text-editor\" data-id=\"5fe12d4\" data-element_type=\"widget\" data-e-type=\"widget\" data-widget_type=\"text-editor.default\">\n\t\t\t\t<div class=\"elementor-widget-container\">\n\t\t\t\t\t\t\t\t\t<p class=\"p1\">Flight 8 days \/ 7 nights<\/p>\t\t\t\t\t\t\t\t<\/div>\n\t\t\t\t<\/div>\n\t\t<div class=\"elementor-element elementor-element-547931d e-con-full e-flex e-con e-child\" data-id=\"547931d\" data-element_type=\"container\" data-e-type=\"container\">\n\t\t\t\t<div class=\"elementor-element elementor-element-c5d458e elementor-widget elementor-widget-timeline-widget-addon\" data-id=\"c5d458e\" data-element_type=\"widget\" data-e-type=\"widget\" data-widget_type=\"timeline-widget-addon.default\">\n\t\t\t\t<div class=\"elementor-widget-container\">\n\t\t\t\t\t<!-- ========= Timeline Widget Addon For Elementor 1.6.24 ========= -->\n<div id=\"twae-wrapper-c5d458e\" class=\"twae-vertical twae-wrapper  twae-both-sided\">   \n    <div class=\"twae-start\"><\/div>    \n    <div id=\"twea-timeline-c5d458e\" class=\"twae-timeline\" ><!-- Start of Story Repeater Content --><div id=\"story-3834dd2\" class=\"twae-story twae-repeater-item twae-story-right twae-story-no-icon\"><!-- Story Icon --><div class=\"twae-icon\"><i aria-hidden=\"true\" class=\"far fa-calendar-alt\"><\/i><\/div><!-- Story Arrow --><div class=\"twae-arrow\"><\/div><!-- Start of Story Content --><div class=\"twae-content\"><!-- Story Title --><div class=\"twae-title\">Day 1: Arrival<\/div><!-- Story Description --><div class=\"twae-description\"><p class=\"p1\">Arrival at Catania Airport and welcome by the tour guide. Transfer to the hotel in or around Palermo. Check-in, welcome cocktail, dinner and overnight stay.<\/p><\/div><\/div><\/div><!-- Start of Story Repeater Content --><div id=\"story-a71e017\" class=\"twae-story twae-repeater-item twae-story-left twae-story-no-icon\"><!-- Story Icon --><div class=\"twae-icon\"><i aria-hidden=\"true\" class=\"far fa-calendar-alt\"><\/i><\/div><!-- Story Arrow --><div class=\"twae-arrow\"><\/div><!-- Start of Story Content --><div class=\"twae-content\"><!-- Story Title --><div class=\"twae-title\">Day 2: Palermo - Monreale<\/div><!-- Story Description --><div class=\"twae-description\"><p data-start=\"121\" data-end=\"547\" class=\"translation-block\">City tour of Palermo with a stroll through one of its colourful, Arab-influenced markets such as \u201cCapo,\u201d \u201cBallar\u00f2,\u201d or \u201cVucciria.\u201d Visit the Norman Palace with its magnificent Palatine Chapel and the 12th-century Cathedral. Continue to Monreale to admire the famous Cathedral with its golden Byzantine mosaics and the Benedictine cloister. Free time in the historic town centre. Tip: Optional Sicilian street food lunch \u2014 taste arancine, panelle, caponata and calzoni fritti amidst the vibrant atmosphere of the city\u2019s markets.<\/p><\/div><\/div><\/div><!-- Start of Story Repeater Content --><div id=\"story-ed9235f\" class=\"twae-story twae-repeater-item twae-story-right twae-story-no-icon\"><!-- Story Icon --><div class=\"twae-icon\"><i aria-hidden=\"true\" class=\"far fa-calendar-alt\"><\/i><\/div><!-- Story Arrow --><div class=\"twae-arrow\"><\/div><!-- Start of Story Content --><div class=\"twae-content\"><!-- Story Title --><div class=\"twae-title\">Day 3: Segesta - Erice - Trapani<\/div><!-- Story Description --><div class=\"twae-description\"><p data-start=\"181\" data-end=\"721\" class=\"translation-block\">Drive to Segesta to visit the remarkably preserved Doric temple and ancient theatre. Continue to Erice for a walk through its flower-adorned streets and visit a traditional pastry shop to sample the local almond delicacy, Ericini. Explore the Cathedral, the medieval Pepoli Castle and the scenic town park. Then enjoy a panoramic drive along the salt pans of Trapani with their picturesque windmills. Return to the hotel for dinner and overnight stay. Tip: Optional rustic lunch featuring Pani Cunzatu \u2014 warm country bread topped with olive oil, anchovies, Sicilian cheese, tomatoes and oregano \u2014 a true island delight!<\/p><\/div><\/div><\/div><!-- Start of Story Repeater Content --><div id=\"story-2484598\" class=\"twae-story twae-repeater-item twae-story-left twae-story-no-icon\"><!-- Story Icon --><div class=\"twae-icon\"><i aria-hidden=\"true\" class=\"far fa-calendar-alt\"><\/i><\/div><!-- Story Arrow --><div class=\"twae-arrow\"><\/div><!-- Start of Story Content --><div class=\"twae-content\"><!-- Story Title --><div class=\"twae-title\">Day 4: Cefal\u00f9 \u2013 Castelbuono<\/div><!-- Story Description --><div class=\"twae-description\"><p data-start=\"194\" data-end=\"813\" class=\"translation-block\">Drive to Cefal\u00f9, a charming seaside town on Sicily\u2019s northern coast. Visit the Norman Cathedral with its golden Byzantine mosaics and the ancient Arab washhouse. Continue into the Madonie Mountains to Castelbuono for a stroll through this picturesque village. Optional tasting of \u201cManna,\u201d known for its healing and detoxifying properties. Return to the hotel for dinner and overnight stay. Tip: Optional visit to a prestigious winery in the Madonie region. Enjoy a wine tasting paired with regional antipasti \u2014 cured meats, cheeses, olives and bruschette \u2014 in a refined yet rustic Sicilian setting among the vineyards.<\/p><\/div><\/div><\/div><!-- Start of Story Repeater Content --><div id=\"story-050af11\" class=\"twae-story twae-repeater-item twae-story-right twae-story-no-icon\"><!-- Story Icon --><div class=\"twae-icon\"><i aria-hidden=\"true\" class=\"far fa-calendar-alt\"><\/i><\/div><!-- Story Arrow --><div class=\"twae-arrow\"><\/div><!-- Start of Story Content --><div class=\"twae-content\"><!-- Story Title --><div class=\"twae-title\">Day 5: Agrigento \u2013 P. Armerina<\/div><!-- Story Description --><div class=\"twae-description\"><p data-start=\"200\" data-end=\"592\" class=\"translation-block\">Drive to Agrigento for a guided tour of the world-famous Valley of the Temples, featuring the sanctuaries of Juno, Concordia, Zeus, Hercules, and the Dioscuri. Continue through Sicily\u2019s scenic countryside to Piazza Armerina to visit the Roman Villa del Casale, renowned for its splendid mosaics, including the famous \u201cBikini Girls.\u201d Travel on to your hotel in the Acireale area for dinner and overnight stay. Tip: Optional rustic Sicilian dinner in a countryside trattoria \u2014 enjoy bruschette, Pasta alla Norma, fresh fruit and local wine in an authentic rural setting.<\/p><\/div><\/div><\/div><!-- Start of Story Repeater Content --><div id=\"story-c7501a3\" class=\"twae-story twae-repeater-item twae-story-left twae-story-no-icon\"><!-- Story Icon --><div class=\"twae-icon\"><i aria-hidden=\"true\" class=\"far fa-calendar-alt\"><\/i><\/div><!-- Story Arrow --><div class=\"twae-arrow\"><\/div><!-- Start of Story Content --><div class=\"twae-content\"><!-- Story Title --><div class=\"twae-title\">Day 6: Etna \u2013 Taormina<\/div><!-- Story Description --><div class=\"twae-description\"><p data-start=\"205\" data-end=\"769\" class=\"translation-block\">Excursion to Mount Etna, Europe\u2019s highest active volcano. Drive by coach to the Silvestri Craters at about 1,900 m, with an optional ascent by special vehicles to around 2,900 m (weather permitting). In the afternoon, visit the world-famous town of Taormina, admired for its stunning views and its ancient Greek-Roman theatre. Stroll through the charming streets and perhaps visit Palazzo Corvaia. Return to the hotel for dinner and overnight stay. Tip: Optional rustic lunch at a citrus estate on Etna\u2019s slopes \u2013 enjoy Sicilian starters, grilled salsiccia, farmhouse bread, orange salad, crostata dessert and a glass of fiery Etna wine.<\/p><\/div><\/div><\/div><!-- Start of Story Repeater Content --><div id=\"story-a124032\" class=\"twae-story twae-repeater-item twae-story-right twae-story-no-icon\"><!-- Story Icon --><div class=\"twae-icon\"><i aria-hidden=\"true\" class=\"far fa-calendar-alt\"><\/i><\/div><!-- Story Arrow --><div class=\"twae-arrow\"><\/div><!-- Start of Story Content --><div class=\"twae-content\"><!-- Story Title --><div class=\"twae-title\">Day 7: Catania \u2013 Syracuse<\/div><!-- Story Description --><div class=\"twae-description\"><p class=\"p1 translation-block\">After breakfast, visit Catania, Sicily\u2019s second-largest city, rebuilt in Baroque style after the devastating eruption of Mount Etna in 1669 and the earthquake of 1693. Walk along Via Etnea with its palaces and visit the Cathedral and the lively fish market. Continue to Syracuse, once the most powerful Greek city in Sicily, to explore the Archaeological Park \u201cParco della Neapolis\u201d with its Greek theatre, Roman amphitheatre and the famous \u201cEar of Dionysius.\u201d Then stroll through the old town on Ortygia Island to see the Cathedral and the Fountain of Arethusa. Return to the hotel for dinner and overnight stay.\nTip: Optional seafood lunch featuring pasta with mussels or swordfish, grilled fillets or fried calamari, salad and refreshing lemon sorbet.<\/p><\/div><\/div><\/div><!-- Start of Story Repeater Content --><div id=\"story-e116705\" class=\"twae-story twae-repeater-item twae-story-left twae-story-no-icon\"><!-- Story Icon --><div class=\"twae-icon\"><i aria-hidden=\"true\" class=\"far fa-calendar-alt\"><\/i><\/div><!-- Story Arrow --><div class=\"twae-arrow\"><\/div><!-- Start of Story Content --><div class=\"twae-content\"><!-- Story Title --><div class=\"twae-title\">Day 8: Departure from Catania<\/div><!-- Story Description --><div class=\"twae-description\"><p class=\"p1\">Breakfast at the hotel. Transfer to Catania airport and return flight home.<\/p><\/div><\/div><\/div><\/div>\n    <div class=\"twae-end\"><\/div>\n    <\/div><style type=\"text\/css\">@media (max-width: 1024px){ .twae-wrapper{--tw-ybx-size: 80px !important;}}@media (max-width: 767px){ .twae-wrapper{--tw-ybx-size: 80px !important}}<\/style>\t\t\t\t<\/div>\n\t\t\t\t<\/div>\n\t\t\t\t<\/div>\n\t\t\t\t<\/div>\n\t\t\t\t\t<\/div>\n\t\t\t\t<\/div>\n\t\t\t\t<\/div>","protected":false},"excerpt":{"rendered":"<p>Sizilien: Kultur- und Genussreise Flugreise 8 Tage \/ 7 \u00dcbernachtungen 1. Tag: Ankunft Ankunft am Flughafen Catania und Empfang durch die Reiseleitung. Transfer zum Hotel in bzw. im Raum Palermo. Check-In, Begr\u00fc\u00dfungs- cocktail, Abendessen und \u00dcbernachtung. 2. Tag: Palermo &#8211; Monreale Besichtigung von Palermo mit Spaziergang \u00fcber einen der farbenfrohen arabisch anmutenden M\u00e4rkte wie \u201eCapo\u201c, [&hellip;]<\/p>\n","protected":false},"author":1,"featured_media":0,"parent":0,"menu_order":0,"comment_status":"closed","ping_status":"closed","template":"","meta":{"footnotes":""},"class_list":["post-2940","page","type-page","status-publish","hentry"],"yoast_head":"<!-- This site is optimized with the Yoast SEO plugin v27.4 - https:\/\/yoast.com\/product\/yoast-seo-wordpress\/ -->\n<title>Sizilien Kultur- &amp; Genussreise \u2013 Authentisch reisen | Vivitalia<\/title>\n<meta name=\"description\" content=\"Sizilien Kultur- &amp; Genussreise \u2013 erleben Sie Palermo, \u00c4tna &amp; Taormina. Geschichte, K\u00fcche &amp; Wein mit Vivitalia entdecken.\" \/>\n<meta name=\"robots\" content=\"index, follow, max-snippet:-1, max-image-preview:large, max-video-preview:-1\" \/>\n<link rel=\"canonical\" href=\"https:\/\/www.vivi-litalia.it\/en\/sizilien-kultur-und-genussreise\/\" \/>\n<meta property=\"og:locale\" content=\"en_GB\" \/>\n<meta property=\"og:type\" content=\"article\" \/>\n<meta property=\"og:title\" content=\"Sizilien Kultur- &amp; Genussreise \u2013 Authentisch reisen | Vivitalia\" \/>\n<meta property=\"og:description\" content=\"Sizilien Kultur- &amp; Genussreise \u2013 erleben Sie Palermo, \u00c4tna &amp; Taormina. Geschichte, K\u00fcche &amp; Wein mit Vivitalia entdecken.\" \/>\n<meta property=\"og:url\" content=\"https:\/\/www.vivi-litalia.it\/en\/sizilien-kultur-und-genussreise\/\" \/>\n<meta property=\"og:site_name\" content=\"Vivi l&#039;Italia\" \/>\n<meta property=\"article:modified_time\" content=\"2025-12-11T11:46:57+00:00\" \/>\n<meta name=\"twitter:card\" content=\"summary_large_image\" \/>\n<meta name=\"twitter:label1\" content=\"Estimated reading time\" \/>\n\t<meta name=\"twitter:data1\" content=\"4 minutes\" \/>\n<script type=\"application\/ld+json\" class=\"yoast-schema-graph\">{\"@context\":\"https:\\\/\\\/schema.org\",\"@graph\":[{\"@type\":\"WebPage\",\"@id\":\"https:\\\/\\\/www.vivi-litalia.it\\\/sizilien-kultur-und-genussreise\\\/\",\"url\":\"https:\\\/\\\/www.vivi-litalia.it\\\/sizilien-kultur-und-genussreise\\\/\",\"name\":\"Sizilien Kultur- & Genussreise \u2013 Authentisch reisen | Vivitalia\",\"isPartOf\":{\"@id\":\"https:\\\/\\\/www.vivi-litalia.it\\\/#website\"},\"datePublished\":\"2025-10-15T10:14:10+00:00\",\"dateModified\":\"2025-12-11T11:46:57+00:00\",\"description\":\"Sizilien Kultur- & Genussreise \u2013 erleben Sie Palermo, \u00c4tna & Taormina. Geschichte, K\u00fcche & Wein mit Vivitalia entdecken.\",\"breadcrumb\":{\"@id\":\"https:\\\/\\\/www.vivi-litalia.it\\\/sizilien-kultur-und-genussreise\\\/#breadcrumb\"},\"inLanguage\":\"en-GB\",\"potentialAction\":[{\"@type\":\"ReadAction\",\"target\":[\"https:\\\/\\\/www.vivi-litalia.it\\\/sizilien-kultur-und-genussreise\\\/\"]}]},{\"@type\":\"BreadcrumbList\",\"@id\":\"https:\\\/\\\/www.vivi-litalia.it\\\/sizilien-kultur-und-genussreise\\\/#breadcrumb\",\"itemListElement\":[{\"@type\":\"ListItem\",\"position\":1,\"name\":\"Startseite\",\"item\":\"https:\\\/\\\/www.vivi-litalia.it\\\/\"},{\"@type\":\"ListItem\",\"position\":2,\"name\":\"Sizilien: Kultur- und Genussreise\"}]},{\"@type\":\"WebSite\",\"@id\":\"https:\\\/\\\/www.vivi-litalia.it\\\/#website\",\"url\":\"https:\\\/\\\/www.vivi-litalia.it\\\/\",\"name\":\"Vivi l'Italia\",\"description\":\"Italien Erleben\",\"publisher\":{\"@id\":\"https:\\\/\\\/www.vivi-litalia.it\\\/#organization\"},\"potentialAction\":[{\"@type\":\"SearchAction\",\"target\":{\"@type\":\"EntryPoint\",\"urlTemplate\":\"https:\\\/\\\/www.vivi-litalia.it\\\/?s={search_term_string}\"},\"query-input\":{\"@type\":\"PropertyValueSpecification\",\"valueRequired\":true,\"valueName\":\"search_term_string\"}}],\"inLanguage\":\"en-GB\"},{\"@type\":\"Organization\",\"@id\":\"https:\\\/\\\/www.vivi-litalia.it\\\/#organization\",\"name\":\"Vivi l'Italia\",\"url\":\"https:\\\/\\\/www.vivi-litalia.it\\\/\",\"logo\":{\"@type\":\"ImageObject\",\"inLanguage\":\"en-GB\",\"@id\":\"https:\\\/\\\/www.vivi-litalia.it\\\/#\\\/schema\\\/logo\\\/image\\\/\",\"url\":\"https:\\\/\\\/www.vivi-litalia.it\\\/wp-content\\\/uploads\\\/2025\\\/08\\\/Color-logo_no-background-1-scaled.png\",\"contentUrl\":\"https:\\\/\\\/www.vivi-litalia.it\\\/wp-content\\\/uploads\\\/2025\\\/08\\\/Color-logo_no-background-1-scaled.png\",\"width\":2560,\"height\":1186,\"caption\":\"Vivi l'Italia\"},\"image\":{\"@id\":\"https:\\\/\\\/www.vivi-litalia.it\\\/#\\\/schema\\\/logo\\\/image\\\/\"}}]}<\/script>\n<!-- \/ Yoast SEO plugin. -->","yoast_head_json":{"title":"Sizilien Kultur- & Genussreise \u2013 Authentisch reisen | Vivitalia","description":"Sizilien Kultur- & Genussreise \u2013 erleben Sie Palermo, \u00c4tna & Taormina. Geschichte, K\u00fcche & Wein mit Vivitalia entdecken.","robots":{"index":"index","follow":"follow","max-snippet":"max-snippet:-1","max-image-preview":"max-image-preview:large","max-video-preview":"max-video-preview:-1"},"canonical":"https:\/\/www.vivi-litalia.it\/en\/sizilien-kultur-und-genussreise\/","og_locale":"en_GB","og_type":"article","og_title":"Sizilien Kultur- & Genussreise \u2013 Authentisch reisen | Vivitalia","og_description":"Sizilien Kultur- & Genussreise \u2013 erleben Sie Palermo, \u00c4tna & Taormina. Geschichte, K\u00fcche & Wein mit Vivitalia entdecken.","og_url":"https:\/\/www.vivi-litalia.it\/en\/sizilien-kultur-und-genussreise\/","og_site_name":"Vivi l&#039;Italia","article_modified_time":"2025-12-11T11:46:57+00:00","twitter_card":"summary_large_image","twitter_misc":{"Estimated reading time":"4 minutes"},"schema":{"@context":"https:\/\/schema.org","@graph":[{"@type":"WebPage","@id":"https:\/\/www.vivi-litalia.it\/sizilien-kultur-und-genussreise\/","url":"https:\/\/www.vivi-litalia.it\/sizilien-kultur-und-genussreise\/","name":"Sizilien Kultur- & Genussreise \u2013 Authentisch reisen | Vivitalia","isPartOf":{"@id":"https:\/\/www.vivi-litalia.it\/#website"},"datePublished":"2025-10-15T10:14:10+00:00","dateModified":"2025-12-11T11:46:57+00:00","description":"Sizilien Kultur- & Genussreise \u2013 erleben Sie Palermo, \u00c4tna & Taormina. Geschichte, K\u00fcche & Wein mit Vivitalia entdecken.","breadcrumb":{"@id":"https:\/\/www.vivi-litalia.it\/sizilien-kultur-und-genussreise\/#breadcrumb"},"inLanguage":"en-GB","potentialAction":[{"@type":"ReadAction","target":["https:\/\/www.vivi-litalia.it\/sizilien-kultur-und-genussreise\/"]}]},{"@type":"BreadcrumbList","@id":"https:\/\/www.vivi-litalia.it\/sizilien-kultur-und-genussreise\/#breadcrumb","itemListElement":[{"@type":"ListItem","position":1,"name":"Startseite","item":"https:\/\/www.vivi-litalia.it\/"},{"@type":"ListItem","position":2,"name":"Sizilien: Kultur- und Genussreise"}]},{"@type":"WebSite","@id":"https:\/\/www.vivi-litalia.it\/#website","url":"https:\/\/www.vivi-litalia.it\/","name":"Vivi l'Italia","description":"Italien Erleben","publisher":{"@id":"https:\/\/www.vivi-litalia.it\/#organization"},"potentialAction":[{"@type":"SearchAction","target":{"@type":"EntryPoint","urlTemplate":"https:\/\/www.vivi-litalia.it\/?s={search_term_string}"},"query-input":{"@type":"PropertyValueSpecification","valueRequired":true,"valueName":"search_term_string"}}],"inLanguage":"en-GB"},{"@type":"Organization","@id":"https:\/\/www.vivi-litalia.it\/#organization","name":"Vivi l'Italia","url":"https:\/\/www.vivi-litalia.it\/","logo":{"@type":"ImageObject","inLanguage":"en-GB","@id":"https:\/\/www.vivi-litalia.it\/#\/schema\/logo\/image\/","url":"https:\/\/www.vivi-litalia.it\/wp-content\/uploads\/2025\/08\/Color-logo_no-background-1-scaled.png","contentUrl":"https:\/\/www.vivi-litalia.it\/wp-content\/uploads\/2025\/08\/Color-logo_no-background-1-scaled.png","width":2560,"height":1186,"caption":"Vivi l'Italia"},"image":{"@id":"https:\/\/www.vivi-litalia.it\/#\/schema\/logo\/image\/"}}]}},"_links":{"self":[{"href":"https:\/\/www.vivi-litalia.it\/en\/wp-json\/wp\/v2\/pages\/2940","targetHints":{"allow":["GET"]}}],"collection":[{"href":"https:\/\/www.vivi-litalia.it\/en\/wp-json\/wp\/v2\/pages"}],"about":[{"href":"https:\/\/www.vivi-litalia.it\/en\/wp-json\/wp\/v2\/types\/page"}],"author":[{"embeddable":true,"href":"https:\/\/www.vivi-litalia.it\/en\/wp-json\/wp\/v2\/users\/1"}],"replies":[{"embeddable":true,"href":"https:\/\/www.vivi-litalia.it\/en\/wp-json\/wp\/v2\/comments?post=2940"}],"version-history":[{"count":52,"href":"https:\/\/www.vivi-litalia.it\/en\/wp-json\/wp\/v2\/pages\/2940\/revisions"}],"predecessor-version":[{"id":4256,"href":"https:\/\/www.vivi-litalia.it\/en\/wp-json\/wp\/v2\/pages\/2940\/revisions\/4256"}],"wp:attachment":[{"href":"https:\/\/www.vivi-litalia.it\/en\/wp-json\/wp\/v2\/media?parent=2940"}],"curies":[{"name":"wp","href":"https:\/\/api.w.org\/{rel}","templated":true}]}}