{"id":3011,"date":"2025-10-15T11:39:32","date_gmt":"2025-10-15T11:39:32","guid":{"rendered":"https:\/\/www.vivi-litalia.it\/?page_id=3011"},"modified":"2025-12-11T11:54:04","modified_gmt":"2025-12-11T11:54:04","slug":"klassisches-apulien","status":"publish","type":"page","link":"https:\/\/www.vivi-litalia.it\/en\/klassisches-apulien\/","title":{"rendered":"Classic Puglia"},"content":{"rendered":"<div data-elementor-type=\"wp-page\" data-elementor-id=\"3011\" class=\"elementor elementor-3011\" data-elementor-post-type=\"page\">\n\t\t\t\t<div class=\"elementor-element elementor-element-dd12931 e-con-full e-flex e-con e-parent\" data-id=\"dd12931\" data-element_type=\"container\" data-e-type=\"container\" data-settings=\"{&quot;background_background&quot;:&quot;classic&quot;}\">\n\t\t<div class=\"elementor-element elementor-element-1ca71e9 e-con-full e-flex e-con e-child\" data-id=\"1ca71e9\" data-element_type=\"container\" data-e-type=\"container\" data-settings=\"{&quot;background_background&quot;:&quot;classic&quot;}\">\n\t\t\t\t<\/div>\n\t\t\t\t<\/div>\n\t\t<div class=\"elementor-element elementor-element-fa5da61 e-flex e-con-boxed e-con e-parent\" data-id=\"fa5da61\" data-element_type=\"container\" data-e-type=\"container\">\n\t\t\t\t\t<div class=\"e-con-inner\">\n\t\t<div class=\"elementor-element elementor-element-4e73926 e-con-full e-flex e-con e-child\" data-id=\"4e73926\" data-element_type=\"container\" data-e-type=\"container\">\n\t\t\t\t<div class=\"elementor-element elementor-element-e3d28f5 elementor-widget elementor-widget-heading\" data-id=\"e3d28f5\" data-element_type=\"widget\" data-e-type=\"widget\" data-widget_type=\"heading.default\">\n\t\t\t\t<div class=\"elementor-widget-container\">\n\t\t\t\t\t<h1 class=\"elementor-heading-title elementor-size-default\">Classic Puglia<\/h1>\t\t\t\t<\/div>\n\t\t\t\t<\/div>\n\t\t\t\t<div class=\"elementor-element elementor-element-5fe12d4 elementor-widget__width-initial elementor-widget elementor-widget-text-editor\" data-id=\"5fe12d4\" data-element_type=\"widget\" data-e-type=\"widget\" data-widget_type=\"text-editor.default\">\n\t\t\t\t<div class=\"elementor-widget-container\">\n\t\t\t\t\t\t\t\t\t<p class=\"p1\">Round trip 8 days \/ 7 nights<\/p>\t\t\t\t\t\t\t\t<\/div>\n\t\t\t\t<\/div>\n\t\t<div class=\"elementor-element elementor-element-547931d e-con-full e-flex e-con e-child\" data-id=\"547931d\" data-element_type=\"container\" data-e-type=\"container\">\n\t\t\t\t<div class=\"elementor-element elementor-element-f392507 elementor-widget elementor-widget-timeline-widget-addon\" data-id=\"f392507\" data-element_type=\"widget\" data-e-type=\"widget\" data-widget_type=\"timeline-widget-addon.default\">\n\t\t\t\t<div class=\"elementor-widget-container\">\n\t\t\t\t\t<!-- ========= Timeline Widget Addon For Elementor 1.6.24 ========= -->\n<div id=\"twae-wrapper-f392507\" class=\"twae-vertical twae-wrapper  twae-both-sided\">   \n    <div class=\"twae-start\"><\/div>    \n    <div id=\"twea-timeline-f392507\" class=\"twae-timeline\" ><!-- Start of Story Repeater Content --><div id=\"story-3834dd2\" class=\"twae-story twae-repeater-item twae-story-right twae-story-no-icon\"><!-- Story Icon --><div class=\"twae-icon\"><i aria-hidden=\"true\" class=\"far fa-calendar-alt\"><\/i><\/div><!-- Story Arrow --><div class=\"twae-arrow\"><\/div><!-- Start of Story Content --><div class=\"twae-content\"><!-- Story Title --><div class=\"twae-title\">Day 1: Arrival in Bari or Brindisi \u2013 Lecce area<\/div><!-- Story Description --><div class=\"twae-description\"><p class=\"p1 translation-block\">Arrival at Bari or Brindisi airport. Transfer to the hotel in or near Lecce. Check-in, welcome cocktail, dinner, and overnight stay.<\/p><\/div><\/div><\/div><!-- Start of Story Repeater Content --><div id=\"story-a71e017\" class=\"twae-story twae-repeater-item twae-story-left twae-story-no-icon\"><!-- Story Icon --><div class=\"twae-icon\"><i aria-hidden=\"true\" class=\"far fa-calendar-alt\"><\/i><\/div><!-- Story Arrow --><div class=\"twae-arrow\"><\/div><!-- Start of Story Content --><div class=\"twae-content\"><!-- Story Title --><div class=\"twae-title\">Day 2: Lecce - Otranto<\/div><!-- Story Description --><div class=\"twae-description\"><p data-start=\"193\" data-end=\"778\">Drive to Lecce, known as the \u201cFlorence of the South,\u201d admired for its ornate Baroque architecture carved from warm, golden limestone. Visit the Basilica of Santa Croce, the Cathedral, the Bishop\u2019s Palace and Piazza Sant\u2019Oronzo with its Roman column and amphitheatre. Continue to Otranto, the southernmost port of Apulia. Enjoy a traditional Apulian lunch with local wine, then visit the Cathedral with its magnificent mosaic floor, crypt and the Byzantine Church of San Pietro. Free time by the sea before returning to the hotel for dinner and overnight stay.<\/p><\/div><\/div><\/div><!-- Start of Story Repeater Content --><div id=\"story-ed9235f\" class=\"twae-story twae-repeater-item twae-story-right twae-story-no-icon\"><!-- Story Icon --><div class=\"twae-icon\"><i aria-hidden=\"true\" class=\"far fa-calendar-alt\"><\/i><\/div><!-- Story Arrow --><div class=\"twae-arrow\"><\/div><!-- Start of Story Content --><div class=\"twae-content\"><!-- Story Title --><div class=\"twae-title\">Day 3: Gallipoli \u2013 Manduria<\/div><!-- Story Description --><div class=\"twae-description\"><p data-start=\"180\" data-end=\"807\">Drive to Gallipoli, the \u201cbeautiful city\u201d on the Gulf of Taranto. The old town, set on a rocky island, is linked to the modern part by a bridge. Visit the Cathedral and the Castle before continuing to Manduria to see the ancient Messapian walls and the Pliny Spring. Explore the San Pietro Mandurino complex with its small church, crypt and Hellenistic tomb. View the exterior of Palazzo Imperiale, the Church of Matrice and the nearby Jewish quarter with its distinctive chimneyed houses. Return to the hotel for dinner and overnight stay.<\/p><\/div><\/div><\/div><!-- Start of Story Repeater Content --><div id=\"story-2484598\" class=\"twae-story twae-repeater-item twae-story-left twae-story-no-icon\"><!-- Story Icon --><div class=\"twae-icon\"><i aria-hidden=\"true\" class=\"far fa-calendar-alt\"><\/i><\/div><!-- Story Arrow --><div class=\"twae-arrow\"><\/div><!-- Start of Story Content --><div class=\"twae-content\"><!-- Story Title --><div class=\"twae-title\">Day 4: Brindisi \u2013 Ostuni \u2013 Cisternino \u2013 Alberobello<\/div><!-- Story Description --><div class=\"twae-description\"><p data-start=\"193\" data-end=\"1030\" class=\"translation-block\">Drive to Brindisi, an important historic port city. Visit the Church of Santa Lucia with its Byzantine crypt, the Norman Church of San Benedetto and the Cathedral with its 12th-century mosaic floor. Continue along the harbour to see the Trajan Column, marking the end of the ancient Via Appia. Proceed to Ostuni, the famous \u201cWhite City,\u201d to admire its Gothic cathedral and charming medieval old town. Visit Cisternino, the \u201cBalcony over the Itria Valley,\u201d then stroll through Alberobello, the UNESCO-listed town of trulli houses. Travel to your hotel in the Alberobello or Torre Canne area for dinner and overnight stay.\nTip: Rustic lunch in a traditional Apulian butcher\u2019s shop, where guests can select meats grilled over an open fire, served with local starters and full-bodied wine \u2013 or wine tasting and lunch in a masseria surrounded by olive groves.<\/p><\/div><\/div><\/div><!-- Start of Story Repeater Content --><div id=\"story-050af11\" class=\"twae-story twae-repeater-item twae-story-right twae-story-no-icon\"><!-- Story Icon --><div class=\"twae-icon\"><i aria-hidden=\"true\" class=\"far fa-calendar-alt\"><\/i><\/div><!-- Story Arrow --><div class=\"twae-arrow\"><\/div><!-- Start of Story Content --><div class=\"twae-content\"><!-- Story Title --><div class=\"twae-title\">Day 5: Bari \u2013 Bitonto \u2013 Valenzano<\/div><!-- Story Description --><div class=\"twae-description\"><p data-start=\"199\" data-end=\"889\">Drive to Bari, the vibrant capital of Apulia. Stroll through the old town and visit the Romanesque churches of San Nicola, San Gregorio and the Cathedral. View the Byzantine-Norman castle, later expanded by Emperor Frederick II. Enjoy a traditional Apulian lunch in a local trattoria before continuing to Bitonto to admire the magnificent Cathedral of San Valentino, a perfect example of Apulian Romanesque architecture. End the day with a visit to the three-domed Church of Ognissanti in Valenzano, beautifully set among almond trees and vineyards. Return to the hotel for dinner and overnight stay.<\/p><\/div><\/div><\/div><!-- Start of Story Repeater Content --><div id=\"story-c7501a3\" class=\"twae-story twae-repeater-item twae-story-left twae-story-no-icon\"><!-- Story Icon --><div class=\"twae-icon\"><i aria-hidden=\"true\" class=\"far fa-calendar-alt\"><\/i><\/div><!-- Story Arrow --><div class=\"twae-arrow\"><\/div><!-- Start of Story Content --><div class=\"twae-content\"><!-- Story Title --><div class=\"twae-title\">Day 6: Matera - Altamura<\/div><!-- Story Description --><div class=\"twae-description\"><p data-start=\"197\" data-end=\"778\">Drive to Matera, the fascinating rock-hewn city famous for its \u201cSassi\u201d \u2013 ancient cave dwellings carved into the soft tufa stone. Visit the districts of Sasso Caveoso and Sasso Barisano, along with the cave churches of San Pietro Caveoso and Santa Maria de Idris. Enjoy lunch with a panoramic view of the cave city before continuing to Altamura, known as the \u201cLioness of Apulia.\u201d Visit its magnificent Cathedral, built under Emperor Frederick II, renowned for its ornate fa\u00e7ade. Return to the hotel for dinner and overnight stay.<\/p><\/div><\/div><\/div><!-- Start of Story Repeater Content --><div id=\"story-a124032\" class=\"twae-story twae-repeater-item twae-story-right twae-story-no-icon\"><!-- Story Icon --><div class=\"twae-icon\"><i aria-hidden=\"true\" class=\"far fa-calendar-alt\"><\/i><\/div><!-- Story Arrow --><div class=\"twae-arrow\"><\/div><!-- Start of Story Content --><div class=\"twae-content\"><!-- Story Title --><div class=\"twae-title\">Day 7: Castel del Monte \u2013 Trani \u2013 Barletta<\/div><!-- Story Description --><div class=\"twae-description\"><p class=\"p1 translation-block\">Drive to the famous Castel del Monte, Emperor Frederick II\u2019s octagonal hunting lodge, admired for its perfect symmetry and considered one of Southern Italy\u2019s most striking monuments. Continue to Trani for a seaside walk and visit the Romanesque Cathedral of San Nicola with its splendid bronze doors, followed by an exterior view of the Swabian Castle. Proceed to Barletta to see the Church of San Sepolcro and the colossal bronze statue of a Byzantine emperor. Return to the hotel for dinner and overnight stay. Tip: Optional seafood lunch at Trani\u2019s romantic harbour.<\/p><\/div><\/div><\/div><!-- Start of Story Repeater Content --><div id=\"story-e116705\" class=\"twae-story twae-repeater-item twae-story-left twae-story-no-icon\"><!-- Story Icon --><div class=\"twae-icon\"><i aria-hidden=\"true\" class=\"far fa-calendar-alt\"><\/i><\/div><!-- Story Arrow --><div class=\"twae-arrow\"><\/div><!-- Start of Story Content --><div class=\"twae-content\"><!-- Story Title --><div class=\"twae-title\">Day 8: Return home<\/div><!-- Story Description --><div class=\"twae-description\"><p class=\"p1\">Breakfast at the hotel. Transfer to Bari or Brindisi airport and return flight home.<\/p><\/div><\/div><\/div><\/div>\n    <div class=\"twae-end\"><\/div>\n    <\/div><style type=\"text\/css\">@media (max-width: 1024px){ .twae-wrapper{--tw-ybx-size: 80px !important;}}@media (max-width: 767px){ .twae-wrapper{--tw-ybx-size: 80px !important}}<\/style>\t\t\t\t<\/div>\n\t\t\t\t<\/div>\n\t\t\t\t<\/div>\n\t\t\t\t<\/div>\n\t\t\t\t\t<\/div>\n\t\t\t\t<\/div>\n\t\t\t\t<\/div>","protected":false},"excerpt":{"rendered":"<p>Klassisches Apulien Rundreise 8 Tage \/ 7 \u00dcbernachtungen 1. Tag: Ankunft Bari oder Brindisi \u2013 Raum Lecce Ankunft am Flughafen Bari oder Brindisi. Transfer zum Hotel in oder im Raum Lecce. Check-In, Begr\u00fc\u00dfungscocktail, Abendessen und \u00dcbernach-tung. 2. Tag: Lecce &#8211; Otranto Fahrt nach Lecce, der \u201eFlorenz des S\u00fcdens\u201c, ber\u00fchmt f\u00fcr ihren prachtvollen Barock aus dem [&hellip;]<\/p>\n","protected":false},"author":1,"featured_media":0,"parent":0,"menu_order":0,"comment_status":"closed","ping_status":"closed","template":"","meta":{"footnotes":""},"class_list":["post-3011","page","type-page","status-publish","hentry"],"yoast_head":"<!-- This site is optimized with the Yoast SEO plugin v27.4 - https:\/\/yoast.com\/product\/yoast-seo-wordpress\/ -->\n<title>Rundreise Apulien \u2013 Kultur, Genuss &amp; Geschichte | Vivitalia<\/title>\n<meta name=\"description\" content=\"Rundreise Apulien \u2013 entdecken Sie Bari, Lecce &amp; Alberobello. Kultur, K\u00fcche &amp; Geschichte S\u00fcditaliens mit Vivitalia erleben.\" \/>\n<meta name=\"robots\" content=\"index, follow, max-snippet:-1, max-image-preview:large, max-video-preview:-1\" \/>\n<link rel=\"canonical\" href=\"https:\/\/www.vivi-litalia.it\/en\/klassisches-apulien\/\" \/>\n<meta property=\"og:locale\" content=\"en_GB\" \/>\n<meta property=\"og:type\" content=\"article\" \/>\n<meta property=\"og:title\" content=\"Rundreise Apulien \u2013 Kultur, Genuss &amp; Geschichte | Vivitalia\" \/>\n<meta property=\"og:description\" content=\"Rundreise Apulien \u2013 entdecken Sie Bari, Lecce &amp; Alberobello. Kultur, K\u00fcche &amp; Geschichte S\u00fcditaliens mit Vivitalia erleben.\" \/>\n<meta property=\"og:url\" content=\"https:\/\/www.vivi-litalia.it\/en\/klassisches-apulien\/\" \/>\n<meta property=\"og:site_name\" content=\"Vivi l&#039;Italia\" \/>\n<meta property=\"article:modified_time\" content=\"2025-12-11T11:54:04+00:00\" \/>\n<meta name=\"twitter:card\" content=\"summary_large_image\" \/>\n<meta name=\"twitter:label1\" content=\"Estimated reading time\" \/>\n\t<meta name=\"twitter:data1\" content=\"4 minutes\" \/>\n<script type=\"application\/ld+json\" class=\"yoast-schema-graph\">{\"@context\":\"https:\\\/\\\/schema.org\",\"@graph\":[{\"@type\":\"WebPage\",\"@id\":\"https:\\\/\\\/www.vivi-litalia.it\\\/klassisches-apulien\\\/\",\"url\":\"https:\\\/\\\/www.vivi-litalia.it\\\/klassisches-apulien\\\/\",\"name\":\"Rundreise Apulien \u2013 Kultur, Genuss & Geschichte | Vivitalia\",\"isPartOf\":{\"@id\":\"https:\\\/\\\/www.vivi-litalia.it\\\/#website\"},\"datePublished\":\"2025-10-15T11:39:32+00:00\",\"dateModified\":\"2025-12-11T11:54:04+00:00\",\"description\":\"Rundreise Apulien \u2013 entdecken Sie Bari, Lecce & Alberobello. Kultur, K\u00fcche & Geschichte S\u00fcditaliens mit Vivitalia erleben.\",\"breadcrumb\":{\"@id\":\"https:\\\/\\\/www.vivi-litalia.it\\\/klassisches-apulien\\\/#breadcrumb\"},\"inLanguage\":\"en-GB\",\"potentialAction\":[{\"@type\":\"ReadAction\",\"target\":[\"https:\\\/\\\/www.vivi-litalia.it\\\/klassisches-apulien\\\/\"]}]},{\"@type\":\"BreadcrumbList\",\"@id\":\"https:\\\/\\\/www.vivi-litalia.it\\\/klassisches-apulien\\\/#breadcrumb\",\"itemListElement\":[{\"@type\":\"ListItem\",\"position\":1,\"name\":\"Startseite\",\"item\":\"https:\\\/\\\/www.vivi-litalia.it\\\/\"},{\"@type\":\"ListItem\",\"position\":2,\"name\":\"Klassisches Apulien\"}]},{\"@type\":\"WebSite\",\"@id\":\"https:\\\/\\\/www.vivi-litalia.it\\\/#website\",\"url\":\"https:\\\/\\\/www.vivi-litalia.it\\\/\",\"name\":\"Vivi l'Italia\",\"description\":\"Italien Erleben\",\"publisher\":{\"@id\":\"https:\\\/\\\/www.vivi-litalia.it\\\/#organization\"},\"potentialAction\":[{\"@type\":\"SearchAction\",\"target\":{\"@type\":\"EntryPoint\",\"urlTemplate\":\"https:\\\/\\\/www.vivi-litalia.it\\\/?s={search_term_string}\"},\"query-input\":{\"@type\":\"PropertyValueSpecification\",\"valueRequired\":true,\"valueName\":\"search_term_string\"}}],\"inLanguage\":\"en-GB\"},{\"@type\":\"Organization\",\"@id\":\"https:\\\/\\\/www.vivi-litalia.it\\\/#organization\",\"name\":\"Vivi l'Italia\",\"url\":\"https:\\\/\\\/www.vivi-litalia.it\\\/\",\"logo\":{\"@type\":\"ImageObject\",\"inLanguage\":\"en-GB\",\"@id\":\"https:\\\/\\\/www.vivi-litalia.it\\\/#\\\/schema\\\/logo\\\/image\\\/\",\"url\":\"https:\\\/\\\/www.vivi-litalia.it\\\/wp-content\\\/uploads\\\/2025\\\/08\\\/Color-logo_no-background-1-scaled.png\",\"contentUrl\":\"https:\\\/\\\/www.vivi-litalia.it\\\/wp-content\\\/uploads\\\/2025\\\/08\\\/Color-logo_no-background-1-scaled.png\",\"width\":2560,\"height\":1186,\"caption\":\"Vivi l'Italia\"},\"image\":{\"@id\":\"https:\\\/\\\/www.vivi-litalia.it\\\/#\\\/schema\\\/logo\\\/image\\\/\"}}]}<\/script>\n<!-- \/ Yoast SEO plugin. -->","yoast_head_json":{"title":"Rundreise Apulien \u2013 Kultur, Genuss & Geschichte | Vivitalia","description":"Rundreise Apulien \u2013 entdecken Sie Bari, Lecce & Alberobello. Kultur, K\u00fcche & Geschichte S\u00fcditaliens mit Vivitalia erleben.","robots":{"index":"index","follow":"follow","max-snippet":"max-snippet:-1","max-image-preview":"max-image-preview:large","max-video-preview":"max-video-preview:-1"},"canonical":"https:\/\/www.vivi-litalia.it\/en\/klassisches-apulien\/","og_locale":"en_GB","og_type":"article","og_title":"Rundreise Apulien \u2013 Kultur, Genuss & Geschichte | Vivitalia","og_description":"Rundreise Apulien \u2013 entdecken Sie Bari, Lecce & Alberobello. Kultur, K\u00fcche & Geschichte S\u00fcditaliens mit Vivitalia erleben.","og_url":"https:\/\/www.vivi-litalia.it\/en\/klassisches-apulien\/","og_site_name":"Vivi l&#039;Italia","article_modified_time":"2025-12-11T11:54:04+00:00","twitter_card":"summary_large_image","twitter_misc":{"Estimated reading time":"4 minutes"},"schema":{"@context":"https:\/\/schema.org","@graph":[{"@type":"WebPage","@id":"https:\/\/www.vivi-litalia.it\/klassisches-apulien\/","url":"https:\/\/www.vivi-litalia.it\/klassisches-apulien\/","name":"Rundreise Apulien \u2013 Kultur, Genuss & Geschichte | Vivitalia","isPartOf":{"@id":"https:\/\/www.vivi-litalia.it\/#website"},"datePublished":"2025-10-15T11:39:32+00:00","dateModified":"2025-12-11T11:54:04+00:00","description":"Rundreise Apulien \u2013 entdecken Sie Bari, Lecce & Alberobello. Kultur, K\u00fcche & Geschichte S\u00fcditaliens mit Vivitalia erleben.","breadcrumb":{"@id":"https:\/\/www.vivi-litalia.it\/klassisches-apulien\/#breadcrumb"},"inLanguage":"en-GB","potentialAction":[{"@type":"ReadAction","target":["https:\/\/www.vivi-litalia.it\/klassisches-apulien\/"]}]},{"@type":"BreadcrumbList","@id":"https:\/\/www.vivi-litalia.it\/klassisches-apulien\/#breadcrumb","itemListElement":[{"@type":"ListItem","position":1,"name":"Startseite","item":"https:\/\/www.vivi-litalia.it\/"},{"@type":"ListItem","position":2,"name":"Klassisches Apulien"}]},{"@type":"WebSite","@id":"https:\/\/www.vivi-litalia.it\/#website","url":"https:\/\/www.vivi-litalia.it\/","name":"Vivi l'Italia","description":"Italien Erleben","publisher":{"@id":"https:\/\/www.vivi-litalia.it\/#organization"},"potentialAction":[{"@type":"SearchAction","target":{"@type":"EntryPoint","urlTemplate":"https:\/\/www.vivi-litalia.it\/?s={search_term_string}"},"query-input":{"@type":"PropertyValueSpecification","valueRequired":true,"valueName":"search_term_string"}}],"inLanguage":"en-GB"},{"@type":"Organization","@id":"https:\/\/www.vivi-litalia.it\/#organization","name":"Vivi l'Italia","url":"https:\/\/www.vivi-litalia.it\/","logo":{"@type":"ImageObject","inLanguage":"en-GB","@id":"https:\/\/www.vivi-litalia.it\/#\/schema\/logo\/image\/","url":"https:\/\/www.vivi-litalia.it\/wp-content\/uploads\/2025\/08\/Color-logo_no-background-1-scaled.png","contentUrl":"https:\/\/www.vivi-litalia.it\/wp-content\/uploads\/2025\/08\/Color-logo_no-background-1-scaled.png","width":2560,"height":1186,"caption":"Vivi l'Italia"},"image":{"@id":"https:\/\/www.vivi-litalia.it\/#\/schema\/logo\/image\/"}}]}},"_links":{"self":[{"href":"https:\/\/www.vivi-litalia.it\/en\/wp-json\/wp\/v2\/pages\/3011","targetHints":{"allow":["GET"]}}],"collection":[{"href":"https:\/\/www.vivi-litalia.it\/en\/wp-json\/wp\/v2\/pages"}],"about":[{"href":"https:\/\/www.vivi-litalia.it\/en\/wp-json\/wp\/v2\/types\/page"}],"author":[{"embeddable":true,"href":"https:\/\/www.vivi-litalia.it\/en\/wp-json\/wp\/v2\/users\/1"}],"replies":[{"embeddable":true,"href":"https:\/\/www.vivi-litalia.it\/en\/wp-json\/wp\/v2\/comments?post=3011"}],"version-history":[{"count":52,"href":"https:\/\/www.vivi-litalia.it\/en\/wp-json\/wp\/v2\/pages\/3011\/revisions"}],"predecessor-version":[{"id":4265,"href":"https:\/\/www.vivi-litalia.it\/en\/wp-json\/wp\/v2\/pages\/3011\/revisions\/4265"}],"wp:attachment":[{"href":"https:\/\/www.vivi-litalia.it\/en\/wp-json\/wp\/v2\/media?parent=3011"}],"curies":[{"name":"wp","href":"https:\/\/api.w.org\/{rel}","templated":true}]}}