{"id":4069,"date":"2025-11-21T13:48:48","date_gmt":"2025-11-21T13:48:48","guid":{"rendered":"https:\/\/www.vivi-litalia.it\/?page_id=4069"},"modified":"2025-12-11T11:36:29","modified_gmt":"2025-12-11T11:36:29","slug":"calici-on-tour","status":"publish","type":"page","link":"https:\/\/www.vivi-litalia.it\/en\/calici-on-tour\/","title":{"rendered":"Calici on Tour"},"content":{"rendered":"\t\t<div data-elementor-type=\"wp-page\" data-elementor-id=\"4069\" class=\"elementor elementor-4069\" data-elementor-post-type=\"page\">\n\t\t\t\t<div class=\"elementor-element elementor-element-430f107 e-con-full e-flex e-con e-parent\" data-id=\"430f107\" data-element_type=\"container\" data-e-type=\"container\" data-settings=\"{&quot;background_background&quot;:&quot;classic&quot;}\">\n\t\t<div class=\"elementor-element elementor-element-efb8746 e-con-full e-flex e-con e-child\" data-id=\"efb8746\" data-element_type=\"container\" data-e-type=\"container\" data-settings=\"{&quot;background_background&quot;:&quot;classic&quot;}\">\n\t\t\t\t<\/div>\n\t\t\t\t<\/div>\n\t\t<div class=\"elementor-element elementor-element-c860ef5 e-flex e-con-boxed e-con e-parent\" data-id=\"c860ef5\" data-element_type=\"container\" data-e-type=\"container\">\n\t\t\t\t\t<div class=\"e-con-inner\">\n\t\t<div class=\"elementor-element elementor-element-ad76d07 e-con-full e-flex e-con e-child\" data-id=\"ad76d07\" data-element_type=\"container\" data-e-type=\"container\">\n\t\t\t\t<div class=\"elementor-element elementor-element-4709f49 elementor-widget elementor-widget-heading\" data-id=\"4709f49\" data-element_type=\"widget\" data-e-type=\"widget\" data-widget_type=\"heading.default\">\n\t\t\t\t<div class=\"elementor-widget-container\">\n\t\t\t\t\t<h1 class=\"elementor-heading-title elementor-size-default\">Calici on Tour<\/h1>\t\t\t\t<\/div>\n\t\t\t\t<\/div>\n\t\t\t\t<div class=\"elementor-element elementor-element-7dde7a2 elementor-widget__width-initial elementor-widget elementor-widget-text-editor\" data-id=\"7dde7a2\" data-element_type=\"widget\" data-e-type=\"widget\" data-widget_type=\"text-editor.default\">\n\t\t\t\t<div class=\"elementor-widget-container\">\n\t\t\t\t\t\t\t\t\t<p>Die Basis all dessen, was wir tun, ist unsere tiefe Liebe zu Italien. Neben dem reichen kulturellen Erbe, das unser Land bietet, glauben wir, dass Authentizit\u00e4t das wahre Unterscheidungsmerkmal unseres Landes ist. F\u00fcr diejenigen, die Italien besuchen, ist die Reise ein Erlebnis, das verschiedene Sinne und Wahrnehmungen anspricht. Es ist eine Reise, die nicht nur den visuellen Sinn mit der Sch\u00f6nheit in jeder Ecke und Gesamtheit anspricht, sondern auch den Geruchssinn mit den authentischen D\u00fcften unserer Gebiete und den Geschmackssinn dank der unnachahmlichen und anderswo unauffindbaren Aromen.<\/p><p>Diese Verbindung zu Italien spiegelt sich auch in unserer Beziehung zur Weinwelt wider. Italien durch die Leidenschaft f\u00fcr das Getr\u00e4nk der G\u00f6tter zu erkunden, ist eines der authentischsten und erf\u00fcllendsten Erlebnisse, die man \u201cerleben\u201d kann. Die Tourismusbranche spielt eine entscheidende Rolle bei der F\u00f6rderung und Verbreitung des \u201eMade in Italy\u201c, da sie einer der Hauptmotoren der Verbreitung all dessen ist, was unser Land zu bieten hat.<\/p><p>Die \u201eCalici on Tour\u201c Reisen sind darauf ausgelegt, den Teilnehmern ein einzigartiges und unvergessliches Erlebnis zu bieten, indem sie die renommiertesten Weinregionen Italiens erkunden, lokale Produzenten treffen und eine Vielzahl erlesener Weine verkosten. Jede Tour wird sorgf\u00e4ltig geplant, um Authentizit\u00e4t und Tradition des italienischen Weins widerzuspiegeln.<\/p><p>Sollten Sie Interesse an einer Zusammenarbeit oder weiteren Informationen haben, z\u00f6gern Sie bitte nicht, uns zu kontaktieren. Wir stehen Ihnen jederzeit gerne zur Verf\u00fcgung.<\/p>\t\t\t\t\t\t\t\t<\/div>\n\t\t\t\t<\/div>\n\t\t<div class=\"elementor-element elementor-element-b3bffd7 e-con-full e-flex e-con e-child\" data-id=\"b3bffd7\" data-element_type=\"container\" data-e-type=\"container\">\n\t\t<div class=\"elementor-element elementor-element-4000f7a e-con-full e-flex e-con e-child\" data-id=\"4000f7a\" data-element_type=\"container\" data-e-type=\"container\">\n\t\t\t\t<div class=\"elementor-element elementor-element-967030c elementor-widget elementor-widget-premium-addon-banner\" data-id=\"967030c\" data-element_type=\"widget\" data-e-type=\"widget\" data-widget_type=\"premium-addon-banner.default\">\n\t\t\t\t<div class=\"elementor-widget-container\">\n\t\t\t\t\t\t\t<div class=\"premium-banner-ib premium-banner-min-height premium-banner-animation1 blur premium-banner__effect-type2\">\n\t\t\t\t\t\t\t\t\t\t<img fetchpriority=\"high\" decoding=\"async\" width=\"1500\" height=\"1000\" src=\"https:\/\/www.vivi-litalia.it\/wp-content\/uploads\/2025\/09\/75695.jpg\" class=\"attachment-full size-full wp-image-625\" alt=\"\" srcset=\"https:\/\/www.vivi-litalia.it\/wp-content\/uploads\/2025\/09\/75695.jpg 1500w, https:\/\/www.vivi-litalia.it\/wp-content\/uploads\/2025\/09\/75695-300x200.jpg 300w, https:\/\/www.vivi-litalia.it\/wp-content\/uploads\/2025\/09\/75695-1024x683.jpg 1024w, https:\/\/www.vivi-litalia.it\/wp-content\/uploads\/2025\/09\/75695-768x512.jpg 768w\" sizes=\"(max-width: 1500px) 100vw, 1500px\" \/>\t\t\t\t\t\t\t\t\t<div class=\"premium-banner-ib-desc\">\n\t\t\t\t\n\t\t\t\t\t\t\t\t\t<h3 class=\"premium-banner-ib-title premium_banner_title\">\n\t\t\t\t\t\tSizilien\t\t\t\t\t<\/h3>\n\t\t\t\t\n\t\t\t\t\n\t\t\t\t\n\t\t\t\t\t\t\t<\/div>\n\t\t\t\t\t\t\t<a href=\"https:\/\/www.vivi-litalia.it\/sizilien-kultur-und-genussreise\/\" class=\"premium-banner-ib-link\"><\/a>\n\t\t\t\t\t<\/div>\n\n\t\t\t\t\t\t<\/div>\n\t\t\t\t<\/div>\n\t\t\t\t<\/div>\n\t\t<div class=\"elementor-element elementor-element-1880db9 e-con-full e-flex e-con e-child\" data-id=\"1880db9\" data-element_type=\"container\" data-e-type=\"container\">\n\t\t\t\t<div class=\"elementor-element elementor-element-3b7e496 elementor-widget elementor-widget-premium-addon-banner\" data-id=\"3b7e496\" data-element_type=\"widget\" data-e-type=\"widget\" data-widget_type=\"premium-addon-banner.default\">\n\t\t\t\t<div class=\"elementor-widget-container\">\n\t\t\t\t\t\t\t<div class=\"premium-banner-ib premium-banner-min-height premium-banner-animation1 blur premium-banner__effect-type2\">\n\t\t\t\t\t\t\t\t\t\t<img decoding=\"async\" width=\"1500\" height=\"843\" src=\"https:\/\/www.vivi-litalia.it\/wp-content\/uploads\/2025\/09\/2148346091.jpg\" class=\"attachment-full size-full wp-image-1527\" alt=\"\" srcset=\"https:\/\/www.vivi-litalia.it\/wp-content\/uploads\/2025\/09\/2148346091.jpg 1500w, https:\/\/www.vivi-litalia.it\/wp-content\/uploads\/2025\/09\/2148346091-300x169.jpg 300w, https:\/\/www.vivi-litalia.it\/wp-content\/uploads\/2025\/09\/2148346091-1024x575.jpg 1024w, https:\/\/www.vivi-litalia.it\/wp-content\/uploads\/2025\/09\/2148346091-768x432.jpg 768w, https:\/\/www.vivi-litalia.it\/wp-content\/uploads\/2025\/09\/2148346091-18x10.jpg 18w\" sizes=\"(max-width: 1500px) 100vw, 1500px\" \/>\t\t\t\t\t\t\t\t\t<div class=\"premium-banner-ib-desc\">\n\t\t\t\t\n\t\t\t\t\t\t\t\t\t<h3 class=\"premium-banner-ib-title premium_banner_title\">\n\t\t\t\t\t\tToskana\t\t\t\t\t<\/h3>\n\t\t\t\t\n\t\t\t\t\n\t\t\t\t\n\t\t\t\t\t\t\t<\/div>\n\t\t\t\t\t\t\t<a href=\"https:\/\/www.vivi-litalia.it\/kunst-und-kultur-in-der-toskana\/\" class=\"premium-banner-ib-link\"><\/a>\n\t\t\t\t\t<\/div>\n\n\t\t\t\t\t\t<\/div>\n\t\t\t\t<\/div>\n\t\t\t\t<\/div>\n\t\t<div class=\"elementor-element elementor-element-ae00059 e-con-full e-flex e-con e-child\" data-id=\"ae00059\" data-element_type=\"container\" data-e-type=\"container\">\n\t\t\t\t<div class=\"elementor-element elementor-element-ac3799c elementor-widget elementor-widget-premium-addon-banner\" data-id=\"ac3799c\" data-element_type=\"widget\" data-e-type=\"widget\" data-widget_type=\"premium-addon-banner.default\">\n\t\t\t\t<div class=\"elementor-widget-container\">\n\t\t\t\t\t\t\t<div class=\"premium-banner-ib premium-banner-min-height premium-banner-animation1 blur premium-banner__effect-type2\">\n\t\t\t\t\t\t\t\t\t\t<img decoding=\"async\" width=\"1500\" height=\"1008\" src=\"https:\/\/www.vivi-litalia.it\/wp-content\/uploads\/2025\/09\/828.jpg\" class=\"attachment-full size-full wp-image-633\" alt=\"\" srcset=\"https:\/\/www.vivi-litalia.it\/wp-content\/uploads\/2025\/09\/828.jpg 1500w, https:\/\/www.vivi-litalia.it\/wp-content\/uploads\/2025\/09\/828-300x202.jpg 300w, https:\/\/www.vivi-litalia.it\/wp-content\/uploads\/2025\/09\/828-1024x688.jpg 1024w, https:\/\/www.vivi-litalia.it\/wp-content\/uploads\/2025\/09\/828-768x516.jpg 768w\" sizes=\"(max-width: 1500px) 100vw, 1500px\" \/>\t\t\t\t\t\t\t\t\t<div class=\"premium-banner-ib-desc\">\n\t\t\t\t\n\t\t\t\t\t\t\t\t\t<h3 class=\"premium-banner-ib-title premium_banner_title\">\n\t\t\t\t\t\tApulien\t\t\t\t\t<\/h3>\n\t\t\t\t\n\t\t\t\t\n\t\t\t\t\n\t\t\t\t\t\t\t<\/div>\n\t\t\t\t\t\t\t<a href=\"https:\/\/www.vivi-litalia.it\/klassisches-apulien\/\" class=\"premium-banner-ib-link\"><\/a>\n\t\t\t\t\t<\/div>\n\n\t\t\t\t\t\t<\/div>\n\t\t\t\t<\/div>\n\t\t\t\t<\/div>\n\t\t\t\t<\/div>\n\t\t\t\t<\/div>\n\t\t\t\t\t<\/div>\n\t\t\t\t<\/div>\n\t\t<div class=\"elementor-element elementor-element-9de7238 elementor-hidden-desktop elementor-hidden-laptop elementor-hidden-tablet_extra elementor-hidden-tablet elementor-hidden-mobile e-flex e-con-boxed e-con e-parent\" data-id=\"9de7238\" data-element_type=\"container\" data-e-type=\"container\">\n\t\t\t\t\t<div class=\"e-con-inner\">\n\t\t<div class=\"elementor-element elementor-element-153b94f e-con-full e-flex e-con e-child\" data-id=\"153b94f\" data-element_type=\"container\" data-e-type=\"container\">\n\t\t\t\t<div class=\"elementor-element elementor-element-e679fad elementor-widget elementor-widget-heading\" data-id=\"e679fad\" data-element_type=\"widget\" data-e-type=\"widget\" data-widget_type=\"heading.default\">\n\t\t\t\t<div class=\"elementor-widget-container\">\n\t\t\t\t\t<h2 class=\"elementor-heading-title elementor-size-default\">Beginnen Sie noch heute mit der Planung Ihrer Reise!<\/h2>\t\t\t\t<\/div>\n\t\t\t\t<\/div>\n\t\t\t\t<div class=\"elementor-element elementor-element-ed82583 elementor-widget__width-initial elementor-widget elementor-widget-text-editor\" data-id=\"ed82583\" data-element_type=\"widget\" data-e-type=\"widget\" data-widget_type=\"text-editor.default\">\n\t\t\t\t<div class=\"elementor-widget-container\">\n\t\t\t\t\t\t\t\t\t<p>M\u00f6chten Sie Italien auf Ihre ganz pers\u00f6nliche Art erleben? F\u00fcllen Sie einfach das Formular aus, geben Sie an, welche Region Sie besuchen m\u00f6chten und teilen Sie uns mit, welche Erlebnisse Sie sich w\u00fcnschen. Um alles Weitere k\u00fcmmern wir uns: Wir planen f\u00fcr Sie eine ma\u00dfgeschneiderte Reise, bis ins kleinste Detail, damit Ihr Urlaub zu einer unvergesslichen Erinnerung wird.<\/p>\t\t\t\t\t\t\t\t<\/div>\n\t\t\t\t<\/div>\n\t\t<div class=\"elementor-element elementor-element-f1e123f e-con-full e-flex e-con e-child\" data-id=\"f1e123f\" data-element_type=\"container\" data-e-type=\"container\">\n\t\t<div class=\"elementor-element elementor-element-1586e87 e-con-full e-flex e-con e-child\" data-id=\"1586e87\" data-element_type=\"container\" data-e-type=\"container\">\n\t\t\t\t<div class=\"elementor-element elementor-element-58ace55 elementor-button-align-stretch elementor-widget elementor-widget-form\" data-id=\"58ace55\" data-element_type=\"widget\" data-e-type=\"widget\" data-settings=\"{&quot;step_next_label&quot;:&quot;Successivo&quot;,&quot;step_previous_label&quot;:&quot;Precedente&quot;,&quot;button_width&quot;:&quot;100&quot;,&quot;step_type&quot;:&quot;number_text&quot;,&quot;step_icon_shape&quot;:&quot;circle&quot;}\" data-widget_type=\"form.default\">\n\t\t\t\t<div class=\"elementor-widget-container\">\n\t\t\t\t\t\t\t<form class=\"elementor-form\" method=\"post\" name=\"Nuovo modulo\" aria-label=\"Nuovo modulo\">\n\t\t\t<input type=\"hidden\" name=\"post_id\" value=\"4069\"\/>\n\t\t\t<input type=\"hidden\" name=\"form_id\" value=\"58ace55\"\/>\n\t\t\t<input type=\"hidden\" name=\"referer_title\" value=\"Italien Touren entdecken | Nord-, Mittel- &amp; S\u00fcditalien | Vivi l&#039;Italia\" \/>\n\n\t\t\t\t\t\t\t<input type=\"hidden\" name=\"queried_id\" value=\"4069\"\/>\n\t\t\t\n\t\t\t<div class=\"elementor-form-fields-wrapper elementor-labels-above\">\n\t\t\t\t\t\t\t\t<div class=\"elementor-field-type-text elementor-field-group elementor-column elementor-field-group-name elementor-col-50\">\n\t\t\t\t\t\t\t\t\t\t\t\t\t<input size=\"1\" type=\"text\" name=\"form_fields[name]\" id=\"form-field-name\" class=\"elementor-field elementor-size-sm  elementor-field-textual\" placeholder=\"Name\">\n\t\t\t\t\t\t\t\t\t\t\t<\/div>\n\t\t\t\t\t\t\t\t<div class=\"elementor-field-type-text elementor-field-group elementor-column elementor-field-group-field_1358c65 elementor-col-50\">\n\t\t\t\t\t\t\t\t\t\t\t\t\t<input size=\"1\" type=\"text\" name=\"form_fields[field_1358c65]\" id=\"form-field-field_1358c65\" class=\"elementor-field elementor-size-sm  elementor-field-textual\" placeholder=\"Nachname\">\n\t\t\t\t\t\t\t\t\t\t\t<\/div>\n\t\t\t\t\t\t\t\t<div class=\"elementor-field-type-tel elementor-field-group elementor-column elementor-field-group-email elementor-col-50 elementor-field-required\">\n\t\t\t\t\t\t\t<input size=\"1\" type=\"tel\" name=\"form_fields[email]\" id=\"form-field-email\" class=\"elementor-field elementor-size-sm  elementor-field-textual\" placeholder=\"Mobiltelefon\" required=\"required\" pattern=\"[0-9()#&amp;+*-=.]+\" title=\"Nur Nummern oder Telefon-Zeichen (#, -, *, etc) werden akzeptiert.\">\n\n\t\t\t\t\t\t<\/div>\n\t\t\t\t\t\t\t\t<div class=\"elementor-field-type-email elementor-field-group elementor-column elementor-field-group-field_4d3d725 elementor-col-50 elementor-field-required\">\n\t\t\t\t\t\t\t\t\t\t\t\t\t<input size=\"1\" type=\"email\" name=\"form_fields[field_4d3d725]\" id=\"form-field-field_4d3d725\" class=\"elementor-field elementor-size-sm  elementor-field-textual\" placeholder=\"Mail\" required=\"required\">\n\t\t\t\t\t\t\t\t\t\t\t<\/div>\n\t\t\t\t\t\t\t\t<div class=\"elementor-field-type-textarea elementor-field-group elementor-column elementor-field-group-field_20ea27d elementor-col-100\">\n\t\t\t\t\t<textarea class=\"elementor-field-textual elementor-field  elementor-size-sm\" name=\"form_fields[field_20ea27d]\" id=\"form-field-field_20ea27d\" rows=\"4\" placeholder=\"Nachricht\"><\/textarea>\t\t\t\t<\/div>\n\t\t\t\t\t\t\t\t<div class=\"elementor-field-group elementor-column elementor-field-type-submit elementor-col-100 e-form__buttons\">\n\t\t\t\t\t<button class=\"elementor-button elementor-size-sm\" type=\"submit\">\n\t\t\t\t\t\t<span class=\"elementor-button-content-wrapper\">\n\t\t\t\t\t\t\t\t\t\t\t\t\t\t\t\t\t\t\t\t\t\t<span class=\"elementor-button-text\">Schicken<\/span>\n\t\t\t\t\t\t\t\t\t\t\t\t\t<\/span>\n\t\t\t\t\t<\/button>\n\t\t\t\t<\/div>\n\t\t\t<\/div>\n\t\t<\/form>\n\t\t\t\t\t\t<\/div>\n\t\t\t\t<\/div>\n\t\t\t\t<\/div>\n\t\t\t\t<\/div>\n\t\t\t\t<\/div>\n\t\t\t\t\t<\/div>\n\t\t\t\t<\/div>\n\t\t\t\t<\/div>\n\t\t","protected":false},"excerpt":{"rendered":"<p>Calici on Tour Die Basis all dessen, was wir tun, ist unsere tiefe Liebe zu Italien. Neben dem reichen kulturellen Erbe, das unser Land bietet, glauben wir, dass Authentizit\u00e4t das wahre Unterscheidungsmerkmal unseres Landes ist. F\u00fcr diejenigen, die Italien besuchen, ist die Reise ein Erlebnis, das verschiedene Sinne und Wahrnehmungen anspricht. Es ist eine Reise, [&hellip;]<\/p>\n","protected":false},"author":1,"featured_media":0,"parent":0,"menu_order":0,"comment_status":"closed","ping_status":"closed","template":"","meta":{"footnotes":""},"class_list":["post-4069","page","type-page","status-publish","hentry"],"yoast_head":"<!-- This site is optimized with the Yoast SEO plugin v27.4 - https:\/\/yoast.com\/product\/yoast-seo-wordpress\/ -->\n<title>Italien Touren entdecken | Nord-, Mittel- &amp; S\u00fcditalien | Vivi l&#039;Italia<\/title>\n<meta name=\"description\" content=\"Italien Touren entdecken \u2013 erleben Sie Nord-, Mittel- &amp; S\u00fcditalien authentisch. Ma\u00dfgeschneiderte Reisevorschl\u00e4ge mit Vivitalia.\" \/>\n<meta name=\"robots\" content=\"index, follow, max-snippet:-1, max-image-preview:large, max-video-preview:-1\" \/>\n<link rel=\"canonical\" href=\"https:\/\/www.vivi-litalia.it\/en\/calici-on-tour\/\" \/>\n<meta property=\"og:locale\" content=\"en_GB\" \/>\n<meta property=\"og:type\" content=\"article\" \/>\n<meta property=\"og:title\" content=\"Italien Touren entdecken | Nord-, Mittel- &amp; S\u00fcditalien | Vivi l&#039;Italia\" \/>\n<meta property=\"og:description\" content=\"Italien Touren entdecken \u2013 erleben Sie Nord-, Mittel- &amp; S\u00fcditalien authentisch. Ma\u00dfgeschneiderte Reisevorschl\u00e4ge mit Vivitalia.\" \/>\n<meta property=\"og:url\" content=\"https:\/\/www.vivi-litalia.it\/en\/calici-on-tour\/\" \/>\n<meta property=\"og:site_name\" content=\"Vivi l&#039;Italia\" \/>\n<meta property=\"article:modified_time\" content=\"2025-12-11T11:36:29+00:00\" \/>\n<meta property=\"og:image\" content=\"https:\/\/www.vivi-litalia.it\/wp-content\/uploads\/2025\/09\/75695.jpg\" \/>\n\t<meta property=\"og:image:width\" content=\"1500\" \/>\n\t<meta property=\"og:image:height\" content=\"1000\" \/>\n\t<meta property=\"og:image:type\" content=\"image\/jpeg\" \/>\n<meta name=\"twitter:card\" content=\"summary_large_image\" \/>\n<meta name=\"twitter:label1\" content=\"Estimated reading time\" \/>\n\t<meta name=\"twitter:data1\" content=\"3 minutes\" \/>\n<script type=\"application\/ld+json\" class=\"yoast-schema-graph\">{\"@context\":\"https:\\\/\\\/schema.org\",\"@graph\":[{\"@type\":\"WebPage\",\"@id\":\"https:\\\/\\\/www.vivi-litalia.it\\\/calici-on-tour\\\/\",\"url\":\"https:\\\/\\\/www.vivi-litalia.it\\\/calici-on-tour\\\/\",\"name\":\"Italien Touren entdecken | Nord-, Mittel- & S\u00fcditalien | Vivi l&#039;Italia\",\"isPartOf\":{\"@id\":\"https:\\\/\\\/www.vivi-litalia.it\\\/#website\"},\"primaryImageOfPage\":{\"@id\":\"https:\\\/\\\/www.vivi-litalia.it\\\/calici-on-tour\\\/#primaryimage\"},\"image\":{\"@id\":\"https:\\\/\\\/www.vivi-litalia.it\\\/calici-on-tour\\\/#primaryimage\"},\"thumbnailUrl\":\"https:\\\/\\\/www.vivi-litalia.it\\\/wp-content\\\/uploads\\\/2025\\\/09\\\/75695.jpg\",\"datePublished\":\"2025-11-21T13:48:48+00:00\",\"dateModified\":\"2025-12-11T11:36:29+00:00\",\"description\":\"Italien Touren entdecken \u2013 erleben Sie Nord-, Mittel- & S\u00fcditalien authentisch. Ma\u00dfgeschneiderte Reisevorschl\u00e4ge mit Vivitalia.\",\"breadcrumb\":{\"@id\":\"https:\\\/\\\/www.vivi-litalia.it\\\/calici-on-tour\\\/#breadcrumb\"},\"inLanguage\":\"en-GB\",\"potentialAction\":[{\"@type\":\"ReadAction\",\"target\":[\"https:\\\/\\\/www.vivi-litalia.it\\\/calici-on-tour\\\/\"]}]},{\"@type\":\"ImageObject\",\"inLanguage\":\"en-GB\",\"@id\":\"https:\\\/\\\/www.vivi-litalia.it\\\/calici-on-tour\\\/#primaryimage\",\"url\":\"https:\\\/\\\/www.vivi-litalia.it\\\/wp-content\\\/uploads\\\/2025\\\/09\\\/75695.jpg\",\"contentUrl\":\"https:\\\/\\\/www.vivi-litalia.it\\\/wp-content\\\/uploads\\\/2025\\\/09\\\/75695.jpg\"},{\"@type\":\"BreadcrumbList\",\"@id\":\"https:\\\/\\\/www.vivi-litalia.it\\\/calici-on-tour\\\/#breadcrumb\",\"itemListElement\":[{\"@type\":\"ListItem\",\"position\":1,\"name\":\"Startseite\",\"item\":\"https:\\\/\\\/www.vivi-litalia.it\\\/\"},{\"@type\":\"ListItem\",\"position\":2,\"name\":\"Calici on Tour\"}]},{\"@type\":\"WebSite\",\"@id\":\"https:\\\/\\\/www.vivi-litalia.it\\\/#website\",\"url\":\"https:\\\/\\\/www.vivi-litalia.it\\\/\",\"name\":\"Vivi l'Italia\",\"description\":\"Italien Erleben\",\"publisher\":{\"@id\":\"https:\\\/\\\/www.vivi-litalia.it\\\/#organization\"},\"potentialAction\":[{\"@type\":\"SearchAction\",\"target\":{\"@type\":\"EntryPoint\",\"urlTemplate\":\"https:\\\/\\\/www.vivi-litalia.it\\\/?s={search_term_string}\"},\"query-input\":{\"@type\":\"PropertyValueSpecification\",\"valueRequired\":true,\"valueName\":\"search_term_string\"}}],\"inLanguage\":\"en-GB\"},{\"@type\":\"Organization\",\"@id\":\"https:\\\/\\\/www.vivi-litalia.it\\\/#organization\",\"name\":\"Vivi l'Italia\",\"url\":\"https:\\\/\\\/www.vivi-litalia.it\\\/\",\"logo\":{\"@type\":\"ImageObject\",\"inLanguage\":\"en-GB\",\"@id\":\"https:\\\/\\\/www.vivi-litalia.it\\\/#\\\/schema\\\/logo\\\/image\\\/\",\"url\":\"https:\\\/\\\/www.vivi-litalia.it\\\/wp-content\\\/uploads\\\/2025\\\/08\\\/Color-logo_no-background-1-scaled.png\",\"contentUrl\":\"https:\\\/\\\/www.vivi-litalia.it\\\/wp-content\\\/uploads\\\/2025\\\/08\\\/Color-logo_no-background-1-scaled.png\",\"width\":2560,\"height\":1186,\"caption\":\"Vivi l'Italia\"},\"image\":{\"@id\":\"https:\\\/\\\/www.vivi-litalia.it\\\/#\\\/schema\\\/logo\\\/image\\\/\"}}]}<\/script>\n<!-- \/ Yoast SEO plugin. -->","yoast_head_json":{"title":"Italien Touren entdecken | Nord-, Mittel- & S\u00fcditalien | Vivi l&#039;Italia","description":"Italien Touren entdecken \u2013 erleben Sie Nord-, Mittel- & S\u00fcditalien authentisch. Ma\u00dfgeschneiderte Reisevorschl\u00e4ge mit Vivitalia.","robots":{"index":"index","follow":"follow","max-snippet":"max-snippet:-1","max-image-preview":"max-image-preview:large","max-video-preview":"max-video-preview:-1"},"canonical":"https:\/\/www.vivi-litalia.it\/en\/calici-on-tour\/","og_locale":"en_GB","og_type":"article","og_title":"Italien Touren entdecken | Nord-, Mittel- & S\u00fcditalien | Vivi l&#039;Italia","og_description":"Italien Touren entdecken \u2013 erleben Sie Nord-, Mittel- & S\u00fcditalien authentisch. Ma\u00dfgeschneiderte Reisevorschl\u00e4ge mit Vivitalia.","og_url":"https:\/\/www.vivi-litalia.it\/en\/calici-on-tour\/","og_site_name":"Vivi l&#039;Italia","article_modified_time":"2025-12-11T11:36:29+00:00","og_image":[{"width":1500,"height":1000,"url":"https:\/\/www.vivi-litalia.it\/wp-content\/uploads\/2025\/09\/75695.jpg","type":"image\/jpeg"}],"twitter_card":"summary_large_image","twitter_misc":{"Estimated reading time":"3 minutes"},"schema":{"@context":"https:\/\/schema.org","@graph":[{"@type":"WebPage","@id":"https:\/\/www.vivi-litalia.it\/calici-on-tour\/","url":"https:\/\/www.vivi-litalia.it\/calici-on-tour\/","name":"Italien Touren entdecken | Nord-, Mittel- & S\u00fcditalien | Vivi l&#039;Italia","isPartOf":{"@id":"https:\/\/www.vivi-litalia.it\/#website"},"primaryImageOfPage":{"@id":"https:\/\/www.vivi-litalia.it\/calici-on-tour\/#primaryimage"},"image":{"@id":"https:\/\/www.vivi-litalia.it\/calici-on-tour\/#primaryimage"},"thumbnailUrl":"https:\/\/www.vivi-litalia.it\/wp-content\/uploads\/2025\/09\/75695.jpg","datePublished":"2025-11-21T13:48:48+00:00","dateModified":"2025-12-11T11:36:29+00:00","description":"Italien Touren entdecken \u2013 erleben Sie Nord-, Mittel- & S\u00fcditalien authentisch. Ma\u00dfgeschneiderte Reisevorschl\u00e4ge mit Vivitalia.","breadcrumb":{"@id":"https:\/\/www.vivi-litalia.it\/calici-on-tour\/#breadcrumb"},"inLanguage":"en-GB","potentialAction":[{"@type":"ReadAction","target":["https:\/\/www.vivi-litalia.it\/calici-on-tour\/"]}]},{"@type":"ImageObject","inLanguage":"en-GB","@id":"https:\/\/www.vivi-litalia.it\/calici-on-tour\/#primaryimage","url":"https:\/\/www.vivi-litalia.it\/wp-content\/uploads\/2025\/09\/75695.jpg","contentUrl":"https:\/\/www.vivi-litalia.it\/wp-content\/uploads\/2025\/09\/75695.jpg"},{"@type":"BreadcrumbList","@id":"https:\/\/www.vivi-litalia.it\/calici-on-tour\/#breadcrumb","itemListElement":[{"@type":"ListItem","position":1,"name":"Startseite","item":"https:\/\/www.vivi-litalia.it\/"},{"@type":"ListItem","position":2,"name":"Calici on Tour"}]},{"@type":"WebSite","@id":"https:\/\/www.vivi-litalia.it\/#website","url":"https:\/\/www.vivi-litalia.it\/","name":"Vivi l'Italia","description":"Italien Erleben","publisher":{"@id":"https:\/\/www.vivi-litalia.it\/#organization"},"potentialAction":[{"@type":"SearchAction","target":{"@type":"EntryPoint","urlTemplate":"https:\/\/www.vivi-litalia.it\/?s={search_term_string}"},"query-input":{"@type":"PropertyValueSpecification","valueRequired":true,"valueName":"search_term_string"}}],"inLanguage":"en-GB"},{"@type":"Organization","@id":"https:\/\/www.vivi-litalia.it\/#organization","name":"Vivi l'Italia","url":"https:\/\/www.vivi-litalia.it\/","logo":{"@type":"ImageObject","inLanguage":"en-GB","@id":"https:\/\/www.vivi-litalia.it\/#\/schema\/logo\/image\/","url":"https:\/\/www.vivi-litalia.it\/wp-content\/uploads\/2025\/08\/Color-logo_no-background-1-scaled.png","contentUrl":"https:\/\/www.vivi-litalia.it\/wp-content\/uploads\/2025\/08\/Color-logo_no-background-1-scaled.png","width":2560,"height":1186,"caption":"Vivi l'Italia"},"image":{"@id":"https:\/\/www.vivi-litalia.it\/#\/schema\/logo\/image\/"}}]}},"_links":{"self":[{"href":"https:\/\/www.vivi-litalia.it\/en\/wp-json\/wp\/v2\/pages\/4069","targetHints":{"allow":["GET"]}}],"collection":[{"href":"https:\/\/www.vivi-litalia.it\/en\/wp-json\/wp\/v2\/pages"}],"about":[{"href":"https:\/\/www.vivi-litalia.it\/en\/wp-json\/wp\/v2\/types\/page"}],"author":[{"embeddable":true,"href":"https:\/\/www.vivi-litalia.it\/en\/wp-json\/wp\/v2\/users\/1"}],"replies":[{"embeddable":true,"href":"https:\/\/www.vivi-litalia.it\/en\/wp-json\/wp\/v2\/comments?post=4069"}],"version-history":[{"count":26,"href":"https:\/\/www.vivi-litalia.it\/en\/wp-json\/wp\/v2\/pages\/4069\/revisions"}],"predecessor-version":[{"id":4223,"href":"https:\/\/www.vivi-litalia.it\/en\/wp-json\/wp\/v2\/pages\/4069\/revisions\/4223"}],"wp:attachment":[{"href":"https:\/\/www.vivi-litalia.it\/en\/wp-json\/wp\/v2\/media?parent=4069"}],"curies":[{"name":"wp","href":"https:\/\/api.w.org\/{rel}","templated":true}]}}