{"id":4091,"date":"2025-11-21T13:54:30","date_gmt":"2025-11-21T13:54:30","guid":{"rendered":"https:\/\/www.vivi-litalia.it\/?page_id=4091"},"modified":"2025-12-11T11:37:10","modified_gmt":"2025-12-11T11:37:10","slug":"incentive-team","status":"publish","type":"page","link":"https:\/\/www.vivi-litalia.it\/en\/incentive-team\/","title":{"rendered":"Incentive &#038; Team Building"},"content":{"rendered":"<div data-elementor-type=\"wp-page\" data-elementor-id=\"4091\" class=\"elementor elementor-4091\" data-elementor-post-type=\"page\">\n\t\t\t\t<div class=\"elementor-element elementor-element-430f107 e-con-full e-flex e-con e-parent\" data-id=\"430f107\" data-element_type=\"container\" data-e-type=\"container\" data-settings=\"{&quot;background_background&quot;:&quot;classic&quot;}\">\n\t\t<div class=\"elementor-element elementor-element-efb8746 e-con-full e-flex e-con e-child\" data-id=\"efb8746\" data-element_type=\"container\" data-e-type=\"container\" data-settings=\"{&quot;background_background&quot;:&quot;classic&quot;}\">\n\t\t\t\t<\/div>\n\t\t\t\t<\/div>\n\t\t<div class=\"elementor-element elementor-element-447ba1e e-flex e-con-boxed e-con e-parent\" data-id=\"447ba1e\" data-element_type=\"container\" data-e-type=\"container\">\n\t\t\t\t\t<div class=\"e-con-inner\">\n\t\t<div class=\"elementor-element elementor-element-d116c5c e-con-full e-flex e-con e-child\" data-id=\"d116c5c\" data-element_type=\"container\" data-e-type=\"container\">\n\t\t\t\t<div class=\"elementor-element elementor-element-1fdd4cf elementor-widget elementor-widget-heading\" data-id=\"1fdd4cf\" data-element_type=\"widget\" data-e-type=\"widget\" data-widget_type=\"heading.default\">\n\t\t\t\t<div class=\"elementor-widget-container\">\n\t\t\t\t\t<h1 class=\"elementor-heading-title elementor-size-default\">Incentive &amp; Team Building<\/h1>\t\t\t\t<\/div>\n\t\t\t\t<\/div>\n\t\t\t\t<\/div>\n\t\t\t\t\t<\/div>\n\t\t\t\t<\/div>\n\t\t<div class=\"elementor-element elementor-element-16ba79f e-flex e-con-boxed e-con e-parent\" data-id=\"16ba79f\" data-element_type=\"container\" data-e-type=\"container\">\n\t\t\t\t\t<div class=\"e-con-inner\">\n\t\t<div class=\"elementor-element elementor-element-f83a5cf e-con-full e-flex e-con e-child\" data-id=\"f83a5cf\" data-element_type=\"container\" data-e-type=\"container\">\n\t\t\t\t<div class=\"elementor-element elementor-element-93742d3 elementor-widget elementor-widget-image\" data-id=\"93742d3\" data-element_type=\"widget\" data-e-type=\"widget\" data-widget_type=\"image.default\">\n\t\t\t\t<div class=\"elementor-widget-container\">\n\t\t\t\t\t\t\t\t\t\t\t\t\t\t\t<img fetchpriority=\"high\" decoding=\"async\" width=\"1500\" height=\"844\" src=\"https:\/\/www.vivi-litalia.it\/wp-content\/uploads\/2025\/09\/2682.jpg\" class=\"attachment-full size-full wp-image-985\" alt=\"\" srcset=\"https:\/\/www.vivi-litalia.it\/wp-content\/uploads\/2025\/09\/2682.jpg 1500w, https:\/\/www.vivi-litalia.it\/wp-content\/uploads\/2025\/09\/2682-300x169.jpg 300w, https:\/\/www.vivi-litalia.it\/wp-content\/uploads\/2025\/09\/2682-1024x576.jpg 1024w, https:\/\/www.vivi-litalia.it\/wp-content\/uploads\/2025\/09\/2682-768x432.jpg 768w\" sizes=\"(max-width: 1500px) 100vw, 1500px\" \/>\t\t\t\t\t\t\t\t\t\t\t\t\t\t\t<\/div>\n\t\t\t\t<\/div>\n\t\t\t\t<\/div>\n\t\t<div class=\"elementor-element elementor-element-bb8740a e-con-full e-flex e-con e-child\" data-id=\"bb8740a\" data-element_type=\"container\" data-e-type=\"container\">\n\t\t\t\t<div class=\"elementor-element elementor-element-83f5776 elementor-widget elementor-widget-heading\" data-id=\"83f5776\" data-element_type=\"widget\" data-e-type=\"widget\" data-widget_type=\"heading.default\">\n\t\t\t\t<div class=\"elementor-widget-container\">\n\t\t\t\t\t<h2 class=\"elementor-heading-title elementor-size-default\">Ihr Erfolg ist unser Erfolg!<\/h2>\t\t\t\t<\/div>\n\t\t\t\t<\/div>\n\t\t\t\t<div class=\"elementor-element elementor-element-da6128c elementor-widget elementor-widget-text-editor\" data-id=\"da6128c\" data-element_type=\"widget\" data-e-type=\"widget\" data-widget_type=\"text-editor.default\">\n\t\t\t\t<div class=\"elementor-widget-container\">\n\t\t\t\t\t\t\t\t\t<p>Viel wird als momentaner Trend beachtet, doch wenn es um\u00a0<strong>Teambuilding\u00a0<\/strong>geht, ist dies nicht der Fall. Teambuilding ist ein wichtiger Faktor f\u00fcr den Erfolg eines Teams und somit des Unternehmens. Es f\u00f6rdert die Zusammenarbeit, Kreativit\u00e4t und\u00a0Produktivit\u00e4t.<\/p><p>Es gibt eine Vielzahl von Studien, die sich mit dem Erfolg von Teambuilding und\u00a0<strong>Incentive-Reisen<\/strong>\u00a0befassen. Schl\u00fcsselerkenntnisse aus der Forschung haben nachgewiesen, dass sich die Zusammenarbeit und die Koh\u00e4sion zwischen den Mitarbeiter verbessert.<\/p><p>Fazit: Teambuilding und Incentive Reisen haben einen positiven ROI f\u00fcr Unternehmen, indem sie die Mitarbeiterproduktivit\u00e4t steigern, die Mitarbeiterbindung erh\u00f6hen und letztendlich zu einer verbesserten Unternehmensleistung beitragen.<\/p><p>Um dies zu erzielen ist es wichtig den richtigen Partner zu haben. Wir erstellen gemeinsam mit einem Teambuilding Coach erfolgreiche und Ma\u00dfgeschneiderte Programme und Aktivit\u00e4ten und organisieren unvergessliche Incentive-Reisen f\u00fcr Ihre Mitarbeiter.<\/p><p><strong>Wir freuen uns Ihr Partner f\u00fcr Ihren Erfolg zu werden.<\/strong><\/p>\t\t\t\t\t\t\t\t<\/div>\n\t\t\t\t<\/div>\n\t\t\t\t<div class=\"elementor-element elementor-element-5c14982 elementor-widget elementor-widget-heading\" data-id=\"5c14982\" data-element_type=\"widget\" data-e-type=\"widget\" data-widget_type=\"heading.default\">\n\t\t\t\t<div class=\"elementor-widget-container\">\n\t\t\t\t\t<h2 class=\"elementor-heading-title elementor-size-default\">Alessandra und Viviana<\/h2>\t\t\t\t<\/div>\n\t\t\t\t<\/div>\n\t\t\t\t<div class=\"elementor-element elementor-element-e1e3613 elementor-widget elementor-widget-button\" data-id=\"e1e3613\" data-element_type=\"widget\" data-e-type=\"widget\" data-widget_type=\"button.default\">\n\t\t\t\t<div class=\"elementor-widget-container\">\n\t\t\t\t\t\t\t\t\t<div class=\"elementor-button-wrapper\">\n\t\t\t\t\t<a class=\"elementor-button elementor-button-link elementor-size-sm\" href=\"https:\/\/www.vivi-litalia.it\/en\/kontakte\/\">\n\t\t\t\t\t\t<span class=\"elementor-button-content-wrapper\">\n\t\t\t\t\t\t\t\t\t<span class=\"elementor-button-text\">Anfrage Formular<\/span>\n\t\t\t\t\t<\/span>\n\t\t\t\t\t<\/a>\n\t\t\t\t<\/div>\n\t\t\t\t\t\t\t\t<\/div>\n\t\t\t\t<\/div>\n\t\t\t\t<\/div>\n\t\t\t\t\t<\/div>\n\t\t\t\t<\/div>\n\t\t\t\t<\/div>","protected":false},"excerpt":{"rendered":"<p>Incentive &amp; Team Building Ihr Erfolg ist unser Erfolg! Viel wird als momentaner Trend beachtet, doch wenn es um\u00a0Teambuilding\u00a0geht, ist dies nicht der Fall. Teambuilding ist ein wichtiger Faktor f\u00fcr den Erfolg eines Teams und somit des Unternehmens. Es f\u00f6rdert die Zusammenarbeit, Kreativit\u00e4t und\u00a0Produktivit\u00e4t. Es gibt eine Vielzahl von Studien, die sich mit dem Erfolg [&hellip;]<\/p>\n","protected":false},"author":1,"featured_media":0,"parent":0,"menu_order":0,"comment_status":"closed","ping_status":"closed","template":"","meta":{"footnotes":""},"class_list":["post-4091","page","type-page","status-publish","hentry"],"yoast_head":"<!-- This site is optimized with the Yoast SEO plugin v27.4 - https:\/\/yoast.com\/product\/yoast-seo-wordpress\/ -->\n<title>Ma\u00dfgeschneiderte Gruppenreisen nach Italien | Vivitalia<\/title>\n<meta name=\"description\" content=\"Ma\u00dfgeschneiderte Gruppenreisen nach Italien mit Vivitalia \u2013 erfahren, zuverl\u00e4ssig und authentisch reisen, von Experten geplant.\" \/>\n<meta name=\"robots\" content=\"index, follow, max-snippet:-1, max-image-preview:large, max-video-preview:-1\" \/>\n<link rel=\"canonical\" href=\"https:\/\/www.vivi-litalia.it\/en\/incentive-team\/\" \/>\n<meta property=\"og:locale\" content=\"en_GB\" \/>\n<meta property=\"og:type\" content=\"article\" \/>\n<meta property=\"og:title\" content=\"Ma\u00dfgeschneiderte Gruppenreisen nach Italien | Vivitalia\" \/>\n<meta property=\"og:description\" content=\"Ma\u00dfgeschneiderte Gruppenreisen nach Italien mit Vivitalia \u2013 erfahren, zuverl\u00e4ssig und authentisch reisen, von Experten geplant.\" \/>\n<meta property=\"og:url\" content=\"https:\/\/www.vivi-litalia.it\/en\/incentive-team\/\" \/>\n<meta property=\"og:site_name\" content=\"Vivi l&#039;Italia\" \/>\n<meta property=\"article:modified_time\" content=\"2025-12-11T11:37:10+00:00\" \/>\n<meta property=\"og:image\" content=\"https:\/\/www.vivi-litalia.it\/wp-content\/uploads\/2025\/09\/2682.jpg\" \/>\n\t<meta property=\"og:image:width\" content=\"1500\" \/>\n\t<meta property=\"og:image:height\" content=\"844\" \/>\n\t<meta property=\"og:image:type\" content=\"image\/jpeg\" \/>\n<meta name=\"twitter:card\" content=\"summary_large_image\" \/>\n<meta name=\"twitter:label1\" content=\"Estimated reading time\" \/>\n\t<meta name=\"twitter:data1\" content=\"2 minutes\" \/>\n<script type=\"application\/ld+json\" class=\"yoast-schema-graph\">{\"@context\":\"https:\\\/\\\/schema.org\",\"@graph\":[{\"@type\":\"WebPage\",\"@id\":\"https:\\\/\\\/www.vivi-litalia.it\\\/incentive-team\\\/\",\"url\":\"https:\\\/\\\/www.vivi-litalia.it\\\/incentive-team\\\/\",\"name\":\"Ma\u00dfgeschneiderte Gruppenreisen nach Italien | Vivitalia\",\"isPartOf\":{\"@id\":\"https:\\\/\\\/www.vivi-litalia.it\\\/#website\"},\"primaryImageOfPage\":{\"@id\":\"https:\\\/\\\/www.vivi-litalia.it\\\/incentive-team\\\/#primaryimage\"},\"image\":{\"@id\":\"https:\\\/\\\/www.vivi-litalia.it\\\/incentive-team\\\/#primaryimage\"},\"thumbnailUrl\":\"https:\\\/\\\/www.vivi-litalia.it\\\/wp-content\\\/uploads\\\/2025\\\/09\\\/2682.jpg\",\"datePublished\":\"2025-11-21T13:54:30+00:00\",\"dateModified\":\"2025-12-11T11:37:10+00:00\",\"description\":\"Ma\u00dfgeschneiderte Gruppenreisen nach Italien mit Vivitalia \u2013 erfahren, zuverl\u00e4ssig und authentisch reisen, von Experten geplant.\",\"breadcrumb\":{\"@id\":\"https:\\\/\\\/www.vivi-litalia.it\\\/incentive-team\\\/#breadcrumb\"},\"inLanguage\":\"en-GB\",\"potentialAction\":[{\"@type\":\"ReadAction\",\"target\":[\"https:\\\/\\\/www.vivi-litalia.it\\\/incentive-team\\\/\"]}]},{\"@type\":\"ImageObject\",\"inLanguage\":\"en-GB\",\"@id\":\"https:\\\/\\\/www.vivi-litalia.it\\\/incentive-team\\\/#primaryimage\",\"url\":\"https:\\\/\\\/www.vivi-litalia.it\\\/wp-content\\\/uploads\\\/2025\\\/09\\\/2682.jpg\",\"contentUrl\":\"https:\\\/\\\/www.vivi-litalia.it\\\/wp-content\\\/uploads\\\/2025\\\/09\\\/2682.jpg\"},{\"@type\":\"BreadcrumbList\",\"@id\":\"https:\\\/\\\/www.vivi-litalia.it\\\/incentive-team\\\/#breadcrumb\",\"itemListElement\":[{\"@type\":\"ListItem\",\"position\":1,\"name\":\"Startseite\",\"item\":\"https:\\\/\\\/www.vivi-litalia.it\\\/\"},{\"@type\":\"ListItem\",\"position\":2,\"name\":\"Incentive &#038; Team Building\"}]},{\"@type\":\"WebSite\",\"@id\":\"https:\\\/\\\/www.vivi-litalia.it\\\/#website\",\"url\":\"https:\\\/\\\/www.vivi-litalia.it\\\/\",\"name\":\"Vivi l'Italia\",\"description\":\"Italien Erleben\",\"publisher\":{\"@id\":\"https:\\\/\\\/www.vivi-litalia.it\\\/#organization\"},\"potentialAction\":[{\"@type\":\"SearchAction\",\"target\":{\"@type\":\"EntryPoint\",\"urlTemplate\":\"https:\\\/\\\/www.vivi-litalia.it\\\/?s={search_term_string}\"},\"query-input\":{\"@type\":\"PropertyValueSpecification\",\"valueRequired\":true,\"valueName\":\"search_term_string\"}}],\"inLanguage\":\"en-GB\"},{\"@type\":\"Organization\",\"@id\":\"https:\\\/\\\/www.vivi-litalia.it\\\/#organization\",\"name\":\"Vivi l'Italia\",\"url\":\"https:\\\/\\\/www.vivi-litalia.it\\\/\",\"logo\":{\"@type\":\"ImageObject\",\"inLanguage\":\"en-GB\",\"@id\":\"https:\\\/\\\/www.vivi-litalia.it\\\/#\\\/schema\\\/logo\\\/image\\\/\",\"url\":\"https:\\\/\\\/www.vivi-litalia.it\\\/wp-content\\\/uploads\\\/2025\\\/08\\\/Color-logo_no-background-1-scaled.png\",\"contentUrl\":\"https:\\\/\\\/www.vivi-litalia.it\\\/wp-content\\\/uploads\\\/2025\\\/08\\\/Color-logo_no-background-1-scaled.png\",\"width\":2560,\"height\":1186,\"caption\":\"Vivi l'Italia\"},\"image\":{\"@id\":\"https:\\\/\\\/www.vivi-litalia.it\\\/#\\\/schema\\\/logo\\\/image\\\/\"}}]}<\/script>\n<!-- \/ Yoast SEO plugin. -->","yoast_head_json":{"title":"Ma\u00dfgeschneiderte Gruppenreisen nach Italien | Vivitalia","description":"Ma\u00dfgeschneiderte Gruppenreisen nach Italien mit Vivitalia \u2013 erfahren, zuverl\u00e4ssig und authentisch reisen, von Experten geplant.","robots":{"index":"index","follow":"follow","max-snippet":"max-snippet:-1","max-image-preview":"max-image-preview:large","max-video-preview":"max-video-preview:-1"},"canonical":"https:\/\/www.vivi-litalia.it\/en\/incentive-team\/","og_locale":"en_GB","og_type":"article","og_title":"Ma\u00dfgeschneiderte Gruppenreisen nach Italien | Vivitalia","og_description":"Ma\u00dfgeschneiderte Gruppenreisen nach Italien mit Vivitalia \u2013 erfahren, zuverl\u00e4ssig und authentisch reisen, von Experten geplant.","og_url":"https:\/\/www.vivi-litalia.it\/en\/incentive-team\/","og_site_name":"Vivi l&#039;Italia","article_modified_time":"2025-12-11T11:37:10+00:00","og_image":[{"width":1500,"height":844,"url":"https:\/\/www.vivi-litalia.it\/wp-content\/uploads\/2025\/09\/2682.jpg","type":"image\/jpeg"}],"twitter_card":"summary_large_image","twitter_misc":{"Estimated reading time":"2 minutes"},"schema":{"@context":"https:\/\/schema.org","@graph":[{"@type":"WebPage","@id":"https:\/\/www.vivi-litalia.it\/incentive-team\/","url":"https:\/\/www.vivi-litalia.it\/incentive-team\/","name":"Ma\u00dfgeschneiderte Gruppenreisen nach Italien | Vivitalia","isPartOf":{"@id":"https:\/\/www.vivi-litalia.it\/#website"},"primaryImageOfPage":{"@id":"https:\/\/www.vivi-litalia.it\/incentive-team\/#primaryimage"},"image":{"@id":"https:\/\/www.vivi-litalia.it\/incentive-team\/#primaryimage"},"thumbnailUrl":"https:\/\/www.vivi-litalia.it\/wp-content\/uploads\/2025\/09\/2682.jpg","datePublished":"2025-11-21T13:54:30+00:00","dateModified":"2025-12-11T11:37:10+00:00","description":"Ma\u00dfgeschneiderte Gruppenreisen nach Italien mit Vivitalia \u2013 erfahren, zuverl\u00e4ssig und authentisch reisen, von Experten geplant.","breadcrumb":{"@id":"https:\/\/www.vivi-litalia.it\/incentive-team\/#breadcrumb"},"inLanguage":"en-GB","potentialAction":[{"@type":"ReadAction","target":["https:\/\/www.vivi-litalia.it\/incentive-team\/"]}]},{"@type":"ImageObject","inLanguage":"en-GB","@id":"https:\/\/www.vivi-litalia.it\/incentive-team\/#primaryimage","url":"https:\/\/www.vivi-litalia.it\/wp-content\/uploads\/2025\/09\/2682.jpg","contentUrl":"https:\/\/www.vivi-litalia.it\/wp-content\/uploads\/2025\/09\/2682.jpg"},{"@type":"BreadcrumbList","@id":"https:\/\/www.vivi-litalia.it\/incentive-team\/#breadcrumb","itemListElement":[{"@type":"ListItem","position":1,"name":"Startseite","item":"https:\/\/www.vivi-litalia.it\/"},{"@type":"ListItem","position":2,"name":"Incentive &#038; Team Building"}]},{"@type":"WebSite","@id":"https:\/\/www.vivi-litalia.it\/#website","url":"https:\/\/www.vivi-litalia.it\/","name":"Vivi l'Italia","description":"Italien Erleben","publisher":{"@id":"https:\/\/www.vivi-litalia.it\/#organization"},"potentialAction":[{"@type":"SearchAction","target":{"@type":"EntryPoint","urlTemplate":"https:\/\/www.vivi-litalia.it\/?s={search_term_string}"},"query-input":{"@type":"PropertyValueSpecification","valueRequired":true,"valueName":"search_term_string"}}],"inLanguage":"en-GB"},{"@type":"Organization","@id":"https:\/\/www.vivi-litalia.it\/#organization","name":"Vivi l'Italia","url":"https:\/\/www.vivi-litalia.it\/","logo":{"@type":"ImageObject","inLanguage":"en-GB","@id":"https:\/\/www.vivi-litalia.it\/#\/schema\/logo\/image\/","url":"https:\/\/www.vivi-litalia.it\/wp-content\/uploads\/2025\/08\/Color-logo_no-background-1-scaled.png","contentUrl":"https:\/\/www.vivi-litalia.it\/wp-content\/uploads\/2025\/08\/Color-logo_no-background-1-scaled.png","width":2560,"height":1186,"caption":"Vivi l'Italia"},"image":{"@id":"https:\/\/www.vivi-litalia.it\/#\/schema\/logo\/image\/"}}]}},"_links":{"self":[{"href":"https:\/\/www.vivi-litalia.it\/en\/wp-json\/wp\/v2\/pages\/4091","targetHints":{"allow":["GET"]}}],"collection":[{"href":"https:\/\/www.vivi-litalia.it\/en\/wp-json\/wp\/v2\/pages"}],"about":[{"href":"https:\/\/www.vivi-litalia.it\/en\/wp-json\/wp\/v2\/types\/page"}],"author":[{"embeddable":true,"href":"https:\/\/www.vivi-litalia.it\/en\/wp-json\/wp\/v2\/users\/1"}],"replies":[{"embeddable":true,"href":"https:\/\/www.vivi-litalia.it\/en\/wp-json\/wp\/v2\/comments?post=4091"}],"version-history":[{"count":24,"href":"https:\/\/www.vivi-litalia.it\/en\/wp-json\/wp\/v2\/pages\/4091\/revisions"}],"predecessor-version":[{"id":4226,"href":"https:\/\/www.vivi-litalia.it\/en\/wp-json\/wp\/v2\/pages\/4091\/revisions\/4226"}],"wp:attachment":[{"href":"https:\/\/www.vivi-litalia.it\/en\/wp-json\/wp\/v2\/media?parent=4091"}],"curies":[{"name":"wp","href":"https:\/\/api.w.org\/{rel}","templated":true}]}}