{"id":4177,"date":"2025-12-02T11:17:28","date_gmt":"2025-12-02T11:17:28","guid":{"rendered":"https:\/\/www.vivi-litalia.it\/?page_id=4177"},"modified":"2025-12-11T11:47:46","modified_gmt":"2025-12-11T11:47:46","slug":"inseln","status":"publish","type":"page","link":"https:\/\/www.vivi-litalia.it\/en\/inseln\/","title":{"rendered":"Islands"},"content":{"rendered":"<div data-elementor-type=\"wp-page\" data-elementor-id=\"4177\" class=\"elementor elementor-4177\" data-elementor-post-type=\"page\">\n\t\t\t\t<div class=\"elementor-element elementor-element-19c49e9 e-con-full e-flex e-con e-parent\" data-id=\"19c49e9\" data-element_type=\"container\" data-e-type=\"container\" data-settings=\"{&quot;background_background&quot;:&quot;classic&quot;}\">\n\t\t<div class=\"elementor-element elementor-element-c832af8 e-con-full e-flex e-con e-child\" data-id=\"c832af8\" data-element_type=\"container\" data-e-type=\"container\" data-settings=\"{&quot;background_background&quot;:&quot;classic&quot;}\">\n\t\t\t\t<\/div>\n\t\t\t\t<\/div>\n\t\t<div class=\"elementor-element elementor-element-3f38543 e-flex e-con-boxed e-con e-parent\" data-id=\"3f38543\" data-element_type=\"container\" data-e-type=\"container\">\n\t\t\t\t\t<div class=\"e-con-inner\">\n\t\t<div class=\"elementor-element elementor-element-5b70091 e-con-full e-flex e-con e-child\" data-id=\"5b70091\" data-element_type=\"container\" data-e-type=\"container\">\n\t\t\t\t<div class=\"elementor-element elementor-element-33424b5 elementor-widget elementor-widget-heading\" data-id=\"33424b5\" data-element_type=\"widget\" data-e-type=\"widget\" data-widget_type=\"heading.default\">\n\t\t\t\t<div class=\"elementor-widget-container\">\n\t\t\t\t\t<h1 class=\"elementor-heading-title elementor-size-default\">Inseln Tour<\/h1>\t\t\t\t<\/div>\n\t\t\t\t<\/div>\n\t\t\t\t<div class=\"elementor-element elementor-element-ffe605e elementor-widget__width-initial elementor-widget elementor-widget-text-editor\" data-id=\"ffe605e\" data-element_type=\"widget\" data-e-type=\"widget\" data-widget_type=\"text-editor.default\">\n\t\t\t\t<div class=\"elementor-widget-container\">\n\t\t\t\t\t\t\t\t\t<p>Entdecken Sie die \u00c4olischen Inseln: ein einzigartiges Archipel voller traumhafter Natur, antiker Mythen und mediterraner Lebensfreude. Von den schwarzen Str\u00e4nden Vulcanos bis zu den leuchtenden Kratern Strombolis, vorbei an den charmanten Orten von Lipari und den eleganten Gassen Panareas \u2013 jeder Stopp enth\u00fcllt eine neue Aspekte dieser faszinierenden Inselwelt.<\/p><p>Erkunden Sie \u00fcppige Landschaften wie die gr\u00fcnen H\u00fcgel Salinas, die unber\u00fchrten Panoramen von Filicudi und die zeitlose Ruhe Alicudis. Tauchen Sie in das kristallklare Wasser ein, entdecken Sie beeindruckende Felsformationen und genie\u00dfen Sie spektakul\u00e4re Sonnenunterg\u00e4nge \u00fcber dem Tyrrhenischen Meer.<\/p><p>Kosten Sie die authentischen Aromen der \u00c4olischen Inseln: frischer Fisch, Kapern aus Salina, s\u00fc\u00dfe Malvasia und traditionelle Inselgerichte, die nach Meer und Sonne schmecken.<\/p><p>Eine Reise durch Feuer, Natur und Kultur \u2013 die \u00c4olischen Inseln geh\u00f6ren zu den beeindruckendsten Zielen des Mittelmeers und schenken unvergessliche Erlebnisse.<\/p>\t\t\t\t\t\t\t\t<\/div>\n\t\t\t\t<\/div>\n\t\t<div class=\"elementor-element elementor-element-735ef37 e-con-full e-flex e-con e-child\" data-id=\"735ef37\" data-element_type=\"container\" data-e-type=\"container\">\n\t\t<div class=\"elementor-element elementor-element-0e44bd0 e-con-full e-flex e-con e-child\" data-id=\"0e44bd0\" data-element_type=\"container\" data-e-type=\"container\">\n\t\t\t\t<div class=\"elementor-element elementor-element-78ff4c0 elementor-widget elementor-widget-premium-addon-banner\" data-id=\"78ff4c0\" data-element_type=\"widget\" data-e-type=\"widget\" data-widget_type=\"premium-addon-banner.default\">\n\t\t\t\t<div class=\"elementor-widget-container\">\n\t\t\t\t\t\t\t<div class=\"premium-banner-ib premium-banner-min-height premium-banner-animation1 blur premium-banner__effect-type2\">\n\t\t\t\t\t\t\t\t\t\t<img fetchpriority=\"high\" decoding=\"async\" width=\"1500\" height=\"1000\" src=\"https:\/\/www.vivi-litalia.it\/wp-content\/uploads\/2025\/09\/75695.jpg\" class=\"attachment-full size-full wp-image-625\" alt=\"\" srcset=\"https:\/\/www.vivi-litalia.it\/wp-content\/uploads\/2025\/09\/75695.jpg 1500w, https:\/\/www.vivi-litalia.it\/wp-content\/uploads\/2025\/09\/75695-300x200.jpg 300w, https:\/\/www.vivi-litalia.it\/wp-content\/uploads\/2025\/09\/75695-1024x683.jpg 1024w, https:\/\/www.vivi-litalia.it\/wp-content\/uploads\/2025\/09\/75695-768x512.jpg 768w\" sizes=\"(max-width: 1500px) 100vw, 1500px\" \/>\t\t\t\t\t\t\t\t\t<div class=\"premium-banner-ib-desc\">\n\t\t\t\t\n\t\t\t\t\t\t\t\t\t<h3 class=\"premium-banner-ib-title premium_banner_title\">\n\t\t\t\t\t\tSicily: Culture and Gourmet Tour\t\t\t\t\t<\/h3>\n\t\t\t\t\n\t\t\t\t\t\t\t\t\t<div class=\"premium-banner-ib-content premium_banner_content\">\n\t\t\t\t\t\t<p class=\"p1\">Flight 8 days \/ 7 nights<\/p>\t\t\t\t\t<\/div>\n\t\t\t\t\n\t\t\t\t\n\t\t\t\t\t\t\t<\/div>\n\t\t\t\t\t\t\t<a href=\"https:\/\/www.vivi-litalia.it\/en\/sizilien-kultur-und-genussreise\/\" class=\"premium-banner-ib-link\"><\/a>\n\t\t\t\t\t<\/div>\n\n\t\t\t\t\t\t<\/div>\n\t\t\t\t<\/div>\n\t\t\t\t<\/div>\n\t\t<div class=\"elementor-element elementor-element-bdf3c19 e-con-full e-flex e-con e-child\" data-id=\"bdf3c19\" data-element_type=\"container\" data-e-type=\"container\">\n\t\t\t\t<div class=\"elementor-element elementor-element-5e66ed3 elementor-widget elementor-widget-premium-addon-banner\" data-id=\"5e66ed3\" data-element_type=\"widget\" data-e-type=\"widget\" data-widget_type=\"premium-addon-banner.default\">\n\t\t\t\t<div class=\"elementor-widget-container\">\n\t\t\t\t\t\t\t<div class=\"premium-banner-ib premium-banner-min-height premium-banner-animation1 blur premium-banner__effect-type2\">\n\t\t\t\t\t\t\t\t\t\t<img decoding=\"async\" width=\"1500\" height=\"1000\" src=\"https:\/\/www.vivi-litalia.it\/wp-content\/uploads\/2025\/10\/18236.jpg\" class=\"attachment-full size-full wp-image-3171\" alt=\"\" srcset=\"https:\/\/www.vivi-litalia.it\/wp-content\/uploads\/2025\/10\/18236.jpg 1500w, https:\/\/www.vivi-litalia.it\/wp-content\/uploads\/2025\/10\/18236-300x200.jpg 300w, https:\/\/www.vivi-litalia.it\/wp-content\/uploads\/2025\/10\/18236-1024x683.jpg 1024w, https:\/\/www.vivi-litalia.it\/wp-content\/uploads\/2025\/10\/18236-768x512.jpg 768w, https:\/\/www.vivi-litalia.it\/wp-content\/uploads\/2025\/10\/18236-18x12.jpg 18w\" sizes=\"(max-width: 1500px) 100vw, 1500px\" \/>\t\t\t\t\t\t\t\t\t<div class=\"premium-banner-ib-desc\">\n\t\t\t\t\n\t\t\t\t\t\t\t\t\t<h3 class=\"premium-banner-ib-title premium_banner_title\">\n\t\t\t\t\t\tCalabria tour\t\t\t\t\t<\/h3>\n\t\t\t\t\n\t\t\t\t\t\t\t\t\t<div class=\"premium-banner-ib-content premium_banner_content\">\n\t\t\t\t\t\t<p class=\"p1\">Flight 8 days \/ 7 nights<\/p>\t\t\t\t\t<\/div>\n\t\t\t\t\n\t\t\t\t\n\t\t\t\t\t\t\t<\/div>\n\t\t\t\t\t\t\t<a href=\"https:\/\/www.vivi-litalia.it\/en\/rundreise-kalabrien\/\" class=\"premium-banner-ib-link\"><\/a>\n\t\t\t\t\t<\/div>\n\n\t\t\t\t\t\t<\/div>\n\t\t\t\t<\/div>\n\t\t\t\t<\/div>\n\t\t<div class=\"elementor-element elementor-element-ccdd965 e-con-full e-flex e-con e-child\" data-id=\"ccdd965\" data-element_type=\"container\" data-e-type=\"container\">\n\t\t\t\t<div class=\"elementor-element elementor-element-b9ea885 elementor-widget elementor-widget-premium-addon-banner\" data-id=\"b9ea885\" data-element_type=\"widget\" data-e-type=\"widget\" data-widget_type=\"premium-addon-banner.default\">\n\t\t\t\t<div class=\"elementor-widget-container\">\n\t\t\t\t\t\t\t<div class=\"premium-banner-ib premium-banner-min-height premium-banner-animation1 blur premium-banner__effect-type2\">\n\t\t\t\t\t\t\t\t\t\t<img decoding=\"async\" width=\"1500\" height=\"996\" src=\"https:\/\/www.vivi-litalia.it\/wp-content\/uploads\/2025\/10\/4.jpg\" class=\"attachment-full size-full wp-image-3175\" alt=\"\" srcset=\"https:\/\/www.vivi-litalia.it\/wp-content\/uploads\/2025\/10\/4.jpg 1500w, https:\/\/www.vivi-litalia.it\/wp-content\/uploads\/2025\/10\/4-300x199.jpg 300w, https:\/\/www.vivi-litalia.it\/wp-content\/uploads\/2025\/10\/4-1024x680.jpg 1024w, https:\/\/www.vivi-litalia.it\/wp-content\/uploads\/2025\/10\/4-768x510.jpg 768w, https:\/\/www.vivi-litalia.it\/wp-content\/uploads\/2025\/10\/4-18x12.jpg 18w\" sizes=\"(max-width: 1500px) 100vw, 1500px\" \/>\t\t\t\t\t\t\t\t\t<div class=\"premium-banner-ib-desc\">\n\t\t\t\t\n\t\t\t\t\t\t\t\t\t<h3 class=\"premium-banner-ib-title premium_banner_title\">\n\t\t\t\t\t\tClassic Puglia\t\t\t\t\t<\/h3>\n\t\t\t\t\n\t\t\t\t\t\t\t\t\t<div class=\"premium-banner-ib-content premium_banner_content\">\n\t\t\t\t\t\t<p class=\"p1\">Round trip 8 days \/ 7 nights<\/p>\t\t\t\t\t<\/div>\n\t\t\t\t\n\t\t\t\t\n\t\t\t\t\t\t\t<\/div>\n\t\t\t\t\t\t\t<a href=\"https:\/\/www.vivi-litalia.it\/en\/klassisches-apulien\/\" class=\"premium-banner-ib-link\"><\/a>\n\t\t\t\t\t<\/div>\n\n\t\t\t\t\t\t<\/div>\n\t\t\t\t<\/div>\n\t\t\t\t<\/div>\n\t\t\t\t<\/div>\n\t\t\t\t<\/div>\n\t\t\t\t\t<\/div>\n\t\t\t\t<\/div>\n\t\t\t\t<\/div>","protected":false},"excerpt":{"rendered":"<p>Inseln Tour Entdecken Sie die \u00c4olischen Inseln: ein einzigartiges Archipel voller traumhafter Natur, antiker Mythen und mediterraner Lebensfreude. Von den schwarzen Str\u00e4nden Vulcanos bis zu den leuchtenden Kratern Strombolis, vorbei an den charmanten Orten von Lipari und den eleganten Gassen Panareas \u2013 jeder Stopp enth\u00fcllt eine neue Aspekte dieser faszinierenden Inselwelt. Erkunden Sie \u00fcppige Landschaften [&hellip;]<\/p>\n","protected":false},"author":1,"featured_media":0,"parent":0,"menu_order":0,"comment_status":"closed","ping_status":"closed","template":"","meta":{"footnotes":""},"class_list":["post-4177","page","type-page","status-publish","hentry"],"yoast_head":"<!-- This site is optimized with the Yoast SEO plugin v27.4 - https:\/\/yoast.com\/product\/yoast-seo-wordpress\/ -->\n<title>S\u00fcditalien entdecken \u2013 Kultur, Genuss &amp; Natur | Vivitalia<\/title>\n<meta name=\"description\" content=\"S\u00fcditalien entdecken \u2013 Kultur, Natur und Genuss erleben. Reisen Sie mit Vivitalia durch Italiens sonnigen S\u00fcden.\" \/>\n<meta name=\"robots\" content=\"index, follow, max-snippet:-1, max-image-preview:large, max-video-preview:-1\" \/>\n<link rel=\"canonical\" href=\"https:\/\/www.vivi-litalia.it\/en\/inseln\/\" \/>\n<meta property=\"og:locale\" content=\"en_GB\" \/>\n<meta property=\"og:type\" content=\"article\" \/>\n<meta property=\"og:title\" content=\"S\u00fcditalien entdecken \u2013 Kultur, Genuss &amp; Natur | Vivitalia\" \/>\n<meta property=\"og:description\" content=\"S\u00fcditalien entdecken \u2013 Kultur, Natur und Genuss erleben. Reisen Sie mit Vivitalia durch Italiens sonnigen S\u00fcden.\" \/>\n<meta property=\"og:url\" content=\"https:\/\/www.vivi-litalia.it\/en\/inseln\/\" \/>\n<meta property=\"og:site_name\" content=\"Vivi l&#039;Italia\" \/>\n<meta property=\"article:modified_time\" content=\"2025-12-11T11:47:46+00:00\" \/>\n<meta property=\"og:image\" content=\"https:\/\/www.vivi-litalia.it\/wp-content\/uploads\/2025\/09\/75695.jpg\" \/>\n\t<meta property=\"og:image:width\" content=\"1500\" \/>\n\t<meta property=\"og:image:height\" content=\"1000\" \/>\n\t<meta property=\"og:image:type\" content=\"image\/jpeg\" \/>\n<meta name=\"twitter:card\" content=\"summary_large_image\" \/>\n<meta name=\"twitter:label1\" content=\"Estimated reading time\" \/>\n\t<meta name=\"twitter:data1\" content=\"2 minutes\" \/>\n<script type=\"application\/ld+json\" class=\"yoast-schema-graph\">{\"@context\":\"https:\\\/\\\/schema.org\",\"@graph\":[{\"@type\":\"WebPage\",\"@id\":\"https:\\\/\\\/www.vivi-litalia.it\\\/inseln\\\/\",\"url\":\"https:\\\/\\\/www.vivi-litalia.it\\\/inseln\\\/\",\"name\":\"S\u00fcditalien entdecken \u2013 Kultur, Genuss & Natur | Vivitalia\",\"isPartOf\":{\"@id\":\"https:\\\/\\\/www.vivi-litalia.it\\\/#website\"},\"primaryImageOfPage\":{\"@id\":\"https:\\\/\\\/www.vivi-litalia.it\\\/inseln\\\/#primaryimage\"},\"image\":{\"@id\":\"https:\\\/\\\/www.vivi-litalia.it\\\/inseln\\\/#primaryimage\"},\"thumbnailUrl\":\"https:\\\/\\\/www.vivi-litalia.it\\\/wp-content\\\/uploads\\\/2025\\\/09\\\/75695.jpg\",\"datePublished\":\"2025-12-02T11:17:28+00:00\",\"dateModified\":\"2025-12-11T11:47:46+00:00\",\"description\":\"S\u00fcditalien entdecken \u2013 Kultur, Natur und Genuss erleben. Reisen Sie mit Vivitalia durch Italiens sonnigen S\u00fcden.\",\"breadcrumb\":{\"@id\":\"https:\\\/\\\/www.vivi-litalia.it\\\/inseln\\\/#breadcrumb\"},\"inLanguage\":\"en-GB\",\"potentialAction\":[{\"@type\":\"ReadAction\",\"target\":[\"https:\\\/\\\/www.vivi-litalia.it\\\/inseln\\\/\"]}]},{\"@type\":\"ImageObject\",\"inLanguage\":\"en-GB\",\"@id\":\"https:\\\/\\\/www.vivi-litalia.it\\\/inseln\\\/#primaryimage\",\"url\":\"https:\\\/\\\/www.vivi-litalia.it\\\/wp-content\\\/uploads\\\/2025\\\/09\\\/75695.jpg\",\"contentUrl\":\"https:\\\/\\\/www.vivi-litalia.it\\\/wp-content\\\/uploads\\\/2025\\\/09\\\/75695.jpg\"},{\"@type\":\"BreadcrumbList\",\"@id\":\"https:\\\/\\\/www.vivi-litalia.it\\\/inseln\\\/#breadcrumb\",\"itemListElement\":[{\"@type\":\"ListItem\",\"position\":1,\"name\":\"Startseite\",\"item\":\"https:\\\/\\\/www.vivi-litalia.it\\\/\"},{\"@type\":\"ListItem\",\"position\":2,\"name\":\"Inseln\"}]},{\"@type\":\"WebSite\",\"@id\":\"https:\\\/\\\/www.vivi-litalia.it\\\/#website\",\"url\":\"https:\\\/\\\/www.vivi-litalia.it\\\/\",\"name\":\"Vivi l'Italia\",\"description\":\"Italien Erleben\",\"publisher\":{\"@id\":\"https:\\\/\\\/www.vivi-litalia.it\\\/#organization\"},\"potentialAction\":[{\"@type\":\"SearchAction\",\"target\":{\"@type\":\"EntryPoint\",\"urlTemplate\":\"https:\\\/\\\/www.vivi-litalia.it\\\/?s={search_term_string}\"},\"query-input\":{\"@type\":\"PropertyValueSpecification\",\"valueRequired\":true,\"valueName\":\"search_term_string\"}}],\"inLanguage\":\"en-GB\"},{\"@type\":\"Organization\",\"@id\":\"https:\\\/\\\/www.vivi-litalia.it\\\/#organization\",\"name\":\"Vivi l'Italia\",\"url\":\"https:\\\/\\\/www.vivi-litalia.it\\\/\",\"logo\":{\"@type\":\"ImageObject\",\"inLanguage\":\"en-GB\",\"@id\":\"https:\\\/\\\/www.vivi-litalia.it\\\/#\\\/schema\\\/logo\\\/image\\\/\",\"url\":\"https:\\\/\\\/www.vivi-litalia.it\\\/wp-content\\\/uploads\\\/2025\\\/08\\\/Color-logo_no-background-1-scaled.png\",\"contentUrl\":\"https:\\\/\\\/www.vivi-litalia.it\\\/wp-content\\\/uploads\\\/2025\\\/08\\\/Color-logo_no-background-1-scaled.png\",\"width\":2560,\"height\":1186,\"caption\":\"Vivi l'Italia\"},\"image\":{\"@id\":\"https:\\\/\\\/www.vivi-litalia.it\\\/#\\\/schema\\\/logo\\\/image\\\/\"}}]}<\/script>\n<!-- \/ Yoast SEO plugin. -->","yoast_head_json":{"title":"S\u00fcditalien entdecken \u2013 Kultur, Genuss & Natur | Vivitalia","description":"S\u00fcditalien entdecken \u2013 Kultur, Natur und Genuss erleben. Reisen Sie mit Vivitalia durch Italiens sonnigen S\u00fcden.","robots":{"index":"index","follow":"follow","max-snippet":"max-snippet:-1","max-image-preview":"max-image-preview:large","max-video-preview":"max-video-preview:-1"},"canonical":"https:\/\/www.vivi-litalia.it\/en\/inseln\/","og_locale":"en_GB","og_type":"article","og_title":"S\u00fcditalien entdecken \u2013 Kultur, Genuss & Natur | Vivitalia","og_description":"S\u00fcditalien entdecken \u2013 Kultur, Natur und Genuss erleben. Reisen Sie mit Vivitalia durch Italiens sonnigen S\u00fcden.","og_url":"https:\/\/www.vivi-litalia.it\/en\/inseln\/","og_site_name":"Vivi l&#039;Italia","article_modified_time":"2025-12-11T11:47:46+00:00","og_image":[{"width":1500,"height":1000,"url":"https:\/\/www.vivi-litalia.it\/wp-content\/uploads\/2025\/09\/75695.jpg","type":"image\/jpeg"}],"twitter_card":"summary_large_image","twitter_misc":{"Estimated reading time":"2 minutes"},"schema":{"@context":"https:\/\/schema.org","@graph":[{"@type":"WebPage","@id":"https:\/\/www.vivi-litalia.it\/inseln\/","url":"https:\/\/www.vivi-litalia.it\/inseln\/","name":"S\u00fcditalien entdecken \u2013 Kultur, Genuss & Natur | Vivitalia","isPartOf":{"@id":"https:\/\/www.vivi-litalia.it\/#website"},"primaryImageOfPage":{"@id":"https:\/\/www.vivi-litalia.it\/inseln\/#primaryimage"},"image":{"@id":"https:\/\/www.vivi-litalia.it\/inseln\/#primaryimage"},"thumbnailUrl":"https:\/\/www.vivi-litalia.it\/wp-content\/uploads\/2025\/09\/75695.jpg","datePublished":"2025-12-02T11:17:28+00:00","dateModified":"2025-12-11T11:47:46+00:00","description":"S\u00fcditalien entdecken \u2013 Kultur, Natur und Genuss erleben. Reisen Sie mit Vivitalia durch Italiens sonnigen S\u00fcden.","breadcrumb":{"@id":"https:\/\/www.vivi-litalia.it\/inseln\/#breadcrumb"},"inLanguage":"en-GB","potentialAction":[{"@type":"ReadAction","target":["https:\/\/www.vivi-litalia.it\/inseln\/"]}]},{"@type":"ImageObject","inLanguage":"en-GB","@id":"https:\/\/www.vivi-litalia.it\/inseln\/#primaryimage","url":"https:\/\/www.vivi-litalia.it\/wp-content\/uploads\/2025\/09\/75695.jpg","contentUrl":"https:\/\/www.vivi-litalia.it\/wp-content\/uploads\/2025\/09\/75695.jpg"},{"@type":"BreadcrumbList","@id":"https:\/\/www.vivi-litalia.it\/inseln\/#breadcrumb","itemListElement":[{"@type":"ListItem","position":1,"name":"Startseite","item":"https:\/\/www.vivi-litalia.it\/"},{"@type":"ListItem","position":2,"name":"Inseln"}]},{"@type":"WebSite","@id":"https:\/\/www.vivi-litalia.it\/#website","url":"https:\/\/www.vivi-litalia.it\/","name":"Vivi l'Italia","description":"Italien Erleben","publisher":{"@id":"https:\/\/www.vivi-litalia.it\/#organization"},"potentialAction":[{"@type":"SearchAction","target":{"@type":"EntryPoint","urlTemplate":"https:\/\/www.vivi-litalia.it\/?s={search_term_string}"},"query-input":{"@type":"PropertyValueSpecification","valueRequired":true,"valueName":"search_term_string"}}],"inLanguage":"en-GB"},{"@type":"Organization","@id":"https:\/\/www.vivi-litalia.it\/#organization","name":"Vivi l'Italia","url":"https:\/\/www.vivi-litalia.it\/","logo":{"@type":"ImageObject","inLanguage":"en-GB","@id":"https:\/\/www.vivi-litalia.it\/#\/schema\/logo\/image\/","url":"https:\/\/www.vivi-litalia.it\/wp-content\/uploads\/2025\/08\/Color-logo_no-background-1-scaled.png","contentUrl":"https:\/\/www.vivi-litalia.it\/wp-content\/uploads\/2025\/08\/Color-logo_no-background-1-scaled.png","width":2560,"height":1186,"caption":"Vivi l'Italia"},"image":{"@id":"https:\/\/www.vivi-litalia.it\/#\/schema\/logo\/image\/"}}]}},"_links":{"self":[{"href":"https:\/\/www.vivi-litalia.it\/en\/wp-json\/wp\/v2\/pages\/4177","targetHints":{"allow":["GET"]}}],"collection":[{"href":"https:\/\/www.vivi-litalia.it\/en\/wp-json\/wp\/v2\/pages"}],"about":[{"href":"https:\/\/www.vivi-litalia.it\/en\/wp-json\/wp\/v2\/types\/page"}],"author":[{"embeddable":true,"href":"https:\/\/www.vivi-litalia.it\/en\/wp-json\/wp\/v2\/users\/1"}],"replies":[{"embeddable":true,"href":"https:\/\/www.vivi-litalia.it\/en\/wp-json\/wp\/v2\/comments?post=4177"}],"version-history":[{"count":13,"href":"https:\/\/www.vivi-litalia.it\/en\/wp-json\/wp\/v2\/pages\/4177\/revisions"}],"predecessor-version":[{"id":4259,"href":"https:\/\/www.vivi-litalia.it\/en\/wp-json\/wp\/v2\/pages\/4177\/revisions\/4259"}],"wp:attachment":[{"href":"https:\/\/www.vivi-litalia.it\/en\/wp-json\/wp\/v2\/media?parent=4177"}],"curies":[{"name":"wp","href":"https:\/\/api.w.org\/{rel}","templated":true}]}}