{"id":939,"date":"2025-09-09T07:15:22","date_gmt":"2025-09-09T07:15:22","guid":{"rendered":"https:\/\/www.vivi-litalia.it\/?page_id=939"},"modified":"2025-12-11T11:39:55","modified_gmt":"2025-12-11T11:39:55","slug":"norditalien","status":"publish","type":"page","link":"https:\/\/www.vivi-litalia.it\/en\/norditalien\/","title":{"rendered":"Northern Italy"},"content":{"rendered":"<div data-elementor-type=\"wp-page\" data-elementor-id=\"939\" class=\"elementor elementor-939\" data-elementor-post-type=\"page\">\n\t\t\t\t<div class=\"elementor-element elementor-element-1321d73 e-con-full e-flex e-con e-parent\" data-id=\"1321d73\" data-element_type=\"container\" data-e-type=\"container\" data-settings=\"{&quot;background_background&quot;:&quot;classic&quot;}\">\n\t\t<div class=\"elementor-element elementor-element-4cf4f36 e-con-full e-flex e-con e-child\" data-id=\"4cf4f36\" data-element_type=\"container\" data-e-type=\"container\" data-settings=\"{&quot;background_background&quot;:&quot;classic&quot;}\">\n\t\t\t\t<\/div>\n\t\t\t\t<\/div>\n\t\t<div class=\"elementor-element elementor-element-0cc503e e-flex e-con-boxed e-con e-parent\" data-id=\"0cc503e\" data-element_type=\"container\" data-e-type=\"container\">\n\t\t\t\t\t<div class=\"e-con-inner\">\n\t\t<div class=\"elementor-element elementor-element-0483297 e-con-full e-flex e-con e-child\" data-id=\"0483297\" data-element_type=\"container\" data-e-type=\"container\">\n\t\t\t\t<div class=\"elementor-element elementor-element-1eec30d elementor-widget elementor-widget-heading\" data-id=\"1eec30d\" data-element_type=\"widget\" data-e-type=\"widget\" data-widget_type=\"heading.default\">\n\t\t\t\t<div class=\"elementor-widget-container\">\n\t\t\t\t\t<h1 class=\"elementor-heading-title elementor-size-default\">Norditalien Tour<\/h1>\t\t\t\t<\/div>\n\t\t\t\t<\/div>\n\t\t\t\t<div class=\"elementor-element elementor-element-b137041 elementor-widget__width-initial elementor-widget elementor-widget-text-editor\" data-id=\"b137041\" data-element_type=\"widget\" data-e-type=\"widget\" data-widget_type=\"text-editor.default\">\n\t\t\t\t<div class=\"elementor-widget-container\">\n\t\t\t\t\t\t\t\t\t<p>Discover Northern Italy: a land rich in culture, spectacular landscapes, and timeless culinary traditions. From the Alps to the Cinque Terre, passing through art cities like Milan, Turin, Verona, and Bologna\u2014every stop reveals history and beauty. Discover picturesque villages, vineyards, and famous lakes like Lake Garda and Lake Como outside the Dolomites. Savor the authentic flavors of Northern Italy: risotto, Parmigiano Reggiano, Parma ham, and homemade ice cream. A journey through art, nature, and gastronomy in Northern Italy, one of Europe's most fascinating destinations.<\/p>\t\t\t\t\t\t\t\t<\/div>\n\t\t\t\t<\/div>\n\t\t<div class=\"elementor-element elementor-element-a20d3da e-con-full e-flex e-con e-child\" data-id=\"a20d3da\" data-element_type=\"container\" data-e-type=\"container\">\n\t\t<div class=\"elementor-element elementor-element-b2a88cb e-con-full e-flex e-con e-child\" data-id=\"b2a88cb\" data-element_type=\"container\" data-e-type=\"container\">\n\t\t\t\t<div class=\"elementor-element elementor-element-fd5781d elementor-widget elementor-widget-premium-addon-banner\" data-id=\"fd5781d\" data-element_type=\"widget\" data-e-type=\"widget\" data-widget_type=\"premium-addon-banner.default\">\n\t\t\t\t<div class=\"elementor-widget-container\">\n\t\t\t\t\t\t\t<div class=\"premium-banner-ib premium-banner-min-height premium-banner-animation1 blur premium-banner__effect-type2\">\n\t\t\t\t\t\t\t\t\t\t<img fetchpriority=\"high\" decoding=\"async\" width=\"1500\" height=\"1001\" src=\"https:\/\/www.vivi-litalia.it\/wp-content\/uploads\/2025\/10\/25205262.jpg\" class=\"attachment-full size-full wp-image-2702\" alt=\"\" srcset=\"https:\/\/www.vivi-litalia.it\/wp-content\/uploads\/2025\/10\/25205262.jpg 1500w, https:\/\/www.vivi-litalia.it\/wp-content\/uploads\/2025\/10\/25205262-300x200.jpg 300w, https:\/\/www.vivi-litalia.it\/wp-content\/uploads\/2025\/10\/25205262-1024x683.jpg 1024w, https:\/\/www.vivi-litalia.it\/wp-content\/uploads\/2025\/10\/25205262-768x513.jpg 768w, https:\/\/www.vivi-litalia.it\/wp-content\/uploads\/2025\/10\/25205262-18x12.jpg 18w\" sizes=\"(max-width: 1500px) 100vw, 1500px\" \/>\t\t\t\t\t\t\t\t\t<div class=\"premium-banner-ib-desc\">\n\t\t\t\t\n\t\t\t\t\t\t\t\t\t<h3 class=\"premium-banner-ib-title premium_banner_title\">\n\t\t\t\t\t\tAosta Valley and Piedmont: Art, Nature, Fine Wines and Truffles\t\t\t\t\t<\/h3>\n\t\t\t\t\n\t\t\t\t\t\t\t\t\t<div class=\"premium-banner-ib-content premium_banner_content\">\n\t\t\t\t\t\t<p class=\"p1\">Round trip 7 days\/ 6 nights<\/p>\t\t\t\t\t<\/div>\n\t\t\t\t\n\t\t\t\t\n\t\t\t\t\t\t\t<\/div>\n\t\t\t\t\t\t\t<a href=\"https:\/\/www.vivi-litalia.it\/en\/aosta-tal-und-piemont-kunst-natur-edle-weine-und-trueffel\/\" class=\"premium-banner-ib-link\"><\/a>\n\t\t\t\t\t<\/div>\n\n\t\t\t\t\t\t<\/div>\n\t\t\t\t<\/div>\n\t\t\t\t<\/div>\n\t\t<div class=\"elementor-element elementor-element-7dce286 e-con-full e-flex e-con e-child\" data-id=\"7dce286\" data-element_type=\"container\" data-e-type=\"container\">\n\t\t\t\t<div class=\"elementor-element elementor-element-48f8ed9 elementor-widget elementor-widget-premium-addon-banner\" data-id=\"48f8ed9\" data-element_type=\"widget\" data-e-type=\"widget\" data-widget_type=\"premium-addon-banner.default\">\n\t\t\t\t<div class=\"elementor-widget-container\">\n\t\t\t\t\t\t\t<div class=\"premium-banner-ib premium-banner-min-height premium-banner-animation1 blur premium-banner__effect-type2\">\n\t\t\t\t\t\t\t\t\t\t<img decoding=\"async\" width=\"1500\" height=\"1000\" src=\"https:\/\/www.vivi-litalia.it\/wp-content\/uploads\/2025\/10\/148497.jpg\" class=\"attachment-full size-full wp-image-3188\" alt=\"\" srcset=\"https:\/\/www.vivi-litalia.it\/wp-content\/uploads\/2025\/10\/148497.jpg 1500w, https:\/\/www.vivi-litalia.it\/wp-content\/uploads\/2025\/10\/148497-300x200.jpg 300w, https:\/\/www.vivi-litalia.it\/wp-content\/uploads\/2025\/10\/148497-1024x683.jpg 1024w, https:\/\/www.vivi-litalia.it\/wp-content\/uploads\/2025\/10\/148497-768x512.jpg 768w, https:\/\/www.vivi-litalia.it\/wp-content\/uploads\/2025\/10\/148497-18x12.jpg 18w\" sizes=\"(max-width: 1500px) 100vw, 1500px\" \/>\t\t\t\t\t\t\t\t\t<div class=\"premium-banner-ib-desc\">\n\t\t\t\t\n\t\t\t\t\t\t\t\t\t<h3 class=\"premium-banner-ib-title premium_banner_title\">\n\t\t\t\t\t\tClassic Piedmont\t\t\t\t\t<\/h3>\n\t\t\t\t\n\t\t\t\t\t\t\t\t\t<div class=\"premium-banner-ib-content premium_banner_content\">\n\t\t\t\t\t\t<p class=\"p1\">Site stay 7 days \/ 6 nights<\/p>\t\t\t\t\t<\/div>\n\t\t\t\t\n\t\t\t\t\n\t\t\t\t\t\t\t<\/div>\n\t\t\t\t\t\t\t<a href=\"https:\/\/www.vivi-litalia.it\/en\/klassisches-piemont\/\" class=\"premium-banner-ib-link\"><\/a>\n\t\t\t\t\t<\/div>\n\n\t\t\t\t\t\t<\/div>\n\t\t\t\t<\/div>\n\t\t\t\t<\/div>\n\t\t<div class=\"elementor-element elementor-element-b4fd1b0 e-con-full e-flex e-con e-child\" data-id=\"b4fd1b0\" data-element_type=\"container\" data-e-type=\"container\">\n\t\t\t\t<div class=\"elementor-element elementor-element-86ea04f elementor-widget elementor-widget-premium-addon-banner\" data-id=\"86ea04f\" data-element_type=\"widget\" data-e-type=\"widget\" data-widget_type=\"premium-addon-banner.default\">\n\t\t\t\t<div class=\"elementor-widget-container\">\n\t\t\t\t\t\t\t<div class=\"premium-banner-ib premium-banner-min-height premium-banner-animation1 blur premium-banner__effect-type2\">\n\t\t\t\t\t\t\t\t\t\t<img decoding=\"async\" width=\"1500\" height=\"843\" src=\"https:\/\/www.vivi-litalia.it\/wp-content\/uploads\/2025\/09\/2148346091.jpg\" class=\"attachment-full size-full wp-image-1527\" alt=\"\" srcset=\"https:\/\/www.vivi-litalia.it\/wp-content\/uploads\/2025\/09\/2148346091.jpg 1500w, https:\/\/www.vivi-litalia.it\/wp-content\/uploads\/2025\/09\/2148346091-300x169.jpg 300w, https:\/\/www.vivi-litalia.it\/wp-content\/uploads\/2025\/09\/2148346091-1024x575.jpg 1024w, https:\/\/www.vivi-litalia.it\/wp-content\/uploads\/2025\/09\/2148346091-768x432.jpg 768w, https:\/\/www.vivi-litalia.it\/wp-content\/uploads\/2025\/09\/2148346091-18x10.jpg 18w\" sizes=\"(max-width: 1500px) 100vw, 1500px\" \/>\t\t\t\t\t\t\t\t\t<div class=\"premium-banner-ib-desc\">\n\t\t\t\t\n\t\t\t\t\t\t\t\t\t<h3 class=\"premium-banner-ib-title premium_banner_title\">\n\t\t\t\t\t\tArt and culture in Tuscany\t\t\t\t\t<\/h3>\n\t\t\t\t\n\t\t\t\t\t\t\t\t\t<div class=\"premium-banner-ib-content premium_banner_content\">\n\t\t\t\t\t\t<p class=\"p1\">Site stay 7 days \/ 6 nights<\/p>\t\t\t\t\t<\/div>\n\t\t\t\t\n\t\t\t\t\n\t\t\t\t\t\t\t<\/div>\n\t\t\t\t\t\t\t<a href=\"https:\/\/www.vivi-litalia.it\/en\/kunst-und-kultur-in-der-toskana\/\" class=\"premium-banner-ib-link\"><\/a>\n\t\t\t\t\t<\/div>\n\n\t\t\t\t\t\t<\/div>\n\t\t\t\t<\/div>\n\t\t\t\t<\/div>\n\t\t\t\t<\/div>\n\t\t\t\t<\/div>\n\t\t\t\t\t<\/div>\n\t\t\t\t<\/div>\n\t\t\t\t<\/div>","protected":false},"excerpt":{"rendered":"<p>Norditalien Tour Entdecken Sie Norditalien: ein Land voller Kultur, spektakul\u00e4rer Landschaften und zeitloser kulinarischer Traditionen. Von den Alpen bis zu den Cinque Terre, vorbei an Kunstst\u00e4dten wie Mailand, Turin, Verona und Bologna \u2013 jeder Halt offenbart Geschichte und Sch\u00f6nheit. Entdecken Sie malerische D\u00f6rfer, Weinberge und ber\u00fchmte Seen wie den Gardasee und den Comer See au\u00dferhalb [&hellip;]<\/p>\n","protected":false},"author":1,"featured_media":0,"parent":0,"menu_order":0,"comment_status":"closed","ping_status":"closed","template":"","meta":{"footnotes":""},"class_list":["post-939","page","type-page","status-publish","hentry"],"yoast_head":"<!-- This site is optimized with the Yoast SEO plugin v27.4 - https:\/\/yoast.com\/product\/yoast-seo-wordpress\/ -->\n<title>Norditalien entdecken \u2013 Kultur, Natur &amp; Genuss | Vivitalia<\/title>\n<meta name=\"description\" content=\"Norditalien entdecken \u2013 erleben Sie Kultur, Natur und Gastronomie. Eine unvergessliche Reise durch Italiens faszinierenden Norden.\" \/>\n<meta name=\"robots\" content=\"index, follow, max-snippet:-1, max-image-preview:large, max-video-preview:-1\" \/>\n<link rel=\"canonical\" href=\"https:\/\/www.vivi-litalia.it\/en\/norditalien\/\" \/>\n<meta property=\"og:locale\" content=\"en_GB\" \/>\n<meta property=\"og:type\" content=\"article\" \/>\n<meta property=\"og:title\" content=\"Norditalien entdecken \u2013 Kultur, Natur &amp; Genuss | Vivitalia\" \/>\n<meta property=\"og:description\" content=\"Norditalien entdecken \u2013 erleben Sie Kultur, Natur und Gastronomie. Eine unvergessliche Reise durch Italiens faszinierenden Norden.\" \/>\n<meta property=\"og:url\" content=\"https:\/\/www.vivi-litalia.it\/en\/norditalien\/\" \/>\n<meta property=\"og:site_name\" content=\"Vivi l&#039;Italia\" \/>\n<meta property=\"article:modified_time\" content=\"2025-12-11T11:39:55+00:00\" \/>\n<meta property=\"og:image\" content=\"https:\/\/www.vivi-litalia.it\/wp-content\/uploads\/2025\/10\/25205262.jpg\" \/>\n\t<meta property=\"og:image:width\" content=\"1500\" \/>\n\t<meta property=\"og:image:height\" content=\"1001\" \/>\n\t<meta property=\"og:image:type\" content=\"image\/jpeg\" \/>\n<meta name=\"twitter:card\" content=\"summary_large_image\" \/>\n<meta name=\"twitter:label1\" content=\"Estimated reading time\" \/>\n\t<meta name=\"twitter:data1\" content=\"2 minutes\" \/>\n<script type=\"application\/ld+json\" class=\"yoast-schema-graph\">{\"@context\":\"https:\\\/\\\/schema.org\",\"@graph\":[{\"@type\":\"WebPage\",\"@id\":\"https:\\\/\\\/www.vivi-litalia.it\\\/norditalien\\\/\",\"url\":\"https:\\\/\\\/www.vivi-litalia.it\\\/norditalien\\\/\",\"name\":\"Norditalien entdecken \u2013 Kultur, Natur & Genuss | Vivitalia\",\"isPartOf\":{\"@id\":\"https:\\\/\\\/www.vivi-litalia.it\\\/#website\"},\"primaryImageOfPage\":{\"@id\":\"https:\\\/\\\/www.vivi-litalia.it\\\/norditalien\\\/#primaryimage\"},\"image\":{\"@id\":\"https:\\\/\\\/www.vivi-litalia.it\\\/norditalien\\\/#primaryimage\"},\"thumbnailUrl\":\"https:\\\/\\\/www.vivi-litalia.it\\\/wp-content\\\/uploads\\\/2025\\\/10\\\/25205262.jpg\",\"datePublished\":\"2025-09-09T07:15:22+00:00\",\"dateModified\":\"2025-12-11T11:39:55+00:00\",\"description\":\"Norditalien entdecken \u2013 erleben Sie Kultur, Natur und Gastronomie. Eine unvergessliche Reise durch Italiens faszinierenden Norden.\",\"breadcrumb\":{\"@id\":\"https:\\\/\\\/www.vivi-litalia.it\\\/norditalien\\\/#breadcrumb\"},\"inLanguage\":\"en-GB\",\"potentialAction\":[{\"@type\":\"ReadAction\",\"target\":[\"https:\\\/\\\/www.vivi-litalia.it\\\/norditalien\\\/\"]}]},{\"@type\":\"ImageObject\",\"inLanguage\":\"en-GB\",\"@id\":\"https:\\\/\\\/www.vivi-litalia.it\\\/norditalien\\\/#primaryimage\",\"url\":\"https:\\\/\\\/www.vivi-litalia.it\\\/wp-content\\\/uploads\\\/2025\\\/10\\\/25205262.jpg\",\"contentUrl\":\"https:\\\/\\\/www.vivi-litalia.it\\\/wp-content\\\/uploads\\\/2025\\\/10\\\/25205262.jpg\"},{\"@type\":\"BreadcrumbList\",\"@id\":\"https:\\\/\\\/www.vivi-litalia.it\\\/norditalien\\\/#breadcrumb\",\"itemListElement\":[{\"@type\":\"ListItem\",\"position\":1,\"name\":\"Startseite\",\"item\":\"https:\\\/\\\/www.vivi-litalia.it\\\/\"},{\"@type\":\"ListItem\",\"position\":2,\"name\":\"Norditalien\"}]},{\"@type\":\"WebSite\",\"@id\":\"https:\\\/\\\/www.vivi-litalia.it\\\/#website\",\"url\":\"https:\\\/\\\/www.vivi-litalia.it\\\/\",\"name\":\"Vivi l'Italia\",\"description\":\"Italien Erleben\",\"publisher\":{\"@id\":\"https:\\\/\\\/www.vivi-litalia.it\\\/#organization\"},\"potentialAction\":[{\"@type\":\"SearchAction\",\"target\":{\"@type\":\"EntryPoint\",\"urlTemplate\":\"https:\\\/\\\/www.vivi-litalia.it\\\/?s={search_term_string}\"},\"query-input\":{\"@type\":\"PropertyValueSpecification\",\"valueRequired\":true,\"valueName\":\"search_term_string\"}}],\"inLanguage\":\"en-GB\"},{\"@type\":\"Organization\",\"@id\":\"https:\\\/\\\/www.vivi-litalia.it\\\/#organization\",\"name\":\"Vivi l'Italia\",\"url\":\"https:\\\/\\\/www.vivi-litalia.it\\\/\",\"logo\":{\"@type\":\"ImageObject\",\"inLanguage\":\"en-GB\",\"@id\":\"https:\\\/\\\/www.vivi-litalia.it\\\/#\\\/schema\\\/logo\\\/image\\\/\",\"url\":\"https:\\\/\\\/www.vivi-litalia.it\\\/wp-content\\\/uploads\\\/2025\\\/08\\\/Color-logo_no-background-1-scaled.png\",\"contentUrl\":\"https:\\\/\\\/www.vivi-litalia.it\\\/wp-content\\\/uploads\\\/2025\\\/08\\\/Color-logo_no-background-1-scaled.png\",\"width\":2560,\"height\":1186,\"caption\":\"Vivi l'Italia\"},\"image\":{\"@id\":\"https:\\\/\\\/www.vivi-litalia.it\\\/#\\\/schema\\\/logo\\\/image\\\/\"}}]}<\/script>\n<!-- \/ Yoast SEO plugin. -->","yoast_head_json":{"title":"Norditalien entdecken \u2013 Kultur, Natur & Genuss | Vivitalia","description":"Norditalien entdecken \u2013 erleben Sie Kultur, Natur und Gastronomie. Eine unvergessliche Reise durch Italiens faszinierenden Norden.","robots":{"index":"index","follow":"follow","max-snippet":"max-snippet:-1","max-image-preview":"max-image-preview:large","max-video-preview":"max-video-preview:-1"},"canonical":"https:\/\/www.vivi-litalia.it\/en\/norditalien\/","og_locale":"en_GB","og_type":"article","og_title":"Norditalien entdecken \u2013 Kultur, Natur & Genuss | Vivitalia","og_description":"Norditalien entdecken \u2013 erleben Sie Kultur, Natur und Gastronomie. Eine unvergessliche Reise durch Italiens faszinierenden Norden.","og_url":"https:\/\/www.vivi-litalia.it\/en\/norditalien\/","og_site_name":"Vivi l&#039;Italia","article_modified_time":"2025-12-11T11:39:55+00:00","og_image":[{"width":1500,"height":1001,"url":"https:\/\/www.vivi-litalia.it\/wp-content\/uploads\/2025\/10\/25205262.jpg","type":"image\/jpeg"}],"twitter_card":"summary_large_image","twitter_misc":{"Estimated reading time":"2 minutes"},"schema":{"@context":"https:\/\/schema.org","@graph":[{"@type":"WebPage","@id":"https:\/\/www.vivi-litalia.it\/norditalien\/","url":"https:\/\/www.vivi-litalia.it\/norditalien\/","name":"Norditalien entdecken \u2013 Kultur, Natur & Genuss | Vivitalia","isPartOf":{"@id":"https:\/\/www.vivi-litalia.it\/#website"},"primaryImageOfPage":{"@id":"https:\/\/www.vivi-litalia.it\/norditalien\/#primaryimage"},"image":{"@id":"https:\/\/www.vivi-litalia.it\/norditalien\/#primaryimage"},"thumbnailUrl":"https:\/\/www.vivi-litalia.it\/wp-content\/uploads\/2025\/10\/25205262.jpg","datePublished":"2025-09-09T07:15:22+00:00","dateModified":"2025-12-11T11:39:55+00:00","description":"Norditalien entdecken \u2013 erleben Sie Kultur, Natur und Gastronomie. Eine unvergessliche Reise durch Italiens faszinierenden Norden.","breadcrumb":{"@id":"https:\/\/www.vivi-litalia.it\/norditalien\/#breadcrumb"},"inLanguage":"en-GB","potentialAction":[{"@type":"ReadAction","target":["https:\/\/www.vivi-litalia.it\/norditalien\/"]}]},{"@type":"ImageObject","inLanguage":"en-GB","@id":"https:\/\/www.vivi-litalia.it\/norditalien\/#primaryimage","url":"https:\/\/www.vivi-litalia.it\/wp-content\/uploads\/2025\/10\/25205262.jpg","contentUrl":"https:\/\/www.vivi-litalia.it\/wp-content\/uploads\/2025\/10\/25205262.jpg"},{"@type":"BreadcrumbList","@id":"https:\/\/www.vivi-litalia.it\/norditalien\/#breadcrumb","itemListElement":[{"@type":"ListItem","position":1,"name":"Startseite","item":"https:\/\/www.vivi-litalia.it\/"},{"@type":"ListItem","position":2,"name":"Norditalien"}]},{"@type":"WebSite","@id":"https:\/\/www.vivi-litalia.it\/#website","url":"https:\/\/www.vivi-litalia.it\/","name":"Vivi l'Italia","description":"Italien Erleben","publisher":{"@id":"https:\/\/www.vivi-litalia.it\/#organization"},"potentialAction":[{"@type":"SearchAction","target":{"@type":"EntryPoint","urlTemplate":"https:\/\/www.vivi-litalia.it\/?s={search_term_string}"},"query-input":{"@type":"PropertyValueSpecification","valueRequired":true,"valueName":"search_term_string"}}],"inLanguage":"en-GB"},{"@type":"Organization","@id":"https:\/\/www.vivi-litalia.it\/#organization","name":"Vivi l'Italia","url":"https:\/\/www.vivi-litalia.it\/","logo":{"@type":"ImageObject","inLanguage":"en-GB","@id":"https:\/\/www.vivi-litalia.it\/#\/schema\/logo\/image\/","url":"https:\/\/www.vivi-litalia.it\/wp-content\/uploads\/2025\/08\/Color-logo_no-background-1-scaled.png","contentUrl":"https:\/\/www.vivi-litalia.it\/wp-content\/uploads\/2025\/08\/Color-logo_no-background-1-scaled.png","width":2560,"height":1186,"caption":"Vivi l'Italia"},"image":{"@id":"https:\/\/www.vivi-litalia.it\/#\/schema\/logo\/image\/"}}]}},"_links":{"self":[{"href":"https:\/\/www.vivi-litalia.it\/en\/wp-json\/wp\/v2\/pages\/939","targetHints":{"allow":["GET"]}}],"collection":[{"href":"https:\/\/www.vivi-litalia.it\/en\/wp-json\/wp\/v2\/pages"}],"about":[{"href":"https:\/\/www.vivi-litalia.it\/en\/wp-json\/wp\/v2\/types\/page"}],"author":[{"embeddable":true,"href":"https:\/\/www.vivi-litalia.it\/en\/wp-json\/wp\/v2\/users\/1"}],"replies":[{"embeddable":true,"href":"https:\/\/www.vivi-litalia.it\/en\/wp-json\/wp\/v2\/comments?post=939"}],"version-history":[{"count":109,"href":"https:\/\/www.vivi-litalia.it\/en\/wp-json\/wp\/v2\/pages\/939\/revisions"}],"predecessor-version":[{"id":4229,"href":"https:\/\/www.vivi-litalia.it\/en\/wp-json\/wp\/v2\/pages\/939\/revisions\/4229"}],"wp:attachment":[{"href":"https:\/\/www.vivi-litalia.it\/en\/wp-json\/wp\/v2\/media?parent=939"}],"curies":[{"name":"wp","href":"https:\/\/api.w.org\/{rel}","templated":true}]}}